{"id":376,"date":"2024-05-24T02:12:13","date_gmt":"2024-05-24T02:12:13","guid":{"rendered":"https:\/\/upbeat-ritchie.109-205-182-233.plesk.page\/contact\/"},"modified":"2025-12-09T14:01:20","modified_gmt":"2025-12-09T13:01:20","slug":"kontakt","status":"publish","type":"page","link":"https:\/\/hrncirskydvurzviretice.cz\/de\/kontakt\/","title":{"rendered":"Kontakt"},"content":{"rendered":"<div class=\"wp-block-uagb-container uagb-block-6713fa98 alignfull uagb-is-root-container\"><div class=\"uagb-container-inner-blocks-wrap\">\n<div class=\"wp-block-uagb-info-box uagb-block-706f8de3 uagb-infobox__content-wrap  uagb-infobox-icon-above-title uagb-infobox-image-valign-top\"><div class=\"uagb-ifb-content\"><div class=\"uagb-ifb-title-wrap\"><h1 class=\"uagb-ifb-title\">Kontakt<\/h1><\/div><p class=\"uagb-ifb-desc\">Setzen Sie sich mit uns in Verbindung, wir beantworten gerne alle Ihre Fragen und hei\u00dfen Sie in Zv\u00ed\u0159etice willkommen!<\/p><\/div><\/div>\n<\/div><\/div>\n\n\n\n<div class=\"wp-block-uagb-container uagb-block-5f66b160 alignfull uagb-is-root-container\"><div class=\"uagb-container-inner-blocks-wrap\">\n<div class=\"wp-block-uagb-info-box uagb-block-335d7b38 uagb-infobox__content-wrap  uagb-infobox-icon-above-title uagb-infobox-image-valign-top\"><div class=\"uagb-ifb-content\"><div class=\"uagb-ifb-title-wrap\"><span class=\"uagb-ifb-title-prefix\"><strong> Wo k\u00f6nnen Sie uns finden?<\/strong><\/span><h2 class=\"uagb-ifb-title\">Zvi\u0159etice 5, Bakov nad Jizerou, Tschechische Republik<\/h2><\/div><p class=\"uagb-ifb-desc\"><strong>Auto<\/strong>15 Minuten von Mlad\u00e1 Boleslav, 35 Minuten von Liberec, 60 Minuten von Prag<br><br><strong>Bus<\/strong>: Haltestelle Bakov nad Jizerou, Zv\u00ed\u0159etice<br><br><strong>Zug<\/strong>Bahnhof Bakov nad Jizerou<br><br><strong>ACHTUNG! Wir haben einen neuen in der N\u00e4he des T\u00f6pferhofs Zv\u00ed\u0159etice gebaut <a href=\"https:\/\/hrncirskydvurzviretice.cz\/de\/parkoviste\/\">Parken<\/a>. Bitte parken Sie nicht auf Privatgrundst\u00fccken oder in Parkverbotszonen, da dies mit einem Bu\u00dfgeld geahndet werden kann. <\/strong><\/p><\/div><\/div>\n\n\n\n<div class=\"wp-block-uagb-info-box uagb-block-dc92158a uagb-infobox__content-wrap  uagb-infobox-icon-above-title uagb-infobox-image-valign-top\"><div class=\"uagb-ifb-content\"><div class=\"uagb-ifb-title-wrap\"><span class=\"uagb-ifb-title-prefix\"><strong><strong>Nehmen Sie Kontakt mit uns auf<\/strong><\/strong><\/span><p class=\"uagb-ifb-title\">+420 778 973 844<\/p><\/div><p class=\"uagb-ifb-desc\">info@hrncirskydvurzviretice.cz<br><br>M\u00e1te vlastn\u00ed p\u0159edstavu o keramice, p\u0159em\u00fd\u0161l\u00edte nad origin\u00e1ln\u00ed v\u00fdzdobou, firemn\u00edmi d\u00e1rky nebo pot\u0159ebujete n\u011bco vyrobit na m\u00edru?<br>R\u00e1di v\u00e1m vyjdeme vst\u0159\u00edc \u2013 sta\u010d\u00ed kontaktovat kolegyni M\u00ed\u0161u <br><strong>+420\u00a0721\u00a0238\u00a0431<\/strong><\/p><\/div><\/div>\n<\/div><\/div>\n\n\n\n<div class=\"wp-block-uagb-container uagb-block-75f8696e alignfull uagb-is-root-container\">\n<div class=\"wp-block-uagb-image alignright uagb-block-b553a09b wp-block-uagb-image--layout-default wp-block-uagb-image--effect-static wp-block-uagb-image--align-right uag-hide-mob\"><figure class=\"wp-block-uagb-image__figure\"><img decoding=\"async\" srcset=\"https:\/\/hrncirskydvurzviretice.cz\/wp-content\/uploads\/2020\/07\/plate-of-cookie-with-strawberry-300x300.png \" sizes=\"auto, (max-width: 480px) 150px\" src=\"https:\/\/hrncirskydvurzviretice.cz\/wp-content\/uploads\/2020\/07\/plate-of-cookie-with-strawberry-300x300.png\" alt=\"\" class=\"uag-image-123\" width=\"300\" height=\"300\" title=\"\" loading=\"lazy\" role=\"img\"\/><\/figure><\/div>\n<\/div>\n\n\n\n<div class=\"wp-block-uagb-container uagb-block-3d7db23a alignfull uagb-is-root-container\">\n<div class=\"wp-block-uagb-container uagb-block-ea10c663\">\t\t\t<div \n\t\t\tclass=\"wp-block-uagb-google-map uagb-google-map__wrap uagb-block-234c2ab1\"\n\t\t\tstyle=\"\" >\n\t\t\t\t<embed\n\t\t\t\t\tclass=\"uagb-google-map__iframe\"\n\t\t\t\t\ttitle=\"Google Map for \"\n\t\t\t\t\tsrc=\"https:\/\/maps.google.com\/maps?q=%20Zv%C3%AD%C5%99etice%205%2C%20294%2001%20Bakov%20nad%20Jizerou&#038;z=16&#038;hl=cs&#038;t=m&#038;output=embed&#038;iwloc=near\"\n\t\t\t\t\twidth=\"640\"\n\t\t\t\t\theight=\"680\"\n\t\t\t\t\tloading=\"lazy\"\n\t\t\t\t><\/embed>\n\t\t\t<\/div>\n\t\t\t<\/div>\n\n\n\n<div class=\"wp-block-uagb-container uagb-block-fe3ccb3a\">\n<div class=\"wp-block-uagb-advanced-heading uagb-block-22d9fda4\"><h3 class=\"uagb-heading-text\">Senden Sie uns eine Nachricht<\/h3><p class=\"uagb-desc-text\">Haben Sie eine Frage oder einen Kommentar? Schreiben Sie uns \u00fcber das einfache Formular. Wir werden versuchen, umgehend zu antworten. Deine T\u00f6pferei in Zv\u00ed\u0159etice<\/p><\/div>\n\n\n\n<div class=\"wp-block-contact-form-7-contact-form-selector\">\n<div class=\"wpcf7 no-js\" id=\"wpcf7-f5-o1\" lang=\"cs-CZ\" dir=\"ltr\" data-wpcf7-id=\"5\">\n<div class=\"screen-reader-response\"><p role=\"status\" aria-live=\"polite\" aria-atomic=\"true\"><\/p> <ul><\/ul><\/div>\n<form action=\"\/de\/wp-json\/wp\/v2\/pages\/376#wpcf7-f5-o1\" method=\"post\" class=\"wpcf7-form init\" aria-label=\"Kontakt-Formular\" novalidate=\"novalidate\" data-status=\"init\" data-trp-original-action=\"\/de\/wp-json\/wp\/v2\/pages\/376#wpcf7-f5-o1\">\n<fieldset class=\"hidden-fields-container\"><input type=\"hidden\" name=\"_wpcf7\" value=\"5\" \/><input type=\"hidden\" name=\"_wpcf7_version\" value=\"6.1.5\" \/><input type=\"hidden\" name=\"_wpcf7_locale\" value=\"cs_CZ\" \/><input type=\"hidden\" name=\"_wpcf7_unit_tag\" value=\"wpcf7-f5-o1\" \/><input type=\"hidden\" name=\"_wpcf7_container_post\" value=\"0\" \/><input type=\"hidden\" name=\"_wpcf7_posted_data_hash\" value=\"\" \/>\n<\/fieldset>\n<p><span class=\"wpcf7-form-control-wrap\" data-name=\"your-name\"><input size=\"40\" maxlength=\"400\" class=\"wpcf7-form-control wpcf7-text wpcf7-validates-as-required\" autocomplete=\"name\" aria-required=\"true\" aria-invalid=\"false\" placeholder=\"Name\" value=\"\" type=\"text\" name=\"your-name\" \/><\/span>\n<\/p>\n<p><span class=\"wpcf7-form-control-wrap\" data-name=\"your-email\"><input size=\"40\" maxlength=\"400\" class=\"wpcf7-form-control wpcf7-email wpcf7-validates-as-required wpcf7-text wpcf7-validates-as-email\" autocomplete=\"email\" aria-required=\"true\" aria-invalid=\"false\" placeholder=\"Deine E-Mail\" value=\"\" type=\"email\" name=\"your-email\" \/><\/span>\n<\/p>\n<p><span class=\"wpcf7-form-control-wrap\" data-name=\"your-message\"><textarea cols=\"40\" rows=\"4\" maxlength=\"2000\" class=\"wpcf7-form-control wpcf7-textarea\" aria-invalid=\"false\" placeholder=\"Ihre Nachricht\" name=\"your-message\"><\/textarea><\/span>\n<\/p>\n<p><input class=\"wpcf7-form-control wpcf7-submit has-spinner\" type=\"submit\" value=\"Senden an\" \/>\n<\/p><input type='hidden' class='wpcf7-pum' value='{\"closepopup\":false,\"closedelay\":0,\"openpopup\":false,\"openpopup_id\":0}' \/><div class=\"wpcf7-response-output\" aria-hidden=\"true\"><\/div>\n<input type=\"hidden\" name=\"trp-form-language\" value=\"de\"\/><\/form>\n<\/div>\n<\/div>\n<\/div>\n<\/div>","protected":false},"excerpt":{"rendered":"<p>Po\u0161lete n\u00e1m zpr\u00e1vu M\u00e1te dotaz nebo p\u0159ipom\u00ednku? Napi\u0161te n\u00e1m ji za pomoci jednoduch\u00e9ho formul\u00e1\u0159e. Pokus\u00edme se reagovat obratem. V\u00e1\u0161 Hrn\u010d\u00ed\u0159sk\u00fd dv\u016fr ve Zv\u00ed\u0159etic\u00edch<\/p>","protected":false},"author":1,"featured_media":0,"parent":0,"menu_order":0,"comment_status":"closed","ping_status":"closed","template":"","meta":{"_uag_custom_page_level_css":"","site-sidebar-layout":"no-sidebar","site-content-layout":"plain-container","ast-site-content-layout":"normal-width-container","site-content-style":"unboxed","site-sidebar-style":"unboxed","ast-global-header-display":"","ast-banner-title-visibility":"","ast-main-header-display":"","ast-hfb-above-header-display":"","ast-hfb-below-header-display":"","ast-hfb-mobile-header-display":"","site-post-title":"disabled","ast-breadcrumbs-content":"","ast-featured-img":"disabled","footer-sml-layout":"","theme-transparent-header-meta":"enabled","adv-header-id-meta":"","stick-header-meta":"","header-above-stick-meta":"","header-main-stick-meta":"","header-below-stick-meta":"","astra-migrate-meta-layouts":"set","ast-page-background-enabled":"default","ast-page-background-meta":{"desktop":{"background-color":"","background-image":"","background-repeat":"repeat","background-position":"center center","background-size":"auto","background-attachment":"scroll","background-type":"","background-media":"","overlay-type":"","overlay-color":"","overlay-opacity":"","overlay-gradient":""},"tablet":{"background-color":"","background-image":"","background-repeat":"repeat","background-position":"center center","background-size":"auto","background-attachment":"scroll","background-type":"","background-media":"","overlay-type":"","overlay-color":"","overlay-opacity":"","overlay-gradient":""},"mobile":{"background-color":"","background-image":"","background-repeat":"repeat","background-position":"center center","background-size":"auto","background-attachment":"scroll","background-type":"","background-media":"","overlay-type":"","overlay-color":"","overlay-opacity":"","overlay-gradient":""}},"ast-content-background-meta":{"desktop":{"background-color":"var(--ast-global-color-5)","background-image":"","background-repeat":"repeat","background-position":"center center","background-size":"auto","background-attachment":"scroll","background-type":"","background-media":"","overlay-type":"","overlay-color":"","overlay-opacity":"","overlay-gradient":""},"tablet":{"background-color":"var(--ast-global-color-5)","background-image":"","background-repeat":"repeat","background-position":"center center","background-size":"auto","background-attachment":"scroll","background-type":"","background-media":"","overlay-type":"","overlay-color":"","overlay-opacity":"","overlay-gradient":""},"mobile":{"background-color":"var(--ast-global-color-5)","background-image":"","background-repeat":"repeat","background-position":"center center","background-size":"auto","background-attachment":"scroll","background-type":"","background-media":"","overlay-type":"","overlay-color":"","overlay-opacity":"","overlay-gradient":""}},"footnotes":""},"class_list":["post-376","page","type-page","status-publish","hentry"],"yoast_head":"<!-- This site is optimized with the Yoast SEO plugin v27.4 - https:\/\/yoast.com\/product\/yoast-seo-wordpress\/ -->\n<title>Kontakt - Hrn\u010d\u00ed\u0159sk\u00fd dv\u016fr Zv\u00ed\u0159etice<\/title>\n<meta name=\"robots\" content=\"index, follow, max-snippet:-1, max-image-preview:large, max-video-preview:-1\" \/>\n<link rel=\"canonical\" href=\"https:\/\/hrncirskydvurzviretice.cz\/de\/kontakt\/\" \/>\n<meta property=\"og:locale\" content=\"de_DE\" \/>\n<meta property=\"og:type\" content=\"article\" \/>\n<meta property=\"og:title\" content=\"Kontakt - Hrn\u010d\u00ed\u0159sk\u00fd dv\u016fr Zv\u00ed\u0159etice\" \/>\n<meta property=\"og:description\" content=\"Po\u0161lete n\u00e1m zpr\u00e1vu M\u00e1te dotaz nebo p\u0159ipom\u00ednku? Napi\u0161te n\u00e1m ji za pomoci jednoduch\u00e9ho formul\u00e1\u0159e. Pokus\u00edme se reagovat obratem. V\u00e1\u0161 Hrn\u010d\u00ed\u0159sk\u00fd dv\u016fr ve Zv\u00ed\u0159etic\u00edch\" \/>\n<meta property=\"og:url\" content=\"https:\/\/hrncirskydvurzviretice.cz\/de\/kontakt\/\" \/>\n<meta property=\"og:site_name\" content=\"Hrn\u010d\u00ed\u0159sk\u00fd dv\u016fr Zv\u00ed\u0159etice\" \/>\n<meta property=\"article:modified_time\" content=\"2025-12-09T13:01:20+00:00\" \/>\n<meta property=\"og:image\" content=\"https:\/\/hrncirskydvurzviretice.cz\/wp-content\/uploads\/2020\/07\/plate-of-cookie-with-strawberry-300x300.png\" \/>\n<meta name=\"twitter:card\" content=\"summary_large_image\" \/>\n<meta name=\"twitter:label1\" content=\"Gesch\u00e4tzte Lesezeit\" \/>\n\t<meta name=\"twitter:data1\" content=\"1\u00a0Minute\" \/>\n<script type=\"application\/ld+json\" class=\"yoast-schema-graph\">{\"@context\":\"https:\\\/\\\/schema.org\",\"@graph\":[{\"@type\":\"WebPage\",\"@id\":\"https:\\\/\\\/hrncirskydvurzviretice.cz\\\/kontakt\\\/\",\"url\":\"https:\\\/\\\/hrncirskydvurzviretice.cz\\\/kontakt\\\/\",\"name\":\"Kontakt - Hrn\u010d\u00ed\u0159sk\u00fd dv\u016fr Zv\u00ed\u0159etice\",\"isPartOf\":{\"@id\":\"https:\\\/\\\/hrncirskydvurzviretice.cz\\\/#website\"},\"primaryImageOfPage\":{\"@id\":\"https:\\\/\\\/hrncirskydvurzviretice.cz\\\/kontakt\\\/#primaryimage\"},\"image\":{\"@id\":\"https:\\\/\\\/hrncirskydvurzviretice.cz\\\/kontakt\\\/#primaryimage\"},\"thumbnailUrl\":\"https:\\\/\\\/hrncirskydvurzviretice.cz\\\/wp-content\\\/uploads\\\/2020\\\/07\\\/plate-of-cookie-with-strawberry-300x300.png\",\"datePublished\":\"2024-05-24T02:12:13+00:00\",\"dateModified\":\"2025-12-09T13:01:20+00:00\",\"breadcrumb\":{\"@id\":\"https:\\\/\\\/hrncirskydvurzviretice.cz\\\/kontakt\\\/#breadcrumb\"},\"inLanguage\":\"de\",\"potentialAction\":[{\"@type\":\"ReadAction\",\"target\":[\"https:\\\/\\\/hrncirskydvurzviretice.cz\\\/kontakt\\\/\"]}]},{\"@type\":\"ImageObject\",\"inLanguage\":\"de\",\"@id\":\"https:\\\/\\\/hrncirskydvurzviretice.cz\\\/kontakt\\\/#primaryimage\",\"url\":\"https:\\\/\\\/hrncirskydvurzviretice.cz\\\/wp-content\\\/uploads\\\/2020\\\/07\\\/plate-of-cookie-with-strawberry-300x300.png\",\"contentUrl\":\"https:\\\/\\\/hrncirskydvurzviretice.cz\\\/wp-content\\\/uploads\\\/2020\\\/07\\\/plate-of-cookie-with-strawberry-300x300.png\"},{\"@type\":\"BreadcrumbList\",\"@id\":\"https:\\\/\\\/hrncirskydvurzviretice.cz\\\/kontakt\\\/#breadcrumb\",\"itemListElement\":[{\"@type\":\"ListItem\",\"position\":1,\"name\":\"Dom\u016f\",\"item\":\"https:\\\/\\\/hrncirskydvurzviretice.cz\\\/\"},{\"@type\":\"ListItem\",\"position\":2,\"name\":\"Kontakt\"}]},{\"@type\":\"WebSite\",\"@id\":\"https:\\\/\\\/hrncirskydvurzviretice.cz\\\/#website\",\"url\":\"https:\\\/\\\/hrncirskydvurzviretice.cz\\\/\",\"name\":\"Hrn\u010d\u00ed\u0159sk\u00fd dv\u016fr Zv\u00ed\u0159etice\",\"description\":\"\",\"potentialAction\":[{\"@type\":\"SearchAction\",\"target\":{\"@type\":\"EntryPoint\",\"urlTemplate\":\"https:\\\/\\\/hrncirskydvurzviretice.cz\\\/?s={search_term_string}\"},\"query-input\":{\"@type\":\"PropertyValueSpecification\",\"valueRequired\":true,\"valueName\":\"search_term_string\"}}],\"inLanguage\":\"de\"}]}<\/script>\n<!-- \/ Yoast SEO plugin. -->","yoast_head_json":{"title":"Kontakt - Hrn\u010d\u00ed\u0159sk\u00fd dv\u016fr Zv\u00ed\u0159etice","robots":{"index":"index","follow":"follow","max-snippet":"max-snippet:-1","max-image-preview":"max-image-preview:large","max-video-preview":"max-video-preview:-1"},"canonical":"https:\/\/hrncirskydvurzviretice.cz\/de\/kontakt\/","og_locale":"de_DE","og_type":"article","og_title":"Kontakt - Hrn\u010d\u00ed\u0159sk\u00fd dv\u016fr Zv\u00ed\u0159etice","og_description":"Po\u0161lete n\u00e1m zpr\u00e1vu M\u00e1te dotaz nebo p\u0159ipom\u00ednku? Napi\u0161te n\u00e1m ji za pomoci jednoduch\u00e9ho formul\u00e1\u0159e. Pokus\u00edme se reagovat obratem. V\u00e1\u0161 Hrn\u010d\u00ed\u0159sk\u00fd dv\u016fr ve Zv\u00ed\u0159etic\u00edch","og_url":"https:\/\/hrncirskydvurzviretice.cz\/de\/kontakt\/","og_site_name":"Hrn\u010d\u00ed\u0159sk\u00fd dv\u016fr Zv\u00ed\u0159etice","article_modified_time":"2025-12-09T13:01:20+00:00","og_image":[{"url":"https:\/\/hrncirskydvurzviretice.cz\/wp-content\/uploads\/2020\/07\/plate-of-cookie-with-strawberry-300x300.png","type":"","width":"","height":""}],"twitter_card":"summary_large_image","twitter_misc":{"Gesch\u00e4tzte Lesezeit":"1\u00a0Minute"},"schema":{"@context":"https:\/\/schema.org","@graph":[{"@type":"WebPage","@id":"https:\/\/hrncirskydvurzviretice.cz\/kontakt\/","url":"https:\/\/hrncirskydvurzviretice.cz\/kontakt\/","name":"Kontakt - Hrn\u010d\u00ed\u0159sk\u00fd dv\u016fr Zv\u00ed\u0159etice","isPartOf":{"@id":"https:\/\/hrncirskydvurzviretice.cz\/#website"},"primaryImageOfPage":{"@id":"https:\/\/hrncirskydvurzviretice.cz\/kontakt\/#primaryimage"},"image":{"@id":"https:\/\/hrncirskydvurzviretice.cz\/kontakt\/#primaryimage"},"thumbnailUrl":"https:\/\/hrncirskydvurzviretice.cz\/wp-content\/uploads\/2020\/07\/plate-of-cookie-with-strawberry-300x300.png","datePublished":"2024-05-24T02:12:13+00:00","dateModified":"2025-12-09T13:01:20+00:00","breadcrumb":{"@id":"https:\/\/hrncirskydvurzviretice.cz\/kontakt\/#breadcrumb"},"inLanguage":"de","potentialAction":[{"@type":"ReadAction","target":["https:\/\/hrncirskydvurzviretice.cz\/kontakt\/"]}]},{"@type":"ImageObject","inLanguage":"de","@id":"https:\/\/hrncirskydvurzviretice.cz\/kontakt\/#primaryimage","url":"https:\/\/hrncirskydvurzviretice.cz\/wp-content\/uploads\/2020\/07\/plate-of-cookie-with-strawberry-300x300.png","contentUrl":"https:\/\/hrncirskydvurzviretice.cz\/wp-content\/uploads\/2020\/07\/plate-of-cookie-with-strawberry-300x300.png"},{"@type":"BreadcrumbList","@id":"https:\/\/hrncirskydvurzviretice.cz\/kontakt\/#breadcrumb","itemListElement":[{"@type":"ListItem","position":1,"name":"Dom\u016f","item":"https:\/\/hrncirskydvurzviretice.cz\/"},{"@type":"ListItem","position":2,"name":"Kontakt"}]},{"@type":"WebSite","@id":"https:\/\/hrncirskydvurzviretice.cz\/#website","url":"https:\/\/hrncirskydvurzviretice.cz\/","name":"T\u00f6pferhof Zv\u00ed\u0159etice","description":"","potentialAction":[{"@type":"SearchAction","target":{"@type":"EntryPoint","urlTemplate":"https:\/\/hrncirskydvurzviretice.cz\/?s={search_term_string}"},"query-input":{"@type":"PropertyValueSpecification","valueRequired":true,"valueName":"search_term_string"}}],"inLanguage":"de"}]}},"uagb_featured_image_src":{"full":false,"thumbnail":false,"medium":false,"medium_large":false,"large":false,"1536x1536":false,"2048x2048":false,"trp-custom-language-flag":false},"uagb_author_info":{"display_name":"admin","author_link":"https:\/\/hrncirskydvurzviretice.cz\/de\/author\/jkriz\/"},"uagb_comment_info":0,"uagb_excerpt":"Po\u0161lete n\u00e1m zpr\u00e1vu M\u00e1te dotaz nebo p\u0159ipom\u00ednku? Napi\u0161te n\u00e1m ji za pomoci jednoduch\u00e9ho formul\u00e1\u0159e. Pokus\u00edme se reagovat obratem. V\u00e1\u0161 Hrn\u010d\u00ed\u0159sk\u00fd dv\u016fr ve Zv\u00ed\u0159etic\u00edch","jetpack_sharing_enabled":true,"_links":{"self":[{"href":"https:\/\/hrncirskydvurzviretice.cz\/de\/wp-json\/wp\/v2\/pages\/376","targetHints":{"allow":["GET"]}}],"collection":[{"href":"https:\/\/hrncirskydvurzviretice.cz\/de\/wp-json\/wp\/v2\/pages"}],"about":[{"href":"https:\/\/hrncirskydvurzviretice.cz\/de\/wp-json\/wp\/v2\/types\/page"}],"author":[{"embeddable":true,"href":"https:\/\/hrncirskydvurzviretice.cz\/de\/wp-json\/wp\/v2\/users\/1"}],"replies":[{"embeddable":true,"href":"https:\/\/hrncirskydvurzviretice.cz\/de\/wp-json\/wp\/v2\/comments?post=376"}],"version-history":[{"count":18,"href":"https:\/\/hrncirskydvurzviretice.cz\/de\/wp-json\/wp\/v2\/pages\/376\/revisions"}],"predecessor-version":[{"id":2852,"href":"https:\/\/hrncirskydvurzviretice.cz\/de\/wp-json\/wp\/v2\/pages\/376\/revisions\/2852"}],"wp:attachment":[{"href":"https:\/\/hrncirskydvurzviretice.cz\/de\/wp-json\/wp\/v2\/media?parent=376"}],"curies":[{"name":"wp","href":"https:\/\/api.w.org\/{rel}","templated":true}]}}