{"id":368,"date":"2024-05-24T02:12:12","date_gmt":"2024-05-24T02:12:12","guid":{"rendered":"https:\/\/upbeat-ritchie.109-205-182-233.plesk.page\/about-us\/"},"modified":"2024-07-27T17:38:34","modified_gmt":"2024-07-27T17:38:34","slug":"o-nas","status":"publish","type":"page","link":"https:\/\/hrncirskydvurzviretice.cz\/de\/o-nas\/","title":{"rendered":"\u00dcber uns"},"content":{"rendered":"<div class=\"wp-block-uagb-container uagb-block-b0c210fa alignfull uagb-is-root-container\"><div class=\"uagb-container-inner-blocks-wrap\">\n<div class=\"wp-block-uagb-info-box uagb-block-33c38f7e uagb-infobox__content-wrap  uagb-infobox-icon-above-title uagb-infobox-image-valign-top\"><div class=\"uagb-ifb-content\"><div class=\"uagb-ifb-title-wrap\"><h1 class=\"uagb-ifb-title\">N\u00e1\u0161 p\u0159\u00edb\u011bh<\/h1><\/div><p class=\"uagb-ifb-desc\">P\u0159e\u010dt\u011bte si o historii Hrn\u010d\u00ed\u0159sk\u00e9ho dvoru ve Zv\u00ed\u0159etic\u00edch<\/p><\/div><\/div>\n<\/div><\/div>\n\n\n\n<div class=\"wp-block-uagb-container uagb-block-ac44bed4 alignfull uagb-is-root-container\"><div class=\"uagb-container-inner-blocks-wrap\">\n<div class=\"wp-block-uagb-container uagb-block-c91b8643\">\n<div class=\"wp-block-uagb-advanced-heading uagb-block-f79bfb0f\"><h2 class=\"uagb-heading-text\">\u00dcber uns<\/h2><\/div>\n<\/div>\n\n\n\n<div class=\"wp-block-uagb-container uagb-block-463b62fe\">\n<p>Historii Hrn\u010d\u00ed\u0159sk\u00e9ho dvora ve Zv\u00ed\u0159etic\u00edch lze dohledat a\u017e do st\u0159edov\u011bku a v\u017edy byla spojena s histori\u00ed Zv\u00ed\u0159etick\u00e9ho panstv\u00ed. Nedalek\u00e1 z\u0159\u00edceninu hradu Zv\u00ed\u0159etice i&nbsp;Hrn\u010d\u00ed\u0159sk\u00fd dv\u016fr ve Zv\u00ed\u0159etic\u00edch pat\u0159il v\u017edy P\u00e1n\u016fm ze Zv\u00ed\u0159etic.&nbsp;<\/p>\n\n\n\n<p>Hrad Zv\u00ed\u0159etice slou\u017eil jako orienta\u010dn\u00ed bod na kupeck\u00e9 stezce z&nbsp;Prahy sm\u011brem na sever. Byl to brod p\u0159es \u0159eku Jizeru, pr\u00e1v\u011b pod hradem Zv\u00ed\u0159etice, kter\u00fd vytv\u00e1\u0159el d\u016fle\u017eitost tohoto m\u00edsta.&nbsp;<\/p>\n\n\n\n<p>Hrn\u010d\u00ed\u0159sk\u00fd dv\u016fr byl u\u017e v d\u00e1vn\u00fdch dob\u00e1ch vyhl\u00e1\u0161en\u00fd jako z\u00e1jezdn\u00ed hostinec, kde se dalo odpo\u010dinout a&nbsp;vym\u011bnit povoz. Zde se pak putuj\u00edc\u00ed kupci museli rozhodnout, zda poputuj\u00ed d\u00e1le pod\u00e9l \u0159eky Jizery sm\u011brem k nejvy\u0161\u0161\u00ed ho\u0159e lu\u017eick\u00fdch hor, k&nbsp;Je\u0161t\u011bdu a&nbsp;d\u00e1le pak a\u017e do \u017ditavy. Nebo poputuj\u00ed sm\u011brem k Bezd\u011bzu a&nbsp;d\u00e1le a\u017e do Dr\u00e1\u017e\u010fan. Dobu z\u00e1jezdn\u00edho hostince ukon\u010dila \u00e9ra v\u00fdstavby most\u016f. Obdob\u00ed pansk\u00e9 zpr\u00e1vy ukon\u010dil patent O zru\u0161en\u00ed nevolnictv\u00ed.<\/p>\n\n\n\n<p>Do zru\u0161en\u00ed nevolnictv\u00ed cel\u00e1 vesnice Zv\u00ed\u0159etice byla povinov\u00e1na robotou pro panstv\u00ed Zv\u00ed\u0159etice. Patent v\u0161ak situaci zm\u011bnil natolik, \u017ee usedlost byla prod\u00e1na za velice v\u00fdhodnou koupi dr\u00e1bovi Mach\u00e1\u010dkovi, kter\u00fd patentem o&nbsp;zru\u0161en\u00ed nevolnictv\u00ed p\u0159i\u0161el o&nbsp;pr\u00e1ci. Mach\u00e1\u010dkovi a&nbsp;jejich potomci zde \u017eili cel\u00e1 l\u00e9ta. Posledn\u00ed d\u011bdi\u010dka t\u00e9to usedlosti zem\u0159ela v 70.letech minul\u00e9ho stolet\u00ed, kdy usedlost ji\u017e spravovalo m\u00edstn\u00ed JZD. Byli to velk\u00e9 spole\u010densk\u00e9 zm\u011bny a&nbsp;p\u0159edev\u0161\u00edm restituce v&nbsp;90.letech minul\u00e9ho stolet\u00ed, kter\u00e9 umo\u017enily prodej.<\/p>\n\n\n\n<p>Na Hrn\u010d\u00ed\u0159sk\u00fd dv\u016fr Zv\u00ed\u0159etice p\u0159ebudovali usedlost Petr \u010c\u00e1slavsk\u00fd a Michal Ko\u0159\u00ednek. Od roku 2024 m\u00e1 HD Zv\u00ed\u0159etice nov\u00e9 majitele.<\/p>\n<\/div>\n\n\n\n<div class=\"wp-block-uagb-container uagb-block-dba73dc1\">\n<div class=\"wp-block-uagb-info-box uagb-block-31c144de uagb-infobox__content-wrap  uagb-infobox-icon-left uagb-infobox-left uagb-infobox-image-valign-top\"><div class=\"uagb-ifb-icon-wrap\"><div class=\"uagb-iconbox-icon-wrap uagb-infobox-shape-circle\"><svg xmlns=\"https:\/\/www.w3.org\/2000\/svg\" viewbox=\"0 0 512 512\"><path d=\"M234.5 5.709C248.4 .7377 263.6 .7377 277.5 5.709L469.5 74.28C494.1 83.38 512 107.5 512 134.6V377.4C512 404.5 494.1 428.6 469.5 437.7L277.5 506.3C263.6 511.3 248.4 511.3 234.5 506.3L42.47 437.7C17 428.6 0 404.5 0 377.4V134.6C0 107.5 17 83.38 42.47 74.28L234.5 5.709zM256 65.98L82.34 128L256 190L429.7 128L256 65.98zM288 434.6L448 377.4V189.4L288 246.6V434.6z\"><\/path><\/svg><\/div><\/div><div class=\"uagb-ifb-content\"><div class=\"uagb-ifb-title-wrap\"><h5 class=\"uagb-ifb-title\">Tradi\u010dn\u00ed keramika<\/h5><\/div><p class=\"uagb-ifb-desc\">Nakupte si u n\u00e1s v\u00fdrobky tradi\u010dn\u00ed keramiky nebo p\u0159ij\u010fte na workshop a vytvo\u0159te si je sami. <\/p><div class=\"uagb-ifb-separator\"><\/div><\/div><\/div>\n\n\n\n<div class=\"wp-block-uagb-info-box uagb-block-f0ace150 uagb-infobox__content-wrap  uagb-infobox-icon-left uagb-infobox-left uagb-infobox-image-valign-top\"><div class=\"uagb-ifb-icon-wrap\"><div class=\"uagb-iconbox-icon-wrap uagb-infobox-shape-circle\"><svg xmlns=\"https:\/\/www.w3.org\/2000\/svg\" viewbox=\"0 0 512 512\"><path d=\"M400 192H32C14.25 192 0 206.3 0 224v192c0 53 43 96 96 96h192c53 0 96-43 96-96h16c61.75 0 112-50.25 112-112S461.8 192 400 192zM400 352H384V256h16C426.5 256 448 277.5 448 304S426.5 352 400 352zM107.9 100.7C120.3 107.1 128 121.4 128 136c0 13.25 10.75 23.89 24 23.89S176 148.1 176 135.7c0-31.34-16.83-60.64-43.91-76.45C119.7 52.03 112 38.63 112 24.28c0-13.25-10.75-24.14-24-24.14S64 11.03 64 24.28C64 55.63 80.83 84.92 107.9 100.7zM219.9 100.7C232.3 107.1 240 121.4 240 136c0 13.25 10.75 23.86 24 23.86S288 148.1 288 135.7c0-31.34-16.83-60.64-43.91-76.45C231.7 52.03 224 38.63 224 24.28c0-13.25-10.75-24.18-24-24.18S176 11.03 176 24.28C176 55.63 192.8 84.92 219.9 100.7z\"><\/path><\/svg><\/div><\/div><div class=\"uagb-ifb-content\"><div class=\"uagb-ifb-title-wrap\"><h5 class=\"uagb-ifb-title\">Kav\u00e1rna s cukr\u00e1rnou<\/h5><\/div><p class=\"uagb-ifb-desc\">Dobr\u00e1 k\u00e1va, osv\u011b\u017euj\u00edc\u00ed n\u00e1poje, i lahodn\u00e9 dort\u00edky u\u017e na v\u00e1s \u010dekaj\u00ed.<\/p><div class=\"uagb-ifb-separator\"><\/div><\/div><\/div>\n\n\n\n<div class=\"wp-block-uagb-info-box uagb-block-a1e751a2 uagb-infobox__content-wrap  uagb-infobox-icon-left uagb-infobox-left uagb-infobox-image-valign-top\"><div class=\"uagb-ifb-icon-wrap\"><div class=\"uagb-iconbox-icon-wrap uagb-infobox-shape-circle\"><svg xmlns=\"https:\/\/www.w3.org\/2000\/svg\" viewbox=\"0 0 512 512\"><path d=\"M511.1 367.1c0 44.18-42.98 80-95.1 80s-95.1-35.82-95.1-79.1c0-44.18 42.98-79.1 95.1-79.1c11.28 0 21.95 1.92 32.01 4.898V148.1L192 224l-.0023 208.1C191.1 476.2 149 512 95.1 512S0 476.2 0 432c0-44.18 42.98-79.1 95.1-79.1c11.28 0 21.95 1.92 32 4.898V126.5c0-12.97 10.06-26.63 22.41-30.52l319.1-94.49C472.1 .6615 477.3 0 480 0c17.66 0 31.97 14.34 32 31.99L511.1 367.1z\"><\/path><\/svg><\/div><\/div><div class=\"uagb-ifb-content\"><div class=\"uagb-ifb-title-wrap\"><h5 class=\"uagb-ifb-title\">Rodinn\u00e1 atmosf\u00e9ra<\/h5><\/div><p class=\"uagb-ifb-desc\">P\u0159ij\u010fte si k n\u00e1m odpo\u010dinout a na\u010derpat novou s\u00edlu.<\/p><\/div><\/div>\n<\/div>\n\n\n\n<div class=\"wp-block-uagb-container uagb-block-a9a45a05\">\n<div class=\"wp-block-uagb-image uagb-block-cdad6ebb wp-block-uagb-image--layout-default wp-block-uagb-image--effect-static wp-block-uagb-image--align-none alignleft\"><figure class=\"wp-block-uagb-image__figure\"><img decoding=\"async\" srcset=\"https:\/\/hrncirskydvurzviretice.cz\/wp-content\/uploads\/2024\/06\/ZvireticeNew-1024x597.jpeg ,https:\/\/hrncirskydvurzviretice.cz\/wp-content\/uploads\/2024\/06\/ZvireticeNew.jpeg 780w, https:\/\/hrncirskydvurzviretice.cz\/wp-content\/uploads\/2024\/06\/ZvireticeNew.jpeg 360w\" sizes=\"auto, (max-width: 480px) 150px\" src=\"https:\/\/hrncirskydvurzviretice.cz\/wp-content\/uploads\/2024\/06\/ZvireticeNew-1024x597.jpeg\" alt=\"\" class=\"uag-image-1564\" width=\"800\" height=\"533\" title=\"ZvireticeNew\" loading=\"lazy\" role=\"img\"\/><\/figure><\/div>\n<\/div>\n<\/div><\/div>","protected":false},"excerpt":{"rendered":"<p>O n\u00e1s Historii Hrn\u010d\u00ed\u0159sk\u00e9ho dvora ve Zv\u00ed\u0159etic\u00edch lze dohledat a\u017e do st\u0159edov\u011bku a v\u017edy byla spojena s histori\u00ed Zv\u00ed\u0159etick\u00e9ho panstv\u00ed. Nedalek\u00e1 z\u0159\u00edceninu hradu Zv\u00ed\u0159etice i&nbsp;Hrn\u010d\u00ed\u0159sk\u00fd dv\u016fr ve Zv\u00ed\u0159etic\u00edch pat\u0159il v\u017edy P\u00e1n\u016fm ze Zv\u00ed\u0159etic.&nbsp; Hrad Zv\u00ed\u0159etice slou\u017eil jako orienta\u010dn\u00ed bod na kupeck\u00e9 stezce z&nbsp;Prahy sm\u011brem na sever. Byl to brod p\u0159es \u0159eku Jizeru, pr\u00e1v\u011b pod hradem [&hellip;]<\/p>","protected":false},"author":1,"featured_media":0,"parent":0,"menu_order":0,"comment_status":"closed","ping_status":"closed","template":"","meta":{"_uag_custom_page_level_css":"","site-sidebar-layout":"no-sidebar","site-content-layout":"plain-container","ast-site-content-layout":"normal-width-container","site-content-style":"unboxed","site-sidebar-style":"unboxed","ast-global-header-display":"","ast-banner-title-visibility":"","ast-main-header-display":"","ast-hfb-above-header-display":"","ast-hfb-below-header-display":"","ast-hfb-mobile-header-display":"","site-post-title":"disabled","ast-breadcrumbs-content":"","ast-featured-img":"disabled","footer-sml-layout":"","theme-transparent-header-meta":"enabled","adv-header-id-meta":"","stick-header-meta":"","header-above-stick-meta":"","header-main-stick-meta":"","header-below-stick-meta":"","astra-migrate-meta-layouts":"set","ast-page-background-enabled":"default","ast-page-background-meta":{"desktop":{"background-color":"","background-image":"","background-repeat":"repeat","background-position":"center center","background-size":"auto","background-attachment":"scroll","background-type":"","background-media":"","overlay-type":"","overlay-color":"","overlay-opacity":"","overlay-gradient":""},"tablet":{"background-color":"","background-image":"","background-repeat":"repeat","background-position":"center center","background-size":"auto","background-attachment":"scroll","background-type":"","background-media":"","overlay-type":"","overlay-color":"","overlay-opacity":"","overlay-gradient":""},"mobile":{"background-color":"","background-image":"","background-repeat":"repeat","background-position":"center center","background-size":"auto","background-attachment":"scroll","background-type":"","background-media":"","overlay-type":"","overlay-color":"","overlay-opacity":"","overlay-gradient":""}},"ast-content-background-meta":{"desktop":{"background-color":"var(--ast-global-color-5)","background-image":"","background-repeat":"repeat","background-position":"center center","background-size":"auto","background-attachment":"scroll","background-type":"","background-media":"","overlay-type":"","overlay-color":"","overlay-opacity":"","overlay-gradient":""},"tablet":{"background-color":"var(--ast-global-color-5)","background-image":"","background-repeat":"repeat","background-position":"center center","background-size":"auto","background-attachment":"scroll","background-type":"","background-media":"","overlay-type":"","overlay-color":"","overlay-opacity":"","overlay-gradient":""},"mobile":{"background-color":"var(--ast-global-color-5)","background-image":"","background-repeat":"repeat","background-position":"center center","background-size":"auto","background-attachment":"scroll","background-type":"","background-media":"","overlay-type":"","overlay-color":"","overlay-opacity":"","overlay-gradient":""}},"footnotes":""},"class_list":["post-368","page","type-page","status-publish","hentry"],"yoast_head":"<!-- This site is optimized with the Yoast SEO plugin v27.4 - https:\/\/yoast.com\/product\/yoast-seo-wordpress\/ -->\n<title>O n\u00e1s - Hrn\u010d\u00ed\u0159sk\u00fd dv\u016fr Zv\u00ed\u0159etice<\/title>\n<meta name=\"robots\" content=\"index, follow, max-snippet:-1, max-image-preview:large, max-video-preview:-1\" \/>\n<link rel=\"canonical\" href=\"https:\/\/hrncirskydvurzviretice.cz\/de\/o-nas\/\" \/>\n<meta property=\"og:locale\" content=\"de_DE\" \/>\n<meta property=\"og:type\" content=\"article\" \/>\n<meta property=\"og:title\" content=\"O n\u00e1s - Hrn\u010d\u00ed\u0159sk\u00fd dv\u016fr Zv\u00ed\u0159etice\" \/>\n<meta property=\"og:description\" content=\"O n\u00e1s Historii Hrn\u010d\u00ed\u0159sk\u00e9ho dvora ve Zv\u00ed\u0159etic\u00edch lze dohledat a\u017e do st\u0159edov\u011bku a v\u017edy byla spojena s histori\u00ed Zv\u00ed\u0159etick\u00e9ho panstv\u00ed. Nedalek\u00e1 z\u0159\u00edceninu hradu Zv\u00ed\u0159etice i&nbsp;Hrn\u010d\u00ed\u0159sk\u00fd dv\u016fr ve Zv\u00ed\u0159etic\u00edch pat\u0159il v\u017edy P\u00e1n\u016fm ze Zv\u00ed\u0159etic.&nbsp; Hrad Zv\u00ed\u0159etice slou\u017eil jako orienta\u010dn\u00ed bod na kupeck\u00e9 stezce z&nbsp;Prahy sm\u011brem na sever. Byl to brod p\u0159es \u0159eku Jizeru, pr\u00e1v\u011b pod hradem [&hellip;]\" \/>\n<meta property=\"og:url\" content=\"https:\/\/hrncirskydvurzviretice.cz\/de\/o-nas\/\" \/>\n<meta property=\"og:site_name\" content=\"Hrn\u010d\u00ed\u0159sk\u00fd dv\u016fr Zv\u00ed\u0159etice\" \/>\n<meta property=\"article:modified_time\" content=\"2024-07-27T17:38:34+00:00\" \/>\n<meta property=\"og:image\" content=\"https:\/\/hrncirskydvurzviretice.cz\/wp-content\/uploads\/2024\/06\/ZvireticeNew-1024x597.jpeg\" \/>\n<meta name=\"twitter:card\" content=\"summary_large_image\" \/>\n<meta name=\"twitter:label1\" content=\"Gesch\u00e4tzte Lesezeit\" \/>\n\t<meta name=\"twitter:data1\" content=\"2\u00a0Minuten\" \/>\n<script type=\"application\/ld+json\" class=\"yoast-schema-graph\">{\"@context\":\"https:\\\/\\\/schema.org\",\"@graph\":[{\"@type\":\"WebPage\",\"@id\":\"https:\\\/\\\/hrncirskydvurzviretice.cz\\\/o-nas\\\/\",\"url\":\"https:\\\/\\\/hrncirskydvurzviretice.cz\\\/o-nas\\\/\",\"name\":\"O n\u00e1s - Hrn\u010d\u00ed\u0159sk\u00fd dv\u016fr Zv\u00ed\u0159etice\",\"isPartOf\":{\"@id\":\"https:\\\/\\\/hrncirskydvurzviretice.cz\\\/#website\"},\"primaryImageOfPage\":{\"@id\":\"https:\\\/\\\/hrncirskydvurzviretice.cz\\\/o-nas\\\/#primaryimage\"},\"image\":{\"@id\":\"https:\\\/\\\/hrncirskydvurzviretice.cz\\\/o-nas\\\/#primaryimage\"},\"thumbnailUrl\":\"https:\\\/\\\/hrncirskydvurzviretice.cz\\\/wp-content\\\/uploads\\\/2024\\\/06\\\/ZvireticeNew-1024x597.jpeg\",\"datePublished\":\"2024-05-24T02:12:12+00:00\",\"dateModified\":\"2024-07-27T17:38:34+00:00\",\"breadcrumb\":{\"@id\":\"https:\\\/\\\/hrncirskydvurzviretice.cz\\\/o-nas\\\/#breadcrumb\"},\"inLanguage\":\"de\",\"potentialAction\":[{\"@type\":\"ReadAction\",\"target\":[\"https:\\\/\\\/hrncirskydvurzviretice.cz\\\/o-nas\\\/\"]}]},{\"@type\":\"ImageObject\",\"inLanguage\":\"de\",\"@id\":\"https:\\\/\\\/hrncirskydvurzviretice.cz\\\/o-nas\\\/#primaryimage\",\"url\":\"https:\\\/\\\/hrncirskydvurzviretice.cz\\\/wp-content\\\/uploads\\\/2024\\\/06\\\/ZvireticeNew-1024x597.jpeg\",\"contentUrl\":\"https:\\\/\\\/hrncirskydvurzviretice.cz\\\/wp-content\\\/uploads\\\/2024\\\/06\\\/ZvireticeNew-1024x597.jpeg\"},{\"@type\":\"BreadcrumbList\",\"@id\":\"https:\\\/\\\/hrncirskydvurzviretice.cz\\\/o-nas\\\/#breadcrumb\",\"itemListElement\":[{\"@type\":\"ListItem\",\"position\":1,\"name\":\"Dom\u016f\",\"item\":\"https:\\\/\\\/hrncirskydvurzviretice.cz\\\/\"},{\"@type\":\"ListItem\",\"position\":2,\"name\":\"O n\u00e1s\"}]},{\"@type\":\"WebSite\",\"@id\":\"https:\\\/\\\/hrncirskydvurzviretice.cz\\\/#website\",\"url\":\"https:\\\/\\\/hrncirskydvurzviretice.cz\\\/\",\"name\":\"Hrn\u010d\u00ed\u0159sk\u00fd dv\u016fr Zv\u00ed\u0159etice\",\"description\":\"\",\"potentialAction\":[{\"@type\":\"SearchAction\",\"target\":{\"@type\":\"EntryPoint\",\"urlTemplate\":\"https:\\\/\\\/hrncirskydvurzviretice.cz\\\/?s={search_term_string}\"},\"query-input\":{\"@type\":\"PropertyValueSpecification\",\"valueRequired\":true,\"valueName\":\"search_term_string\"}}],\"inLanguage\":\"de\"}]}<\/script>\n<!-- \/ Yoast SEO plugin. -->","yoast_head_json":{"title":"O n\u00e1s - Hrn\u010d\u00ed\u0159sk\u00fd dv\u016fr Zv\u00ed\u0159etice","robots":{"index":"index","follow":"follow","max-snippet":"max-snippet:-1","max-image-preview":"max-image-preview:large","max-video-preview":"max-video-preview:-1"},"canonical":"https:\/\/hrncirskydvurzviretice.cz\/de\/o-nas\/","og_locale":"de_DE","og_type":"article","og_title":"O n\u00e1s - Hrn\u010d\u00ed\u0159sk\u00fd dv\u016fr Zv\u00ed\u0159etice","og_description":"O n\u00e1s Historii Hrn\u010d\u00ed\u0159sk\u00e9ho dvora ve Zv\u00ed\u0159etic\u00edch lze dohledat a\u017e do st\u0159edov\u011bku a v\u017edy byla spojena s histori\u00ed Zv\u00ed\u0159etick\u00e9ho panstv\u00ed. Nedalek\u00e1 z\u0159\u00edceninu hradu Zv\u00ed\u0159etice i&nbsp;Hrn\u010d\u00ed\u0159sk\u00fd dv\u016fr ve Zv\u00ed\u0159etic\u00edch pat\u0159il v\u017edy P\u00e1n\u016fm ze Zv\u00ed\u0159etic.&nbsp; Hrad Zv\u00ed\u0159etice slou\u017eil jako orienta\u010dn\u00ed bod na kupeck\u00e9 stezce z&nbsp;Prahy sm\u011brem na sever. Byl to brod p\u0159es \u0159eku Jizeru, pr\u00e1v\u011b pod hradem [&hellip;]","og_url":"https:\/\/hrncirskydvurzviretice.cz\/de\/o-nas\/","og_site_name":"Hrn\u010d\u00ed\u0159sk\u00fd dv\u016fr Zv\u00ed\u0159etice","article_modified_time":"2024-07-27T17:38:34+00:00","og_image":[{"url":"https:\/\/hrncirskydvurzviretice.cz\/wp-content\/uploads\/2024\/06\/ZvireticeNew-1024x597.jpeg","type":"","width":"","height":""}],"twitter_card":"summary_large_image","twitter_misc":{"Gesch\u00e4tzte Lesezeit":"2\u00a0Minuten"},"schema":{"@context":"https:\/\/schema.org","@graph":[{"@type":"WebPage","@id":"https:\/\/hrncirskydvurzviretice.cz\/o-nas\/","url":"https:\/\/hrncirskydvurzviretice.cz\/o-nas\/","name":"O n\u00e1s - Hrn\u010d\u00ed\u0159sk\u00fd dv\u016fr Zv\u00ed\u0159etice","isPartOf":{"@id":"https:\/\/hrncirskydvurzviretice.cz\/#website"},"primaryImageOfPage":{"@id":"https:\/\/hrncirskydvurzviretice.cz\/o-nas\/#primaryimage"},"image":{"@id":"https:\/\/hrncirskydvurzviretice.cz\/o-nas\/#primaryimage"},"thumbnailUrl":"https:\/\/hrncirskydvurzviretice.cz\/wp-content\/uploads\/2024\/06\/ZvireticeNew-1024x597.jpeg","datePublished":"2024-05-24T02:12:12+00:00","dateModified":"2024-07-27T17:38:34+00:00","breadcrumb":{"@id":"https:\/\/hrncirskydvurzviretice.cz\/o-nas\/#breadcrumb"},"inLanguage":"de","potentialAction":[{"@type":"ReadAction","target":["https:\/\/hrncirskydvurzviretice.cz\/o-nas\/"]}]},{"@type":"ImageObject","inLanguage":"de","@id":"https:\/\/hrncirskydvurzviretice.cz\/o-nas\/#primaryimage","url":"https:\/\/hrncirskydvurzviretice.cz\/wp-content\/uploads\/2024\/06\/ZvireticeNew-1024x597.jpeg","contentUrl":"https:\/\/hrncirskydvurzviretice.cz\/wp-content\/uploads\/2024\/06\/ZvireticeNew-1024x597.jpeg"},{"@type":"BreadcrumbList","@id":"https:\/\/hrncirskydvurzviretice.cz\/o-nas\/#breadcrumb","itemListElement":[{"@type":"ListItem","position":1,"name":"Dom\u016f","item":"https:\/\/hrncirskydvurzviretice.cz\/"},{"@type":"ListItem","position":2,"name":"O n\u00e1s"}]},{"@type":"WebSite","@id":"https:\/\/hrncirskydvurzviretice.cz\/#website","url":"https:\/\/hrncirskydvurzviretice.cz\/","name":"T\u00f6pferhof Zv\u00ed\u0159etice","description":"","potentialAction":[{"@type":"SearchAction","target":{"@type":"EntryPoint","urlTemplate":"https:\/\/hrncirskydvurzviretice.cz\/?s={search_term_string}"},"query-input":{"@type":"PropertyValueSpecification","valueRequired":true,"valueName":"search_term_string"}}],"inLanguage":"de"}]}},"uagb_featured_image_src":{"full":false,"thumbnail":false,"medium":false,"medium_large":false,"large":false,"1536x1536":false,"2048x2048":false,"trp-custom-language-flag":false},"uagb_author_info":{"display_name":"admin","author_link":"https:\/\/hrncirskydvurzviretice.cz\/de\/author\/jkriz\/"},"uagb_comment_info":0,"uagb_excerpt":"O n\u00e1s Historii Hrn\u010d\u00ed\u0159sk\u00e9ho dvora ve Zv\u00ed\u0159etic\u00edch lze dohledat a\u017e do st\u0159edov\u011bku a v\u017edy byla spojena s histori\u00ed Zv\u00ed\u0159etick\u00e9ho panstv\u00ed. Nedalek\u00e1 z\u0159\u00edceninu hradu Zv\u00ed\u0159etice i&nbsp;Hrn\u010d\u00ed\u0159sk\u00fd dv\u016fr ve Zv\u00ed\u0159etic\u00edch pat\u0159il v\u017edy P\u00e1n\u016fm ze Zv\u00ed\u0159etic.&nbsp; Hrad Zv\u00ed\u0159etice slou\u017eil jako orienta\u010dn\u00ed bod na kupeck\u00e9 stezce z&nbsp;Prahy sm\u011brem na sever. Byl to brod p\u0159es \u0159eku Jizeru, pr\u00e1v\u011b pod hradem&hellip;","jetpack_sharing_enabled":true,"_links":{"self":[{"href":"https:\/\/hrncirskydvurzviretice.cz\/de\/wp-json\/wp\/v2\/pages\/368","targetHints":{"allow":["GET"]}}],"collection":[{"href":"https:\/\/hrncirskydvurzviretice.cz\/de\/wp-json\/wp\/v2\/pages"}],"about":[{"href":"https:\/\/hrncirskydvurzviretice.cz\/de\/wp-json\/wp\/v2\/types\/page"}],"author":[{"embeddable":true,"href":"https:\/\/hrncirskydvurzviretice.cz\/de\/wp-json\/wp\/v2\/users\/1"}],"replies":[{"embeddable":true,"href":"https:\/\/hrncirskydvurzviretice.cz\/de\/wp-json\/wp\/v2\/comments?post=368"}],"version-history":[{"count":9,"href":"https:\/\/hrncirskydvurzviretice.cz\/de\/wp-json\/wp\/v2\/pages\/368\/revisions"}],"predecessor-version":[{"id":1782,"href":"https:\/\/hrncirskydvurzviretice.cz\/de\/wp-json\/wp\/v2\/pages\/368\/revisions\/1782"}],"wp:attachment":[{"href":"https:\/\/hrncirskydvurzviretice.cz\/de\/wp-json\/wp\/v2\/media?parent=368"}],"curies":[{"name":"wp","href":"https:\/\/api.w.org\/{rel}","templated":true}]}}