{"id":2566,"date":"2025-06-21T17:42:38","date_gmt":"2025-06-21T15:42:38","guid":{"rendered":"https:\/\/hrncirskydvurzviretice.cz\/?page_id=2566"},"modified":"2025-07-22T13:26:35","modified_gmt":"2025-07-22T11:26:35","slug":"hernicky-v-lete","status":"publish","type":"page","link":"https:\/\/hrncirskydvurzviretice.cz\/de\/hernicky-v-lete\/","title":{"rendered":"Herni\u010dky v l\u00e9t\u011b"},"content":{"rendered":"<p>B\u011bhem letn\u00edch m\u011bs\u00edc\u016f (\u010derven, \u010dervenec, srpen) jsou na\u0161e velk\u00e1 i mal\u00e1 herna otev\u00edr\u00e1ny v p\u0159\u00edpad\u011b \u0161patn\u00e9ho po\u010das\u00ed. V p\u0159\u00edpad\u011b hezk\u00e9ho po\u010das\u00ed pro v\u00e1s m\u00e1me venkovn\u00ed h\u0159i\u0161t\u011b a mini zoo. <\/p>\n\n\n\n<p>Rezervace nejsou pot\u0159eba. T\u011b\u0161\u00edme se na v\u00e1s \ud83d\ude42 <\/p>\n\n\n\n<figure class=\"wp-block-image aligncenter size-large is-resized\"><img loading=\"lazy\" decoding=\"async\" width=\"819\" height=\"1024\" src=\"https:\/\/hrncirskydvurzviretice.cz\/wp-content\/uploads\/2025\/07\/4ku5-ig-HERNA-LETO-kopie-1-819x1024.jpg\" alt=\"\" class=\"wp-image-2671\" style=\"width:669px;height:auto\" srcset=\"https:\/\/hrncirskydvurzviretice.cz\/wp-content\/uploads\/2025\/07\/4ku5-ig-HERNA-LETO-kopie-1-819x1024.jpg 819w, https:\/\/hrncirskydvurzviretice.cz\/wp-content\/uploads\/2025\/07\/4ku5-ig-HERNA-LETO-kopie-1-240x300.jpg 240w, https:\/\/hrncirskydvurzviretice.cz\/wp-content\/uploads\/2025\/07\/4ku5-ig-HERNA-LETO-kopie-1-768x960.jpg 768w, https:\/\/hrncirskydvurzviretice.cz\/wp-content\/uploads\/2025\/07\/4ku5-ig-HERNA-LETO-kopie-1-1229x1536.jpg 1229w, https:\/\/hrncirskydvurzviretice.cz\/wp-content\/uploads\/2025\/07\/4ku5-ig-HERNA-LETO-kopie-1.jpg 1500w\" sizes=\"auto, (max-width: 819px) 100vw, 819px\" \/><\/figure>","protected":false},"excerpt":{"rendered":"<p>B\u011bhem letn\u00edch m\u011bs\u00edc\u016f (\u010derven, \u010dervenec, srpen) jsou na\u0161e velk\u00e1 i mal\u00e1 herna otev\u00edr\u00e1ny v p\u0159\u00edpad\u011b \u0161patn\u00e9ho po\u010das\u00ed. V p\u0159\u00edpad\u011b hezk\u00e9ho po\u010das\u00ed pro v\u00e1s m\u00e1me venkovn\u00ed h\u0159i\u0161t\u011b a mini zoo. Rezervace nejsou pot\u0159eba. T\u011b\u0161\u00edme se na v\u00e1s \ud83d\ude42<\/p>","protected":false},"author":3,"featured_media":0,"parent":0,"menu_order":0,"comment_status":"closed","ping_status":"closed","template":"","meta":{"_uag_custom_page_level_css":"","site-sidebar-layout":"default","site-content-layout":"","ast-site-content-layout":"default","site-content-style":"default","site-sidebar-style":"default","ast-global-header-display":"","ast-banner-title-visibility":"","ast-main-header-display":"","ast-hfb-above-header-display":"","ast-hfb-below-header-display":"","ast-hfb-mobile-header-display":"","site-post-title":"","ast-breadcrumbs-content":"","ast-featured-img":"","footer-sml-layout":"","theme-transparent-header-meta":"","adv-header-id-meta":"","stick-header-meta":"","header-above-stick-meta":"","header-main-stick-meta":"","header-below-stick-meta":"","astra-migrate-meta-layouts":"set","ast-page-background-enabled":"default","ast-page-background-meta":{"desktop":{"background-color":"","background-image":"","background-repeat":"repeat","background-position":"center center","background-size":"auto","background-attachment":"scroll","background-type":"","background-media":"","overlay-type":"","overlay-color":"","overlay-opacity":"","overlay-gradient":""},"tablet":{"background-color":"","background-image":"","background-repeat":"repeat","background-position":"center center","background-size":"auto","background-attachment":"scroll","background-type":"","background-media":"","overlay-type":"","overlay-color":"","overlay-opacity":"","overlay-gradient":""},"mobile":{"background-color":"","background-image":"","background-repeat":"repeat","background-position":"center center","background-size":"auto","background-attachment":"scroll","background-type":"","background-media":"","overlay-type":"","overlay-color":"","overlay-opacity":"","overlay-gradient":""}},"ast-content-background-meta":{"desktop":{"background-color":"var(--ast-global-color-5)","background-image":"","background-repeat":"repeat","background-position":"center center","background-size":"auto","background-attachment":"scroll","background-type":"","background-media":"","overlay-type":"","overlay-color":"","overlay-opacity":"","overlay-gradient":""},"tablet":{"background-color":"var(--ast-global-color-5)","background-image":"","background-repeat":"repeat","background-position":"center center","background-size":"auto","background-attachment":"scroll","background-type":"","background-media":"","overlay-type":"","overlay-color":"","overlay-opacity":"","overlay-gradient":""},"mobile":{"background-color":"var(--ast-global-color-5)","background-image":"","background-repeat":"repeat","background-position":"center center","background-size":"auto","background-attachment":"scroll","background-type":"","background-media":"","overlay-type":"","overlay-color":"","overlay-opacity":"","overlay-gradient":""}},"footnotes":""},"class_list":["post-2566","page","type-page","status-publish","hentry"],"yoast_head":"<!-- This site is optimized with the Yoast SEO plugin v27.4 - https:\/\/yoast.com\/product\/yoast-seo-wordpress\/ -->\n<title>Herni\u010dky v l\u00e9t\u011b - Hrn\u010d\u00ed\u0159sk\u00fd dv\u016fr Zv\u00ed\u0159etice<\/title>\n<meta name=\"robots\" content=\"index, follow, max-snippet:-1, max-image-preview:large, max-video-preview:-1\" \/>\n<link rel=\"canonical\" href=\"https:\/\/hrncirskydvurzviretice.cz\/de\/hernicky-v-lete\/\" \/>\n<meta property=\"og:locale\" content=\"de_DE\" \/>\n<meta property=\"og:type\" content=\"article\" \/>\n<meta property=\"og:title\" content=\"Herni\u010dky v l\u00e9t\u011b - Hrn\u010d\u00ed\u0159sk\u00fd dv\u016fr Zv\u00ed\u0159etice\" \/>\n<meta property=\"og:description\" content=\"B\u011bhem letn\u00edch m\u011bs\u00edc\u016f (\u010derven, \u010dervenec, srpen) jsou na\u0161e velk\u00e1 i mal\u00e1 herna otev\u00edr\u00e1ny v p\u0159\u00edpad\u011b \u0161patn\u00e9ho po\u010das\u00ed. V p\u0159\u00edpad\u011b hezk\u00e9ho po\u010das\u00ed pro v\u00e1s m\u00e1me venkovn\u00ed h\u0159i\u0161t\u011b a mini zoo. Rezervace nejsou pot\u0159eba. T\u011b\u0161\u00edme se na v\u00e1s \ud83d\ude42\" \/>\n<meta property=\"og:url\" content=\"https:\/\/hrncirskydvurzviretice.cz\/de\/hernicky-v-lete\/\" \/>\n<meta property=\"og:site_name\" content=\"Hrn\u010d\u00ed\u0159sk\u00fd dv\u016fr Zv\u00ed\u0159etice\" \/>\n<meta property=\"article:modified_time\" content=\"2025-07-22T11:26:35+00:00\" \/>\n<meta property=\"og:image\" content=\"https:\/\/hrncirskydvurzviretice.cz\/wp-content\/uploads\/2025\/07\/4ku5-ig-HERNA-LETO-kopie-1.jpg\" \/>\n\t<meta property=\"og:image:width\" content=\"1500\" \/>\n\t<meta property=\"og:image:height\" content=\"1875\" \/>\n\t<meta property=\"og:image:type\" content=\"image\/jpeg\" \/>\n<meta name=\"twitter:card\" content=\"summary_large_image\" \/>\n<meta name=\"twitter:label1\" content=\"Gesch\u00e4tzte Lesezeit\" \/>\n\t<meta name=\"twitter:data1\" content=\"1\u00a0Minute\" \/>\n<script type=\"application\/ld+json\" class=\"yoast-schema-graph\">{\"@context\":\"https:\\\/\\\/schema.org\",\"@graph\":[{\"@type\":\"WebPage\",\"@id\":\"https:\\\/\\\/hrncirskydvurzviretice.cz\\\/hernicky-v-lete\\\/\",\"url\":\"https:\\\/\\\/hrncirskydvurzviretice.cz\\\/hernicky-v-lete\\\/\",\"name\":\"Herni\u010dky v l\u00e9t\u011b - Hrn\u010d\u00ed\u0159sk\u00fd dv\u016fr Zv\u00ed\u0159etice\",\"isPartOf\":{\"@id\":\"https:\\\/\\\/hrncirskydvurzviretice.cz\\\/#website\"},\"primaryImageOfPage\":{\"@id\":\"https:\\\/\\\/hrncirskydvurzviretice.cz\\\/hernicky-v-lete\\\/#primaryimage\"},\"image\":{\"@id\":\"https:\\\/\\\/hrncirskydvurzviretice.cz\\\/hernicky-v-lete\\\/#primaryimage\"},\"thumbnailUrl\":\"https:\\\/\\\/hrncirskydvurzviretice.cz\\\/wp-content\\\/uploads\\\/2025\\\/07\\\/4ku5-ig-HERNA-LETO-kopie-1-819x1024.jpg\",\"datePublished\":\"2025-06-21T15:42:38+00:00\",\"dateModified\":\"2025-07-22T11:26:35+00:00\",\"breadcrumb\":{\"@id\":\"https:\\\/\\\/hrncirskydvurzviretice.cz\\\/hernicky-v-lete\\\/#breadcrumb\"},\"inLanguage\":\"de\",\"potentialAction\":[{\"@type\":\"ReadAction\",\"target\":[\"https:\\\/\\\/hrncirskydvurzviretice.cz\\\/hernicky-v-lete\\\/\"]}]},{\"@type\":\"ImageObject\",\"inLanguage\":\"de\",\"@id\":\"https:\\\/\\\/hrncirskydvurzviretice.cz\\\/hernicky-v-lete\\\/#primaryimage\",\"url\":\"https:\\\/\\\/hrncirskydvurzviretice.cz\\\/wp-content\\\/uploads\\\/2025\\\/07\\\/4ku5-ig-HERNA-LETO-kopie-1-819x1024.jpg\",\"contentUrl\":\"https:\\\/\\\/hrncirskydvurzviretice.cz\\\/wp-content\\\/uploads\\\/2025\\\/07\\\/4ku5-ig-HERNA-LETO-kopie-1-819x1024.jpg\"},{\"@type\":\"BreadcrumbList\",\"@id\":\"https:\\\/\\\/hrncirskydvurzviretice.cz\\\/hernicky-v-lete\\\/#breadcrumb\",\"itemListElement\":[{\"@type\":\"ListItem\",\"position\":1,\"name\":\"Dom\u016f\",\"item\":\"https:\\\/\\\/hrncirskydvurzviretice.cz\\\/\"},{\"@type\":\"ListItem\",\"position\":2,\"name\":\"Herni\u010dky v l\u00e9t\u011b\"}]},{\"@type\":\"WebSite\",\"@id\":\"https:\\\/\\\/hrncirskydvurzviretice.cz\\\/#website\",\"url\":\"https:\\\/\\\/hrncirskydvurzviretice.cz\\\/\",\"name\":\"Hrn\u010d\u00ed\u0159sk\u00fd dv\u016fr Zv\u00ed\u0159etice\",\"description\":\"\",\"potentialAction\":[{\"@type\":\"SearchAction\",\"target\":{\"@type\":\"EntryPoint\",\"urlTemplate\":\"https:\\\/\\\/hrncirskydvurzviretice.cz\\\/?s={search_term_string}\"},\"query-input\":{\"@type\":\"PropertyValueSpecification\",\"valueRequired\":true,\"valueName\":\"search_term_string\"}}],\"inLanguage\":\"de\"}]}<\/script>\n<!-- \/ Yoast SEO plugin. -->","yoast_head_json":{"title":"Herni\u010dky v l\u00e9t\u011b - Hrn\u010d\u00ed\u0159sk\u00fd dv\u016fr Zv\u00ed\u0159etice","robots":{"index":"index","follow":"follow","max-snippet":"max-snippet:-1","max-image-preview":"max-image-preview:large","max-video-preview":"max-video-preview:-1"},"canonical":"https:\/\/hrncirskydvurzviretice.cz\/de\/hernicky-v-lete\/","og_locale":"de_DE","og_type":"article","og_title":"Herni\u010dky v l\u00e9t\u011b - Hrn\u010d\u00ed\u0159sk\u00fd dv\u016fr Zv\u00ed\u0159etice","og_description":"B\u011bhem letn\u00edch m\u011bs\u00edc\u016f (\u010derven, \u010dervenec, srpen) jsou na\u0161e velk\u00e1 i mal\u00e1 herna otev\u00edr\u00e1ny v p\u0159\u00edpad\u011b \u0161patn\u00e9ho po\u010das\u00ed. V p\u0159\u00edpad\u011b hezk\u00e9ho po\u010das\u00ed pro v\u00e1s m\u00e1me venkovn\u00ed h\u0159i\u0161t\u011b a mini zoo. Rezervace nejsou pot\u0159eba. T\u011b\u0161\u00edme se na v\u00e1s \ud83d\ude42","og_url":"https:\/\/hrncirskydvurzviretice.cz\/de\/hernicky-v-lete\/","og_site_name":"Hrn\u010d\u00ed\u0159sk\u00fd dv\u016fr Zv\u00ed\u0159etice","article_modified_time":"2025-07-22T11:26:35+00:00","og_image":[{"width":1500,"height":1875,"url":"https:\/\/hrncirskydvurzviretice.cz\/wp-content\/uploads\/2025\/07\/4ku5-ig-HERNA-LETO-kopie-1.jpg","type":"image\/jpeg"}],"twitter_card":"summary_large_image","twitter_misc":{"Gesch\u00e4tzte Lesezeit":"1\u00a0Minute"},"schema":{"@context":"https:\/\/schema.org","@graph":[{"@type":"WebPage","@id":"https:\/\/hrncirskydvurzviretice.cz\/hernicky-v-lete\/","url":"https:\/\/hrncirskydvurzviretice.cz\/hernicky-v-lete\/","name":"Herni\u010dky v l\u00e9t\u011b - Hrn\u010d\u00ed\u0159sk\u00fd dv\u016fr Zv\u00ed\u0159etice","isPartOf":{"@id":"https:\/\/hrncirskydvurzviretice.cz\/#website"},"primaryImageOfPage":{"@id":"https:\/\/hrncirskydvurzviretice.cz\/hernicky-v-lete\/#primaryimage"},"image":{"@id":"https:\/\/hrncirskydvurzviretice.cz\/hernicky-v-lete\/#primaryimage"},"thumbnailUrl":"https:\/\/hrncirskydvurzviretice.cz\/wp-content\/uploads\/2025\/07\/4ku5-ig-HERNA-LETO-kopie-1-819x1024.jpg","datePublished":"2025-06-21T15:42:38+00:00","dateModified":"2025-07-22T11:26:35+00:00","breadcrumb":{"@id":"https:\/\/hrncirskydvurzviretice.cz\/hernicky-v-lete\/#breadcrumb"},"inLanguage":"de","potentialAction":[{"@type":"ReadAction","target":["https:\/\/hrncirskydvurzviretice.cz\/hernicky-v-lete\/"]}]},{"@type":"ImageObject","inLanguage":"de","@id":"https:\/\/hrncirskydvurzviretice.cz\/hernicky-v-lete\/#primaryimage","url":"https:\/\/hrncirskydvurzviretice.cz\/wp-content\/uploads\/2025\/07\/4ku5-ig-HERNA-LETO-kopie-1-819x1024.jpg","contentUrl":"https:\/\/hrncirskydvurzviretice.cz\/wp-content\/uploads\/2025\/07\/4ku5-ig-HERNA-LETO-kopie-1-819x1024.jpg"},{"@type":"BreadcrumbList","@id":"https:\/\/hrncirskydvurzviretice.cz\/hernicky-v-lete\/#breadcrumb","itemListElement":[{"@type":"ListItem","position":1,"name":"Dom\u016f","item":"https:\/\/hrncirskydvurzviretice.cz\/"},{"@type":"ListItem","position":2,"name":"Herni\u010dky v l\u00e9t\u011b"}]},{"@type":"WebSite","@id":"https:\/\/hrncirskydvurzviretice.cz\/#website","url":"https:\/\/hrncirskydvurzviretice.cz\/","name":"T\u00f6pferhof Zv\u00ed\u0159etice","description":"","potentialAction":[{"@type":"SearchAction","target":{"@type":"EntryPoint","urlTemplate":"https:\/\/hrncirskydvurzviretice.cz\/?s={search_term_string}"},"query-input":{"@type":"PropertyValueSpecification","valueRequired":true,"valueName":"search_term_string"}}],"inLanguage":"de"}]}},"uagb_featured_image_src":{"full":false,"thumbnail":false,"medium":false,"medium_large":false,"large":false,"1536x1536":false,"2048x2048":false,"trp-custom-language-flag":false},"uagb_author_info":{"display_name":"Luk\u00e1\u0161 Bilinec","author_link":"https:\/\/hrncirskydvurzviretice.cz\/de\/author\/lukasibilinecgmail-com\/"},"uagb_comment_info":0,"uagb_excerpt":"B\u011bhem letn\u00edch m\u011bs\u00edc\u016f (\u010derven, \u010dervenec, srpen) jsou na\u0161e velk\u00e1 i mal\u00e1 herna otev\u00edr\u00e1ny v p\u0159\u00edpad\u011b \u0161patn\u00e9ho po\u010das\u00ed. V p\u0159\u00edpad\u011b hezk\u00e9ho po\u010das\u00ed pro v\u00e1s m\u00e1me venkovn\u00ed h\u0159i\u0161t\u011b a mini zoo. Rezervace nejsou pot\u0159eba. T\u011b\u0161\u00edme se na v\u00e1s \ud83d\ude42","jetpack_sharing_enabled":true,"_links":{"self":[{"href":"https:\/\/hrncirskydvurzviretice.cz\/de\/wp-json\/wp\/v2\/pages\/2566","targetHints":{"allow":["GET"]}}],"collection":[{"href":"https:\/\/hrncirskydvurzviretice.cz\/de\/wp-json\/wp\/v2\/pages"}],"about":[{"href":"https:\/\/hrncirskydvurzviretice.cz\/de\/wp-json\/wp\/v2\/types\/page"}],"author":[{"embeddable":true,"href":"https:\/\/hrncirskydvurzviretice.cz\/de\/wp-json\/wp\/v2\/users\/3"}],"replies":[{"embeddable":true,"href":"https:\/\/hrncirskydvurzviretice.cz\/de\/wp-json\/wp\/v2\/comments?post=2566"}],"version-history":[{"count":2,"href":"https:\/\/hrncirskydvurzviretice.cz\/de\/wp-json\/wp\/v2\/pages\/2566\/revisions"}],"predecessor-version":[{"id":2672,"href":"https:\/\/hrncirskydvurzviretice.cz\/de\/wp-json\/wp\/v2\/pages\/2566\/revisions\/2672"}],"wp:attachment":[{"href":"https:\/\/hrncirskydvurzviretice.cz\/de\/wp-json\/wp\/v2\/media?parent=2566"}],"curies":[{"name":"wp","href":"https:\/\/api.w.org\/{rel}","templated":true}]}}