{"id":2252,"date":"2024-11-25T00:22:43","date_gmt":"2024-11-24T23:22:43","guid":{"rendered":"https:\/\/hrncirskydvurzviretice.cz\/?page_id=2252"},"modified":"2024-12-07T12:05:05","modified_gmt":"2024-12-07T11:05:05","slug":"ubytovani-2","status":"publish","type":"page","link":"https:\/\/hrncirskydvurzviretice.cz\/de\/ubytovani-2\/","title":{"rendered":"Unterkunft"},"content":{"rendered":"<p>V tuto chv\u00edli ubytov\u00e1n\u00ed v prostor\u00e1ch Hrn\u010d\u00ed\u0159sk\u00e9ho dvoru Zv\u00ed\u0159etice nenab\u00edz\u00edme. Pokud k n\u00e1m jedete z velk\u00e9 d\u00e1lky, doporu\u010dujeme v\u00e1m v\u0161ak ubytovat se v bl\u00edzk\u00e9m <strong><a href=\"https:\/\/www.aparthotelnaklenici.cz\/cs\/\">Aparthotelu Na Klenici<\/a><\/strong>, kter\u00fd se nach\u00e1z\u00ed v historick\u00e9 \u010d\u00e1sti Mlad\u00e9 Boleslavi.<\/p>\n\n\n\n<p><\/p>\n\n\n\n<p>&#8211; kids-friendly hotel naleznete 15 km od Hrn\u010d\u00ed\u0159sk\u00e9ho Dvora\u00a0<\/p>\n\n\n\n<p>&#8211; are\u00e1l b\u00fdval\u00e9 tov\u00e1rny s 300 letou histori\u00ed nab\u00edz\u00ed modern\u011b za\u0159\u00edzen\u00e9 a pln\u011b vybaven\u00e9 apartm\u00e1ny s kr\u00e1sn\u00fdmi v\u00fdhledy a klidn\u00fd odpo\u010dinek bl\u00edzko p\u0159\u00edrod\u011b (od p\u0159ilehl\u00e9ho lesoparku \u0160t\u011bp\u00e1nka je to jen p\u00e1r kilometr\u016f do \u010cesk\u00e9ho r\u00e1je)<\/p>\n\n\n\n<p>&#8211; dom\u00e1c\u00ed sn\u00eddan\u011b ve stylov\u00e9m C\u00e1fe bistru s mal\u00fdm d\u011btsk\u00fdm koutkem, ob\u011bdy a ve\u010de\u0159e v eMBe pivovaru a restauraci v kr\u00e1sn\u00fdch prostorech b\u00fdval\u00e9 barokn\u00ed sladovny&nbsp;<\/p>\n\n\n\n<p><\/p>\n\n\n\n<p>&#8211;<strong>\u00a0e-mail:<\/strong> <a href=\"mailto:info@aparthotelnaklenici.cz\">info@aparthotelnaklenici.cz<\/a><\/p>\n\n\n\n<p>&#8211; <strong>tel.:<\/strong> 728 156 166\u00a0<\/p>\n\n\n\n<p>&#8211; Cena apartm\u00e1nu COMFORT od 2200 K\u010d&nbsp;<\/p>\n\n\n\n<p><\/p>\n\n\n\n<figure class=\"wp-block-gallery has-nested-images columns-default is-cropped wp-block-gallery-1 is-layout-flex wp-block-gallery-is-layout-flex\">\n<figure class=\"wp-block-image size-large\"><img loading=\"lazy\" decoding=\"async\" width=\"1024\" height=\"1024\" data-id=\"2319\" src=\"https:\/\/hrncirskydvurzviretice.cz\/wp-content\/uploads\/2024\/12\/i-1-of-101-2-scaled-2-1024x1024.jpg\" alt=\"\" class=\"wp-image-2319\" srcset=\"https:\/\/hrncirskydvurzviretice.cz\/wp-content\/uploads\/2024\/12\/i-1-of-101-2-scaled-2-1024x1024.jpg 1024w, https:\/\/hrncirskydvurzviretice.cz\/wp-content\/uploads\/2024\/12\/i-1-of-101-2-scaled-2-300x300.jpg 300w, https:\/\/hrncirskydvurzviretice.cz\/wp-content\/uploads\/2024\/12\/i-1-of-101-2-scaled-2-150x150.jpg 150w, https:\/\/hrncirskydvurzviretice.cz\/wp-content\/uploads\/2024\/12\/i-1-of-101-2-scaled-2-768x768.jpg 768w, https:\/\/hrncirskydvurzviretice.cz\/wp-content\/uploads\/2024\/12\/i-1-of-101-2-scaled-2.jpg 1366w\" sizes=\"auto, (max-width: 1024px) 100vw, 1024px\" \/><\/figure>\n\n\n\n<figure class=\"wp-block-image size-large\"><img loading=\"lazy\" decoding=\"async\" width=\"1024\" height=\"1024\" data-id=\"2320\" src=\"https:\/\/hrncirskydvurzviretice.cz\/wp-content\/uploads\/2024\/12\/302-9-2-scaled-2-1024x1024.jpg\" alt=\"\" class=\"wp-image-2320\" srcset=\"https:\/\/hrncirskydvurzviretice.cz\/wp-content\/uploads\/2024\/12\/302-9-2-scaled-2-1024x1024.jpg 1024w, https:\/\/hrncirskydvurzviretice.cz\/wp-content\/uploads\/2024\/12\/302-9-2-scaled-2-300x300.jpg 300w, https:\/\/hrncirskydvurzviretice.cz\/wp-content\/uploads\/2024\/12\/302-9-2-scaled-2-150x150.jpg 150w, https:\/\/hrncirskydvurzviretice.cz\/wp-content\/uploads\/2024\/12\/302-9-2-scaled-2-768x768.jpg 768w, https:\/\/hrncirskydvurzviretice.cz\/wp-content\/uploads\/2024\/12\/302-9-2-scaled-2-1536x1536.jpg 1536w, https:\/\/hrncirskydvurzviretice.cz\/wp-content\/uploads\/2024\/12\/302-9-2-scaled-2.jpg 1707w\" sizes=\"auto, (max-width: 1024px) 100vw, 1024px\" \/><\/figure>\n<\/figure>","protected":false},"excerpt":{"rendered":"<p>V tuto chv\u00edli ubytov\u00e1n\u00ed v prostor\u00e1ch Hrn\u010d\u00ed\u0159sk\u00e9ho dvoru Zv\u00ed\u0159etice nenab\u00edz\u00edme. Pokud k n\u00e1m jedete z velk\u00e9 d\u00e1lky, doporu\u010dujeme v\u00e1m v\u0161ak ubytovat se v bl\u00edzk\u00e9m Aparthotelu Na Klenici, kter\u00fd se nach\u00e1z\u00ed v historick\u00e9 \u010d\u00e1sti Mlad\u00e9 Boleslavi. &#8211; kids-friendly hotel naleznete 15 km od Hrn\u010d\u00ed\u0159sk\u00e9ho Dvora\u00a0 &#8211; are\u00e1l b\u00fdval\u00e9 tov\u00e1rny s 300 letou histori\u00ed nab\u00edz\u00ed modern\u011b za\u0159\u00edzen\u00e9 [&hellip;]<\/p>","protected":false},"author":3,"featured_media":0,"parent":0,"menu_order":0,"comment_status":"closed","ping_status":"closed","template":"","meta":{"_uag_custom_page_level_css":"","site-sidebar-layout":"default","site-content-layout":"","ast-site-content-layout":"default","site-content-style":"default","site-sidebar-style":"default","ast-global-header-display":"","ast-banner-title-visibility":"","ast-main-header-display":"","ast-hfb-above-header-display":"","ast-hfb-below-header-display":"","ast-hfb-mobile-header-display":"","site-post-title":"","ast-breadcrumbs-content":"","ast-featured-img":"","footer-sml-layout":"","theme-transparent-header-meta":"","adv-header-id-meta":"","stick-header-meta":"","header-above-stick-meta":"","header-main-stick-meta":"","header-below-stick-meta":"","astra-migrate-meta-layouts":"set","ast-page-background-enabled":"default","ast-page-background-meta":{"desktop":{"background-color":"","background-image":"","background-repeat":"repeat","background-position":"center center","background-size":"auto","background-attachment":"scroll","background-type":"","background-media":"","overlay-type":"","overlay-color":"","overlay-opacity":"","overlay-gradient":""},"tablet":{"background-color":"","background-image":"","background-repeat":"repeat","background-position":"center center","background-size":"auto","background-attachment":"scroll","background-type":"","background-media":"","overlay-type":"","overlay-color":"","overlay-opacity":"","overlay-gradient":""},"mobile":{"background-color":"","background-image":"","background-repeat":"repeat","background-position":"center center","background-size":"auto","background-attachment":"scroll","background-type":"","background-media":"","overlay-type":"","overlay-color":"","overlay-opacity":"","overlay-gradient":""}},"ast-content-background-meta":{"desktop":{"background-color":"var(--ast-global-color-5)","background-image":"","background-repeat":"repeat","background-position":"center center","background-size":"auto","background-attachment":"scroll","background-type":"","background-media":"","overlay-type":"","overlay-color":"","overlay-opacity":"","overlay-gradient":""},"tablet":{"background-color":"var(--ast-global-color-5)","background-image":"","background-repeat":"repeat","background-position":"center center","background-size":"auto","background-attachment":"scroll","background-type":"","background-media":"","overlay-type":"","overlay-color":"","overlay-opacity":"","overlay-gradient":""},"mobile":{"background-color":"var(--ast-global-color-5)","background-image":"","background-repeat":"repeat","background-position":"center center","background-size":"auto","background-attachment":"scroll","background-type":"","background-media":"","overlay-type":"","overlay-color":"","overlay-opacity":"","overlay-gradient":""}},"footnotes":""},"class_list":["post-2252","page","type-page","status-publish","hentry"],"yoast_head":"<!-- This site is optimized with the Yoast SEO plugin v27.4 - https:\/\/yoast.com\/product\/yoast-seo-wordpress\/ -->\n<title>Ubytov\u00e1n\u00ed - Hrn\u010d\u00ed\u0159sk\u00fd dv\u016fr Zv\u00ed\u0159etice<\/title>\n<meta name=\"robots\" content=\"index, follow, max-snippet:-1, max-image-preview:large, max-video-preview:-1\" \/>\n<link rel=\"canonical\" href=\"https:\/\/hrncirskydvurzviretice.cz\/de\/ubytovani-2\/\" \/>\n<meta property=\"og:locale\" content=\"de_DE\" \/>\n<meta property=\"og:type\" content=\"article\" \/>\n<meta property=\"og:title\" content=\"Ubytov\u00e1n\u00ed - Hrn\u010d\u00ed\u0159sk\u00fd dv\u016fr Zv\u00ed\u0159etice\" \/>\n<meta property=\"og:description\" content=\"V tuto chv\u00edli ubytov\u00e1n\u00ed v prostor\u00e1ch Hrn\u010d\u00ed\u0159sk\u00e9ho dvoru Zv\u00ed\u0159etice nenab\u00edz\u00edme. Pokud k n\u00e1m jedete z velk\u00e9 d\u00e1lky, doporu\u010dujeme v\u00e1m v\u0161ak ubytovat se v bl\u00edzk\u00e9m Aparthotelu Na Klenici, kter\u00fd se nach\u00e1z\u00ed v historick\u00e9 \u010d\u00e1sti Mlad\u00e9 Boleslavi. &#8211; kids-friendly hotel naleznete 15 km od Hrn\u010d\u00ed\u0159sk\u00e9ho Dvora\u00a0 &#8211; are\u00e1l b\u00fdval\u00e9 tov\u00e1rny s 300 letou histori\u00ed nab\u00edz\u00ed modern\u011b za\u0159\u00edzen\u00e9 [&hellip;]\" \/>\n<meta property=\"og:url\" content=\"https:\/\/hrncirskydvurzviretice.cz\/de\/ubytovani-2\/\" \/>\n<meta property=\"og:site_name\" content=\"Hrn\u010d\u00ed\u0159sk\u00fd dv\u016fr Zv\u00ed\u0159etice\" \/>\n<meta property=\"article:modified_time\" content=\"2024-12-07T11:05:05+00:00\" \/>\n<meta property=\"og:image\" content=\"https:\/\/hrncirskydvurzviretice.cz\/wp-content\/uploads\/2024\/12\/i-1-of-101-2-scaled-2.jpg\" \/>\n\t<meta property=\"og:image:width\" content=\"1366\" \/>\n\t<meta property=\"og:image:height\" content=\"1366\" \/>\n\t<meta property=\"og:image:type\" content=\"image\/jpeg\" \/>\n<meta name=\"twitter:card\" content=\"summary_large_image\" \/>\n<meta name=\"twitter:label1\" content=\"Gesch\u00e4tzte Lesezeit\" \/>\n\t<meta name=\"twitter:data1\" content=\"2\u00a0Minuten\" \/>\n<script type=\"application\/ld+json\" class=\"yoast-schema-graph\">{\"@context\":\"https:\\\/\\\/schema.org\",\"@graph\":[{\"@type\":\"WebPage\",\"@id\":\"https:\\\/\\\/hrncirskydvurzviretice.cz\\\/ubytovani-2\\\/\",\"url\":\"https:\\\/\\\/hrncirskydvurzviretice.cz\\\/ubytovani-2\\\/\",\"name\":\"Ubytov\u00e1n\u00ed - Hrn\u010d\u00ed\u0159sk\u00fd dv\u016fr Zv\u00ed\u0159etice\",\"isPartOf\":{\"@id\":\"https:\\\/\\\/hrncirskydvurzviretice.cz\\\/#website\"},\"primaryImageOfPage\":{\"@id\":\"https:\\\/\\\/hrncirskydvurzviretice.cz\\\/ubytovani-2\\\/#primaryimage\"},\"image\":{\"@id\":\"https:\\\/\\\/hrncirskydvurzviretice.cz\\\/ubytovani-2\\\/#primaryimage\"},\"thumbnailUrl\":\"https:\\\/\\\/hrncirskydvurzviretice.cz\\\/wp-content\\\/uploads\\\/2024\\\/12\\\/i-1-of-101-2-scaled-2-1024x1024.jpg\",\"datePublished\":\"2024-11-24T23:22:43+00:00\",\"dateModified\":\"2024-12-07T11:05:05+00:00\",\"breadcrumb\":{\"@id\":\"https:\\\/\\\/hrncirskydvurzviretice.cz\\\/ubytovani-2\\\/#breadcrumb\"},\"inLanguage\":\"de\",\"potentialAction\":[{\"@type\":\"ReadAction\",\"target\":[\"https:\\\/\\\/hrncirskydvurzviretice.cz\\\/ubytovani-2\\\/\"]}]},{\"@type\":\"ImageObject\",\"inLanguage\":\"de\",\"@id\":\"https:\\\/\\\/hrncirskydvurzviretice.cz\\\/ubytovani-2\\\/#primaryimage\",\"url\":\"https:\\\/\\\/hrncirskydvurzviretice.cz\\\/wp-content\\\/uploads\\\/2024\\\/12\\\/i-1-of-101-2-scaled-2-1024x1024.jpg\",\"contentUrl\":\"https:\\\/\\\/hrncirskydvurzviretice.cz\\\/wp-content\\\/uploads\\\/2024\\\/12\\\/i-1-of-101-2-scaled-2-1024x1024.jpg\"},{\"@type\":\"BreadcrumbList\",\"@id\":\"https:\\\/\\\/hrncirskydvurzviretice.cz\\\/ubytovani-2\\\/#breadcrumb\",\"itemListElement\":[{\"@type\":\"ListItem\",\"position\":1,\"name\":\"Dom\u016f\",\"item\":\"https:\\\/\\\/hrncirskydvurzviretice.cz\\\/\"},{\"@type\":\"ListItem\",\"position\":2,\"name\":\"Ubytov\u00e1n\u00ed\"}]},{\"@type\":\"WebSite\",\"@id\":\"https:\\\/\\\/hrncirskydvurzviretice.cz\\\/#website\",\"url\":\"https:\\\/\\\/hrncirskydvurzviretice.cz\\\/\",\"name\":\"Hrn\u010d\u00ed\u0159sk\u00fd dv\u016fr Zv\u00ed\u0159etice\",\"description\":\"\",\"potentialAction\":[{\"@type\":\"SearchAction\",\"target\":{\"@type\":\"EntryPoint\",\"urlTemplate\":\"https:\\\/\\\/hrncirskydvurzviretice.cz\\\/?s={search_term_string}\"},\"query-input\":{\"@type\":\"PropertyValueSpecification\",\"valueRequired\":true,\"valueName\":\"search_term_string\"}}],\"inLanguage\":\"de\"}]}<\/script>\n<!-- \/ Yoast SEO plugin. -->","yoast_head_json":{"title":"Ubytov\u00e1n\u00ed - Hrn\u010d\u00ed\u0159sk\u00fd dv\u016fr Zv\u00ed\u0159etice","robots":{"index":"index","follow":"follow","max-snippet":"max-snippet:-1","max-image-preview":"max-image-preview:large","max-video-preview":"max-video-preview:-1"},"canonical":"https:\/\/hrncirskydvurzviretice.cz\/de\/ubytovani-2\/","og_locale":"de_DE","og_type":"article","og_title":"Ubytov\u00e1n\u00ed - Hrn\u010d\u00ed\u0159sk\u00fd dv\u016fr Zv\u00ed\u0159etice","og_description":"V tuto chv\u00edli ubytov\u00e1n\u00ed v prostor\u00e1ch Hrn\u010d\u00ed\u0159sk\u00e9ho dvoru Zv\u00ed\u0159etice nenab\u00edz\u00edme. Pokud k n\u00e1m jedete z velk\u00e9 d\u00e1lky, doporu\u010dujeme v\u00e1m v\u0161ak ubytovat se v bl\u00edzk\u00e9m Aparthotelu Na Klenici, kter\u00fd se nach\u00e1z\u00ed v historick\u00e9 \u010d\u00e1sti Mlad\u00e9 Boleslavi. &#8211; kids-friendly hotel naleznete 15 km od Hrn\u010d\u00ed\u0159sk\u00e9ho Dvora\u00a0 &#8211; are\u00e1l b\u00fdval\u00e9 tov\u00e1rny s 300 letou histori\u00ed nab\u00edz\u00ed modern\u011b za\u0159\u00edzen\u00e9 [&hellip;]","og_url":"https:\/\/hrncirskydvurzviretice.cz\/de\/ubytovani-2\/","og_site_name":"Hrn\u010d\u00ed\u0159sk\u00fd dv\u016fr Zv\u00ed\u0159etice","article_modified_time":"2024-12-07T11:05:05+00:00","og_image":[{"width":1366,"height":1366,"url":"https:\/\/hrncirskydvurzviretice.cz\/wp-content\/uploads\/2024\/12\/i-1-of-101-2-scaled-2.jpg","type":"image\/jpeg"}],"twitter_card":"summary_large_image","twitter_misc":{"Gesch\u00e4tzte Lesezeit":"2\u00a0Minuten"},"schema":{"@context":"https:\/\/schema.org","@graph":[{"@type":"WebPage","@id":"https:\/\/hrncirskydvurzviretice.cz\/ubytovani-2\/","url":"https:\/\/hrncirskydvurzviretice.cz\/ubytovani-2\/","name":"Ubytov\u00e1n\u00ed - Hrn\u010d\u00ed\u0159sk\u00fd dv\u016fr Zv\u00ed\u0159etice","isPartOf":{"@id":"https:\/\/hrncirskydvurzviretice.cz\/#website"},"primaryImageOfPage":{"@id":"https:\/\/hrncirskydvurzviretice.cz\/ubytovani-2\/#primaryimage"},"image":{"@id":"https:\/\/hrncirskydvurzviretice.cz\/ubytovani-2\/#primaryimage"},"thumbnailUrl":"https:\/\/hrncirskydvurzviretice.cz\/wp-content\/uploads\/2024\/12\/i-1-of-101-2-scaled-2-1024x1024.jpg","datePublished":"2024-11-24T23:22:43+00:00","dateModified":"2024-12-07T11:05:05+00:00","breadcrumb":{"@id":"https:\/\/hrncirskydvurzviretice.cz\/ubytovani-2\/#breadcrumb"},"inLanguage":"de","potentialAction":[{"@type":"ReadAction","target":["https:\/\/hrncirskydvurzviretice.cz\/ubytovani-2\/"]}]},{"@type":"ImageObject","inLanguage":"de","@id":"https:\/\/hrncirskydvurzviretice.cz\/ubytovani-2\/#primaryimage","url":"https:\/\/hrncirskydvurzviretice.cz\/wp-content\/uploads\/2024\/12\/i-1-of-101-2-scaled-2-1024x1024.jpg","contentUrl":"https:\/\/hrncirskydvurzviretice.cz\/wp-content\/uploads\/2024\/12\/i-1-of-101-2-scaled-2-1024x1024.jpg"},{"@type":"BreadcrumbList","@id":"https:\/\/hrncirskydvurzviretice.cz\/ubytovani-2\/#breadcrumb","itemListElement":[{"@type":"ListItem","position":1,"name":"Dom\u016f","item":"https:\/\/hrncirskydvurzviretice.cz\/"},{"@type":"ListItem","position":2,"name":"Ubytov\u00e1n\u00ed"}]},{"@type":"WebSite","@id":"https:\/\/hrncirskydvurzviretice.cz\/#website","url":"https:\/\/hrncirskydvurzviretice.cz\/","name":"T\u00f6pferhof Zv\u00ed\u0159etice","description":"","potentialAction":[{"@type":"SearchAction","target":{"@type":"EntryPoint","urlTemplate":"https:\/\/hrncirskydvurzviretice.cz\/?s={search_term_string}"},"query-input":{"@type":"PropertyValueSpecification","valueRequired":true,"valueName":"search_term_string"}}],"inLanguage":"de"}]}},"uagb_featured_image_src":{"full":false,"thumbnail":false,"medium":false,"medium_large":false,"large":false,"1536x1536":false,"2048x2048":false,"trp-custom-language-flag":false},"uagb_author_info":{"display_name":"Luk\u00e1\u0161 Bilinec","author_link":"https:\/\/hrncirskydvurzviretice.cz\/de\/author\/lukasibilinecgmail-com\/"},"uagb_comment_info":0,"uagb_excerpt":"V tuto chv\u00edli ubytov\u00e1n\u00ed v prostor\u00e1ch Hrn\u010d\u00ed\u0159sk\u00e9ho dvoru Zv\u00ed\u0159etice nenab\u00edz\u00edme. Pokud k n\u00e1m jedete z velk\u00e9 d\u00e1lky, doporu\u010dujeme v\u00e1m v\u0161ak ubytovat se v bl\u00edzk\u00e9m Aparthotelu Na Klenici, kter\u00fd se nach\u00e1z\u00ed v historick\u00e9 \u010d\u00e1sti Mlad\u00e9 Boleslavi. &#8211; kids-friendly hotel naleznete 15 km od Hrn\u010d\u00ed\u0159sk\u00e9ho Dvora\u00a0 &#8211; are\u00e1l b\u00fdval\u00e9 tov\u00e1rny s 300 letou histori\u00ed nab\u00edz\u00ed modern\u011b za\u0159\u00edzen\u00e9&hellip;","jetpack_sharing_enabled":true,"_links":{"self":[{"href":"https:\/\/hrncirskydvurzviretice.cz\/de\/wp-json\/wp\/v2\/pages\/2252","targetHints":{"allow":["GET"]}}],"collection":[{"href":"https:\/\/hrncirskydvurzviretice.cz\/de\/wp-json\/wp\/v2\/pages"}],"about":[{"href":"https:\/\/hrncirskydvurzviretice.cz\/de\/wp-json\/wp\/v2\/types\/page"}],"author":[{"embeddable":true,"href":"https:\/\/hrncirskydvurzviretice.cz\/de\/wp-json\/wp\/v2\/users\/3"}],"replies":[{"embeddable":true,"href":"https:\/\/hrncirskydvurzviretice.cz\/de\/wp-json\/wp\/v2\/comments?post=2252"}],"version-history":[{"count":2,"href":"https:\/\/hrncirskydvurzviretice.cz\/de\/wp-json\/wp\/v2\/pages\/2252\/revisions"}],"predecessor-version":[{"id":2321,"href":"https:\/\/hrncirskydvurzviretice.cz\/de\/wp-json\/wp\/v2\/pages\/2252\/revisions\/2321"}],"wp:attachment":[{"href":"https:\/\/hrncirskydvurzviretice.cz\/de\/wp-json\/wp\/v2\/media?parent=2252"}],"curies":[{"name":"wp","href":"https:\/\/api.w.org\/{rel}","templated":true}]}}