{"id":2217,"date":"2024-11-18T18:30:34","date_gmt":"2024-11-18T17:30:34","guid":{"rendered":"https:\/\/hrncirskydvurzviretice.cz\/?page_id=2217"},"modified":"2026-03-25T15:16:14","modified_gmt":"2026-03-25T14:16:14","slug":"mala-detska-herna","status":"publish","type":"page","link":"https:\/\/hrncirskydvurzviretice.cz\/de\/mala-detska-herna\/","title":{"rendered":"Kleines Spielzimmer f\u00fcr Kinder"},"content":{"rendered":"<p class=\"has-text-align-left\">Liebe Besucher,<\/p>\n\n\n\n<ul class=\"wp-block-list\">\n<li><strong>Velk\u00e1 kuli\u010dkov\u00e1 herna\u00a0<\/strong>v provozu\u00a0<img loading=\"lazy\" decoding=\"async\" width=\"16\" height=\"16\" src=\"https:\/\/lh7-rt.googleusercontent.com\/docsz\/AD_4nXd7rASHuFcIvx29thKsL_RLNuf7b8ZLsxRU7NxijRCbFiSHWNPE2iNEpnWZqZxjSVgJ_uIBcGpkKxcKU_8WFtco6aJqMlSt-xE6Jzgt2zhWivlz3ZmXiH7qX8XYMR1SZsxjNyoaUHW67xig771BW2gt0aJU?key=vMtPzeJRJKEhFmodRprRxg\" alt=\"\ud83d\udfe2\"> &#8211; bez rezervace<\/li>\n\n\n\n<li><strong>Kleines Spielzimmer f\u00fcr Kinder<\/strong> v provozu\u00a0<img loading=\"lazy\" decoding=\"async\" width=\"16\" height=\"16\" src=\"https:\/\/lh7-rt.googleusercontent.com\/docsz\/AD_4nXd7rASHuFcIvx29thKsL_RLNuf7b8ZLsxRU7NxijRCbFiSHWNPE2iNEpnWZqZxjSVgJ_uIBcGpkKxcKU_8WFtco6aJqMlSt-xE6Jzgt2zhWivlz3ZmXiH7qX8XYMR1SZsxjNyoaUHW67xig771BW2gt0aJU?key=vMtPzeJRJKEhFmodRprRxg\" alt=\"\ud83d\udfe2\"> &#8211; bez rezervace<\/li>\n<\/ul>\n\n\n\n<p><\/p>\n\n\n\n<p><img loading=\"lazy\" decoding=\"async\" width=\"16\" height=\"16\" src=\"https:\/\/lh7-rt.googleusercontent.com\/docsz\/AD_4nXehpFaYIZCFSrvI93K-CM4ALr7aExUVU-gxqTZTLYJWJsUPvcPtH2VTpKACkAQJQagffZLVowdrG-Xljx48adfTUG7cVDAQNf6IMfQJ6MX1sQ9l51A9Shyxmhpd7tGaCwKjSMcdRQOFycE6ufcseJe0WvwK?key=vMtPzeJRJKEhFmodRprRxg\" alt=\"\ud83d\udd35\">&nbsp;<strong>Wenn Sie Fragen haben, z\u00f6gern Sie bitte nicht, uns unter +420 778 973 844 zu kontaktieren.<\/strong>&nbsp;<strong><\/strong><\/p>\n\n\n\n<p class=\"has-text-align-left\">Wir freuen uns auf Ihren Besuch!<\/p>\n\n\n\n<p class=\"has-text-align-center\"><\/p>\n\n\n\n<p class=\"has-text-align-center\"><\/p>\n\n\n\n<p class=\"has-text-align-center\"><\/p>\n\n\n\n<p>&nbsp;<\/p>\n\n\n\n<p class=\"has-text-align-center\"><strong>MOMENT\u00c1LN\u011a JSOU HERNY BEZ REZERAVCE &#8211; sta\u010d\u00ed se nahl\u00e1sit na kav\u00e1rn\u011b &#8211; obsluha se o v\u00e1s postar\u00e1!<\/strong><\/p>\n\n\n\n<p class=\"has-text-align-center\"><\/p>\n\n\n\n<div class=\"wp-block-uagb-buttons uagb-buttons__outer-wrap uagb-btn__default-btn uagb-btn-tablet__default-btn uagb-btn-mobile__default-btn uagb-block-f121d71a\"><div class=\"uagb-buttons__wrap uagb-buttons-layout-wrap\">\n<div class=\"wp-block-uagb-buttons-child uagb-buttons__outer-wrap uagb-block-7fcf419c wp-block-button\"><div class=\"uagb-button__wrapper\"><a class=\"uagb-buttons-repeater wp-block-button__link\" aria-label=\"\" href=\"\/de\/hernicky-v-lete\/\" rel=\"follow noopener\" target=\"_self\" role=\"button\"><div class=\"uagb-button__link\">Rezerva\u010dn\u00ed syst\u00e9m<\/div><\/a><\/div><\/div>\n<\/div><\/div>\n\n\n\n<p><\/p>\n\n\n\n<p><strong>Vstupn\u00e9<\/strong> je 100 K\u010d za d\u00edt\u011b do 3 let (na 80 min.), osoby od 15 let maj\u00ed vstup za 50 K\u010d. <\/p>\n\n\n\n<p>(Kapacita mal\u00e9 d\u011btsk\u00e9 herni\u010dky je 8 d\u011bt\u00ed a 10 osob nad patn\u00e1ct let)<\/p>\n\n\n\n<p>Pro d\u011bti od 3 let m\u00e1me <a href=\"https:\/\/hrncirskydvurzviretice.cz\/de\/detska-herna\/\">velkou d\u011btskou hernu<\/a>. V p\u0159\u00edpad\u011b voln\u00e9 kapacity se do n\u00ed b\u011bhem zaplacen\u00fdch 80 minut hran\u00ed mohou p\u0159ij\u00edt pod\u00edvat i men\u0161\u00ed d\u011bti.<\/p>\n\n\n\n<p><\/p>\n\n\n\n<div class=\"wp-block-uagb-image uagb-block-8f7e6ddc wp-block-uagb-image--layout-default wp-block-uagb-image--effect-static wp-block-uagb-image--align-none\"><figure class=\"wp-block-uagb-image__figure\"><img decoding=\"async\" srcset=\"https:\/\/hrncirskydvurzviretice.cz\/wp-content\/uploads\/2025\/04\/JIT_7464-1-1024x683.jpg ,https:\/\/hrncirskydvurzviretice.cz\/wp-content\/uploads\/2025\/04\/JIT_7464-1.jpg 780w, https:\/\/hrncirskydvurzviretice.cz\/wp-content\/uploads\/2025\/04\/JIT_7464-1.jpg 360w\" sizes=\"auto, (max-width: 480px) 150px\" src=\"https:\/\/hrncirskydvurzviretice.cz\/wp-content\/uploads\/2025\/04\/JIT_7464-1-1024x683.jpg\" alt=\"\" class=\"uag-image-2458\" width=\"1024\" height=\"683\" title=\"JIT_7464 (1)\" loading=\"lazy\" role=\"img\"\/><\/figure><\/div>\n\n\n\n<p><\/p>\n\n\n\n<figure class=\"wp-block-gallery has-nested-images columns-default is-cropped wp-block-gallery-1 is-layout-flex wp-block-gallery-is-layout-flex\">\n<figure class=\"wp-block-image size-large\"><img loading=\"lazy\" decoding=\"async\" width=\"683\" height=\"1024\" data-id=\"2459\" src=\"https:\/\/hrncirskydvurzviretice.cz\/wp-content\/uploads\/2025\/04\/JIT_7465-1-683x1024.jpg\" alt=\"\" class=\"wp-image-2459\" srcset=\"https:\/\/hrncirskydvurzviretice.cz\/wp-content\/uploads\/2025\/04\/JIT_7465-1-683x1024.jpg 683w, https:\/\/hrncirskydvurzviretice.cz\/wp-content\/uploads\/2025\/04\/JIT_7465-1-200x300.jpg 200w, https:\/\/hrncirskydvurzviretice.cz\/wp-content\/uploads\/2025\/04\/JIT_7465-1-768x1152.jpg 768w, https:\/\/hrncirskydvurzviretice.cz\/wp-content\/uploads\/2025\/04\/JIT_7465-1-1024x1536.jpg 1024w, https:\/\/hrncirskydvurzviretice.cz\/wp-content\/uploads\/2025\/04\/JIT_7465-1.jpg 1320w\" sizes=\"auto, (max-width: 683px) 100vw, 683px\" \/><\/figure>\n\n\n\n<figure class=\"wp-block-image size-large\"><img loading=\"lazy\" decoding=\"async\" width=\"683\" height=\"1024\" data-id=\"2462\" src=\"https:\/\/hrncirskydvurzviretice.cz\/wp-content\/uploads\/2025\/04\/JIT_7459-1-1-683x1024.jpg\" alt=\"\" class=\"wp-image-2462\" srcset=\"https:\/\/hrncirskydvurzviretice.cz\/wp-content\/uploads\/2025\/04\/JIT_7459-1-1-683x1024.jpg 683w, https:\/\/hrncirskydvurzviretice.cz\/wp-content\/uploads\/2025\/04\/JIT_7459-1-1-200x300.jpg 200w, https:\/\/hrncirskydvurzviretice.cz\/wp-content\/uploads\/2025\/04\/JIT_7459-1-1-768x1152.jpg 768w, https:\/\/hrncirskydvurzviretice.cz\/wp-content\/uploads\/2025\/04\/JIT_7459-1-1.jpg 1000w\" sizes=\"auto, (max-width: 683px) 100vw, 683px\" \/><\/figure>\n\n\n\n<figure class=\"wp-block-image size-large\"><img loading=\"lazy\" decoding=\"async\" width=\"683\" height=\"1024\" data-id=\"2460\" src=\"https:\/\/hrncirskydvurzviretice.cz\/wp-content\/uploads\/2025\/04\/JIT_7452-1-683x1024.jpg\" alt=\"\" class=\"wp-image-2460\" srcset=\"https:\/\/hrncirskydvurzviretice.cz\/wp-content\/uploads\/2025\/04\/JIT_7452-1-683x1024.jpg 683w, https:\/\/hrncirskydvurzviretice.cz\/wp-content\/uploads\/2025\/04\/JIT_7452-1-200x300.jpg 200w, https:\/\/hrncirskydvurzviretice.cz\/wp-content\/uploads\/2025\/04\/JIT_7452-1-768x1152.jpg 768w, https:\/\/hrncirskydvurzviretice.cz\/wp-content\/uploads\/2025\/04\/JIT_7452-1-1024x1536.jpg 1024w, https:\/\/hrncirskydvurzviretice.cz\/wp-content\/uploads\/2025\/04\/JIT_7452-1.jpg 1320w\" sizes=\"auto, (max-width: 683px) 100vw, 683px\" \/><\/figure>\n<\/figure>\n\n\n\n<figure class=\"wp-block-video\"><video height=\"478\" style=\"aspect-ratio: 848 \/ 478;\" width=\"848\" controls src=\"https:\/\/hrncirskydvurzviretice.cz\/wp-content\/uploads\/2024\/11\/WhatsApp-Video-2024-11-14-at-19.05.34.mp4\"><\/video><\/figure>","protected":false},"excerpt":{"rendered":"<p>Mil\u00ed n\u00e1v\u0161t\u011bvn\u00edci, &nbsp;V p\u0159\u00edpad\u011b aktu\u00e1ln\u00edch dotaz\u016f, n\u00e1s nev\u00e1hejte kontaktovat, na tel. +420 778 973 844&nbsp; T\u011b\u0161\u00edme se na v\u00e1s! &nbsp; MOMENT\u00c1LN\u011a JSOU HERNY BEZ REZERAVCE &#8211; sta\u010d\u00ed se nahl\u00e1sit na kav\u00e1rn\u011b &#8211; obsluha se o v\u00e1s postar\u00e1! Vstupn\u00e9 je 100 K\u010d za d\u00edt\u011b do 3 let (na 80 min.), osoby od 15 let maj\u00ed vstup [&hellip;]<\/p>","protected":false},"author":3,"featured_media":0,"parent":0,"menu_order":0,"comment_status":"closed","ping_status":"closed","template":"","meta":{"_uag_custom_page_level_css":"","site-sidebar-layout":"default","site-content-layout":"","ast-site-content-layout":"default","site-content-style":"default","site-sidebar-style":"default","ast-global-header-display":"","ast-banner-title-visibility":"","ast-main-header-display":"","ast-hfb-above-header-display":"","ast-hfb-below-header-display":"","ast-hfb-mobile-header-display":"","site-post-title":"","ast-breadcrumbs-content":"","ast-featured-img":"","footer-sml-layout":"","theme-transparent-header-meta":"","adv-header-id-meta":"","stick-header-meta":"","header-above-stick-meta":"","header-main-stick-meta":"","header-below-stick-meta":"","astra-migrate-meta-layouts":"set","ast-page-background-enabled":"default","ast-page-background-meta":{"desktop":{"background-color":"","background-image":"","background-repeat":"repeat","background-position":"center center","background-size":"auto","background-attachment":"scroll","background-type":"","background-media":"","overlay-type":"","overlay-color":"","overlay-opacity":"","overlay-gradient":""},"tablet":{"background-color":"","background-image":"","background-repeat":"repeat","background-position":"center center","background-size":"auto","background-attachment":"scroll","background-type":"","background-media":"","overlay-type":"","overlay-color":"","overlay-opacity":"","overlay-gradient":""},"mobile":{"background-color":"","background-image":"","background-repeat":"repeat","background-position":"center center","background-size":"auto","background-attachment":"scroll","background-type":"","background-media":"","overlay-type":"","overlay-color":"","overlay-opacity":"","overlay-gradient":""}},"ast-content-background-meta":{"desktop":{"background-color":"var(--ast-global-color-5)","background-image":"","background-repeat":"repeat","background-position":"center center","background-size":"auto","background-attachment":"scroll","background-type":"","background-media":"","overlay-type":"","overlay-color":"","overlay-opacity":"","overlay-gradient":""},"tablet":{"background-color":"var(--ast-global-color-5)","background-image":"","background-repeat":"repeat","background-position":"center center","background-size":"auto","background-attachment":"scroll","background-type":"","background-media":"","overlay-type":"","overlay-color":"","overlay-opacity":"","overlay-gradient":""},"mobile":{"background-color":"var(--ast-global-color-5)","background-image":"","background-repeat":"repeat","background-position":"center center","background-size":"auto","background-attachment":"scroll","background-type":"","background-media":"","overlay-type":"","overlay-color":"","overlay-opacity":"","overlay-gradient":""}},"footnotes":""},"class_list":["post-2217","page","type-page","status-publish","hentry"],"yoast_head":"<!-- This site is optimized with the Yoast SEO plugin v27.4 - https:\/\/yoast.com\/product\/yoast-seo-wordpress\/ -->\n<title>Mal\u00e1 d\u011btsk\u00e1 herni\u010dka - Hrn\u010d\u00ed\u0159sk\u00fd dv\u016fr Zv\u00ed\u0159etice<\/title>\n<meta name=\"robots\" content=\"index, follow, max-snippet:-1, max-image-preview:large, max-video-preview:-1\" \/>\n<link rel=\"canonical\" href=\"https:\/\/hrncirskydvurzviretice.cz\/de\/mala-detska-herna\/\" \/>\n<meta property=\"og:locale\" content=\"de_DE\" \/>\n<meta property=\"og:type\" content=\"article\" \/>\n<meta property=\"og:title\" content=\"Mal\u00e1 d\u011btsk\u00e1 herni\u010dka - Hrn\u010d\u00ed\u0159sk\u00fd dv\u016fr Zv\u00ed\u0159etice\" \/>\n<meta property=\"og:description\" content=\"Mil\u00ed n\u00e1v\u0161t\u011bvn\u00edci, &nbsp;V p\u0159\u00edpad\u011b aktu\u00e1ln\u00edch dotaz\u016f, n\u00e1s nev\u00e1hejte kontaktovat, na tel. +420 778 973 844&nbsp; T\u011b\u0161\u00edme se na v\u00e1s! &nbsp; MOMENT\u00c1LN\u011a JSOU HERNY BEZ REZERAVCE &#8211; sta\u010d\u00ed se nahl\u00e1sit na kav\u00e1rn\u011b &#8211; obsluha se o v\u00e1s postar\u00e1! Vstupn\u00e9 je 100 K\u010d za d\u00edt\u011b do 3 let (na 80 min.), osoby od 15 let maj\u00ed vstup [&hellip;]\" \/>\n<meta property=\"og:url\" content=\"https:\/\/hrncirskydvurzviretice.cz\/de\/mala-detska-herna\/\" \/>\n<meta property=\"og:site_name\" content=\"Hrn\u010d\u00ed\u0159sk\u00fd dv\u016fr Zv\u00ed\u0159etice\" \/>\n<meta property=\"article:modified_time\" content=\"2026-03-25T14:16:14+00:00\" \/>\n<meta property=\"og:image\" content=\"https:\/\/lh7-rt.googleusercontent.com\/docsz\/AD_4nXd7rASHuFcIvx29thKsL_RLNuf7b8ZLsxRU7NxijRCbFiSHWNPE2iNEpnWZqZxjSVgJ_uIBcGpkKxcKU_8WFtco6aJqMlSt-xE6Jzgt2zhWivlz3ZmXiH7qX8XYMR1SZsxjNyoaUHW67xig771BW2gt0aJU?key=vMtPzeJRJKEhFmodRprRxg\" \/>\n<meta name=\"twitter:card\" content=\"summary_large_image\" \/>\n<meta name=\"twitter:label1\" content=\"Gesch\u00e4tzte Lesezeit\" \/>\n\t<meta name=\"twitter:data1\" content=\"3\u00a0Minuten\" \/>\n<script type=\"application\/ld+json\" class=\"yoast-schema-graph\">{\"@context\":\"https:\\\/\\\/schema.org\",\"@graph\":[{\"@type\":\"WebPage\",\"@id\":\"https:\\\/\\\/hrncirskydvurzviretice.cz\\\/mala-detska-herna\\\/\",\"url\":\"https:\\\/\\\/hrncirskydvurzviretice.cz\\\/mala-detska-herna\\\/\",\"name\":\"Mal\u00e1 d\u011btsk\u00e1 herni\u010dka - Hrn\u010d\u00ed\u0159sk\u00fd dv\u016fr Zv\u00ed\u0159etice\",\"isPartOf\":{\"@id\":\"https:\\\/\\\/hrncirskydvurzviretice.cz\\\/#website\"},\"primaryImageOfPage\":{\"@id\":\"https:\\\/\\\/hrncirskydvurzviretice.cz\\\/mala-detska-herna\\\/#primaryimage\"},\"image\":{\"@id\":\"https:\\\/\\\/hrncirskydvurzviretice.cz\\\/mala-detska-herna\\\/#primaryimage\"},\"thumbnailUrl\":\"https:\\\/\\\/lh7-rt.googleusercontent.com\\\/docsz\\\/AD_4nXd7rASHuFcIvx29thKsL_RLNuf7b8ZLsxRU7NxijRCbFiSHWNPE2iNEpnWZqZxjSVgJ_uIBcGpkKxcKU_8WFtco6aJqMlSt-xE6Jzgt2zhWivlz3ZmXiH7qX8XYMR1SZsxjNyoaUHW67xig771BW2gt0aJU?key=vMtPzeJRJKEhFmodRprRxg\",\"datePublished\":\"2024-11-18T17:30:34+00:00\",\"dateModified\":\"2026-03-25T14:16:14+00:00\",\"breadcrumb\":{\"@id\":\"https:\\\/\\\/hrncirskydvurzviretice.cz\\\/mala-detska-herna\\\/#breadcrumb\"},\"inLanguage\":\"de\",\"potentialAction\":[{\"@type\":\"ReadAction\",\"target\":[\"https:\\\/\\\/hrncirskydvurzviretice.cz\\\/mala-detska-herna\\\/\"]}]},{\"@type\":\"ImageObject\",\"inLanguage\":\"de\",\"@id\":\"https:\\\/\\\/hrncirskydvurzviretice.cz\\\/mala-detska-herna\\\/#primaryimage\",\"url\":\"https:\\\/\\\/lh7-rt.googleusercontent.com\\\/docsz\\\/AD_4nXd7rASHuFcIvx29thKsL_RLNuf7b8ZLsxRU7NxijRCbFiSHWNPE2iNEpnWZqZxjSVgJ_uIBcGpkKxcKU_8WFtco6aJqMlSt-xE6Jzgt2zhWivlz3ZmXiH7qX8XYMR1SZsxjNyoaUHW67xig771BW2gt0aJU?key=vMtPzeJRJKEhFmodRprRxg\",\"contentUrl\":\"https:\\\/\\\/lh7-rt.googleusercontent.com\\\/docsz\\\/AD_4nXd7rASHuFcIvx29thKsL_RLNuf7b8ZLsxRU7NxijRCbFiSHWNPE2iNEpnWZqZxjSVgJ_uIBcGpkKxcKU_8WFtco6aJqMlSt-xE6Jzgt2zhWivlz3ZmXiH7qX8XYMR1SZsxjNyoaUHW67xig771BW2gt0aJU?key=vMtPzeJRJKEhFmodRprRxg\"},{\"@type\":\"BreadcrumbList\",\"@id\":\"https:\\\/\\\/hrncirskydvurzviretice.cz\\\/mala-detska-herna\\\/#breadcrumb\",\"itemListElement\":[{\"@type\":\"ListItem\",\"position\":1,\"name\":\"Dom\u016f\",\"item\":\"https:\\\/\\\/hrncirskydvurzviretice.cz\\\/\"},{\"@type\":\"ListItem\",\"position\":2,\"name\":\"Mal\u00e1 d\u011btsk\u00e1 herni\u010dka\"}]},{\"@type\":\"WebSite\",\"@id\":\"https:\\\/\\\/hrncirskydvurzviretice.cz\\\/#website\",\"url\":\"https:\\\/\\\/hrncirskydvurzviretice.cz\\\/\",\"name\":\"Hrn\u010d\u00ed\u0159sk\u00fd dv\u016fr Zv\u00ed\u0159etice\",\"description\":\"\",\"potentialAction\":[{\"@type\":\"SearchAction\",\"target\":{\"@type\":\"EntryPoint\",\"urlTemplate\":\"https:\\\/\\\/hrncirskydvurzviretice.cz\\\/?s={search_term_string}\"},\"query-input\":{\"@type\":\"PropertyValueSpecification\",\"valueRequired\":true,\"valueName\":\"search_term_string\"}}],\"inLanguage\":\"de\"}]}<\/script>\n<!-- \/ Yoast SEO plugin. -->","yoast_head_json":{"title":"Mal\u00e1 d\u011btsk\u00e1 herni\u010dka - Hrn\u010d\u00ed\u0159sk\u00fd dv\u016fr Zv\u00ed\u0159etice","robots":{"index":"index","follow":"follow","max-snippet":"max-snippet:-1","max-image-preview":"max-image-preview:large","max-video-preview":"max-video-preview:-1"},"canonical":"https:\/\/hrncirskydvurzviretice.cz\/de\/mala-detska-herna\/","og_locale":"de_DE","og_type":"article","og_title":"Mal\u00e1 d\u011btsk\u00e1 herni\u010dka - Hrn\u010d\u00ed\u0159sk\u00fd dv\u016fr Zv\u00ed\u0159etice","og_description":"Mil\u00ed n\u00e1v\u0161t\u011bvn\u00edci, &nbsp;V p\u0159\u00edpad\u011b aktu\u00e1ln\u00edch dotaz\u016f, n\u00e1s nev\u00e1hejte kontaktovat, na tel. +420 778 973 844&nbsp; T\u011b\u0161\u00edme se na v\u00e1s! &nbsp; MOMENT\u00c1LN\u011a JSOU HERNY BEZ REZERAVCE &#8211; sta\u010d\u00ed se nahl\u00e1sit na kav\u00e1rn\u011b &#8211; obsluha se o v\u00e1s postar\u00e1! Vstupn\u00e9 je 100 K\u010d za d\u00edt\u011b do 3 let (na 80 min.), osoby od 15 let maj\u00ed vstup [&hellip;]","og_url":"https:\/\/hrncirskydvurzviretice.cz\/de\/mala-detska-herna\/","og_site_name":"Hrn\u010d\u00ed\u0159sk\u00fd dv\u016fr Zv\u00ed\u0159etice","article_modified_time":"2026-03-25T14:16:14+00:00","og_image":[{"url":"https:\/\/lh7-rt.googleusercontent.com\/docsz\/AD_4nXd7rASHuFcIvx29thKsL_RLNuf7b8ZLsxRU7NxijRCbFiSHWNPE2iNEpnWZqZxjSVgJ_uIBcGpkKxcKU_8WFtco6aJqMlSt-xE6Jzgt2zhWivlz3ZmXiH7qX8XYMR1SZsxjNyoaUHW67xig771BW2gt0aJU?key=vMtPzeJRJKEhFmodRprRxg","type":"","width":"","height":""}],"twitter_card":"summary_large_image","twitter_misc":{"Gesch\u00e4tzte Lesezeit":"3\u00a0Minuten"},"schema":{"@context":"https:\/\/schema.org","@graph":[{"@type":"WebPage","@id":"https:\/\/hrncirskydvurzviretice.cz\/mala-detska-herna\/","url":"https:\/\/hrncirskydvurzviretice.cz\/mala-detska-herna\/","name":"Mal\u00e1 d\u011btsk\u00e1 herni\u010dka - Hrn\u010d\u00ed\u0159sk\u00fd dv\u016fr Zv\u00ed\u0159etice","isPartOf":{"@id":"https:\/\/hrncirskydvurzviretice.cz\/#website"},"primaryImageOfPage":{"@id":"https:\/\/hrncirskydvurzviretice.cz\/mala-detska-herna\/#primaryimage"},"image":{"@id":"https:\/\/hrncirskydvurzviretice.cz\/mala-detska-herna\/#primaryimage"},"thumbnailUrl":"https:\/\/lh7-rt.googleusercontent.com\/docsz\/AD_4nXd7rASHuFcIvx29thKsL_RLNuf7b8ZLsxRU7NxijRCbFiSHWNPE2iNEpnWZqZxjSVgJ_uIBcGpkKxcKU_8WFtco6aJqMlSt-xE6Jzgt2zhWivlz3ZmXiH7qX8XYMR1SZsxjNyoaUHW67xig771BW2gt0aJU?key=vMtPzeJRJKEhFmodRprRxg","datePublished":"2024-11-18T17:30:34+00:00","dateModified":"2026-03-25T14:16:14+00:00","breadcrumb":{"@id":"https:\/\/hrncirskydvurzviretice.cz\/mala-detska-herna\/#breadcrumb"},"inLanguage":"de","potentialAction":[{"@type":"ReadAction","target":["https:\/\/hrncirskydvurzviretice.cz\/mala-detska-herna\/"]}]},{"@type":"ImageObject","inLanguage":"de","@id":"https:\/\/hrncirskydvurzviretice.cz\/mala-detska-herna\/#primaryimage","url":"https:\/\/lh7-rt.googleusercontent.com\/docsz\/AD_4nXd7rASHuFcIvx29thKsL_RLNuf7b8ZLsxRU7NxijRCbFiSHWNPE2iNEpnWZqZxjSVgJ_uIBcGpkKxcKU_8WFtco6aJqMlSt-xE6Jzgt2zhWivlz3ZmXiH7qX8XYMR1SZsxjNyoaUHW67xig771BW2gt0aJU?key=vMtPzeJRJKEhFmodRprRxg","contentUrl":"https:\/\/lh7-rt.googleusercontent.com\/docsz\/AD_4nXd7rASHuFcIvx29thKsL_RLNuf7b8ZLsxRU7NxijRCbFiSHWNPE2iNEpnWZqZxjSVgJ_uIBcGpkKxcKU_8WFtco6aJqMlSt-xE6Jzgt2zhWivlz3ZmXiH7qX8XYMR1SZsxjNyoaUHW67xig771BW2gt0aJU?key=vMtPzeJRJKEhFmodRprRxg"},{"@type":"BreadcrumbList","@id":"https:\/\/hrncirskydvurzviretice.cz\/mala-detska-herna\/#breadcrumb","itemListElement":[{"@type":"ListItem","position":1,"name":"Dom\u016f","item":"https:\/\/hrncirskydvurzviretice.cz\/"},{"@type":"ListItem","position":2,"name":"Mal\u00e1 d\u011btsk\u00e1 herni\u010dka"}]},{"@type":"WebSite","@id":"https:\/\/hrncirskydvurzviretice.cz\/#website","url":"https:\/\/hrncirskydvurzviretice.cz\/","name":"T\u00f6pferhof Zv\u00ed\u0159etice","description":"","potentialAction":[{"@type":"SearchAction","target":{"@type":"EntryPoint","urlTemplate":"https:\/\/hrncirskydvurzviretice.cz\/?s={search_term_string}"},"query-input":{"@type":"PropertyValueSpecification","valueRequired":true,"valueName":"search_term_string"}}],"inLanguage":"de"}]}},"uagb_featured_image_src":{"full":false,"thumbnail":false,"medium":false,"medium_large":false,"large":false,"1536x1536":false,"2048x2048":false,"trp-custom-language-flag":false},"uagb_author_info":{"display_name":"Luk\u00e1\u0161 Bilinec","author_link":"https:\/\/hrncirskydvurzviretice.cz\/de\/author\/lukasibilinecgmail-com\/"},"uagb_comment_info":0,"uagb_excerpt":"Mil\u00ed n\u00e1v\u0161t\u011bvn\u00edci, &nbsp;V p\u0159\u00edpad\u011b aktu\u00e1ln\u00edch dotaz\u016f, n\u00e1s nev\u00e1hejte kontaktovat, na tel. +420 778 973 844&nbsp; T\u011b\u0161\u00edme se na v\u00e1s! &nbsp; MOMENT\u00c1LN\u011a JSOU HERNY BEZ REZERAVCE &#8211; sta\u010d\u00ed se nahl\u00e1sit na kav\u00e1rn\u011b &#8211; obsluha se o v\u00e1s postar\u00e1! Vstupn\u00e9 je 100 K\u010d za d\u00edt\u011b do 3 let (na 80 min.), osoby od 15 let maj\u00ed vstup&hellip;","jetpack_sharing_enabled":true,"_links":{"self":[{"href":"https:\/\/hrncirskydvurzviretice.cz\/de\/wp-json\/wp\/v2\/pages\/2217","targetHints":{"allow":["GET"]}}],"collection":[{"href":"https:\/\/hrncirskydvurzviretice.cz\/de\/wp-json\/wp\/v2\/pages"}],"about":[{"href":"https:\/\/hrncirskydvurzviretice.cz\/de\/wp-json\/wp\/v2\/types\/page"}],"author":[{"embeddable":true,"href":"https:\/\/hrncirskydvurzviretice.cz\/de\/wp-json\/wp\/v2\/users\/3"}],"replies":[{"embeddable":true,"href":"https:\/\/hrncirskydvurzviretice.cz\/de\/wp-json\/wp\/v2\/comments?post=2217"}],"version-history":[{"count":19,"href":"https:\/\/hrncirskydvurzviretice.cz\/de\/wp-json\/wp\/v2\/pages\/2217\/revisions"}],"predecessor-version":[{"id":2925,"href":"https:\/\/hrncirskydvurzviretice.cz\/de\/wp-json\/wp\/v2\/pages\/2217\/revisions\/2925"}],"wp:attachment":[{"href":"https:\/\/hrncirskydvurzviretice.cz\/de\/wp-json\/wp\/v2\/media?parent=2217"}],"curies":[{"name":"wp","href":"https:\/\/api.w.org\/{rel}","templated":true}]}}