{"id":2170,"date":"2024-11-10T05:03:23","date_gmt":"2024-11-10T04:03:23","guid":{"rendered":"https:\/\/hrncirskydvurzviretice.cz\/?page_id=2170"},"modified":"2024-12-19T13:49:36","modified_gmt":"2024-12-19T12:49:36","slug":"parkoviste","status":"publish","type":"page","link":"https:\/\/hrncirskydvurzviretice.cz\/de\/parkoviste\/","title":{"rendered":"Parken"},"content":{"rendered":"<p>Z d\u016fvodu velk\u00e9ho z\u00e1jmu ve\u0159ejnosti o Hrn\u010d\u00ed\u0159sk\u00fd dv\u016fr Zv\u00ed\u0159etice v uplynul\u00fdch t\u00fddnech jsme vybudovali dal\u0161\u00ed dv\u011b parkovi\u0161t\u011b.<\/p>\n\n\n\n<p>V zimn\u00edch m\u011bs\u00edc\u00edch pros\u00edm vyu\u017e\u00edvejte parkovi\u0161t\u011b, zobrazen\u00e9 n\u00ed\u017ee na mapce. D\u011bkujeme. Na parkovi\u0161ti v\u00e1m nehroz\u00ed \u017e\u00e1dn\u00e9 pokuty, parkov\u00e1n\u00ed je zdarma \ud83d\ude42<\/p>\n\n\n\n<div class=\"wp-block-uagb-image uagb-block-ecd94cb7 wp-block-uagb-image--layout-default wp-block-uagb-image--effect-static wp-block-uagb-image--align-none\"><figure class=\"wp-block-uagb-image__figure\"><img decoding=\"async\" srcset=\"https:\/\/hrncirskydvurzviretice.cz\/wp-content\/uploads\/2024\/12\/WhatsApp-Image-2024-12-16-at-20.23.20-837x1024.jpeg ,https:\/\/hrncirskydvurzviretice.cz\/wp-content\/uploads\/2024\/12\/WhatsApp-Image-2024-12-16-at-20.23.20.jpeg 780w, https:\/\/hrncirskydvurzviretice.cz\/wp-content\/uploads\/2024\/12\/WhatsApp-Image-2024-12-16-at-20.23.20.jpeg 360w\" sizes=\"auto, (max-width: 480px) 150px\" src=\"https:\/\/hrncirskydvurzviretice.cz\/wp-content\/uploads\/2024\/12\/WhatsApp-Image-2024-12-16-at-20.23.20-837x1024.jpeg\" alt=\"\" class=\"uag-image-2354\" width=\"597\" height=\"595\" title=\"WhatsApp Image 2024-12-16 at 20.23.20\" loading=\"lazy\" role=\"img\"\/><\/figure><\/div>\n\n\n\n<figure class=\"wp-block-gallery has-nested-images columns-default is-cropped wp-block-gallery-1 is-layout-flex wp-block-gallery-is-layout-flex\"><\/figure>\n\n\n\n<figure class=\"wp-block-gallery has-nested-images columns-default is-cropped wp-block-gallery-2 is-layout-flex wp-block-gallery-is-layout-flex\">\n<figure class=\"wp-block-image size-large\"><img loading=\"lazy\" decoding=\"async\" width=\"1024\" height=\"768\" data-id=\"2356\" src=\"https:\/\/hrncirskydvurzviretice.cz\/wp-content\/uploads\/2024\/12\/WhatsApp-Image-2024-12-16-at-20.23.20-3-1024x768.jpeg\" alt=\"\" class=\"wp-image-2356\" srcset=\"https:\/\/hrncirskydvurzviretice.cz\/wp-content\/uploads\/2024\/12\/WhatsApp-Image-2024-12-16-at-20.23.20-3-1024x768.jpeg 1024w, https:\/\/hrncirskydvurzviretice.cz\/wp-content\/uploads\/2024\/12\/WhatsApp-Image-2024-12-16-at-20.23.20-3-300x225.jpeg 300w, https:\/\/hrncirskydvurzviretice.cz\/wp-content\/uploads\/2024\/12\/WhatsApp-Image-2024-12-16-at-20.23.20-3-768x576.jpeg 768w, https:\/\/hrncirskydvurzviretice.cz\/wp-content\/uploads\/2024\/12\/WhatsApp-Image-2024-12-16-at-20.23.20-3-1536x1152.jpeg 1536w, https:\/\/hrncirskydvurzviretice.cz\/wp-content\/uploads\/2024\/12\/WhatsApp-Image-2024-12-16-at-20.23.20-3.jpeg 1600w\" sizes=\"auto, (max-width: 1024px) 100vw, 1024px\" \/><\/figure>\n\n\n\n<figure class=\"wp-block-image size-large\"><img loading=\"lazy\" decoding=\"async\" width=\"1024\" height=\"768\" data-id=\"2357\" src=\"https:\/\/hrncirskydvurzviretice.cz\/wp-content\/uploads\/2024\/12\/WhatsApp-Image-2024-12-16-at-20.23.20-2-1024x768.jpeg\" alt=\"\" class=\"wp-image-2357\" srcset=\"https:\/\/hrncirskydvurzviretice.cz\/wp-content\/uploads\/2024\/12\/WhatsApp-Image-2024-12-16-at-20.23.20-2-1024x768.jpeg 1024w, https:\/\/hrncirskydvurzviretice.cz\/wp-content\/uploads\/2024\/12\/WhatsApp-Image-2024-12-16-at-20.23.20-2-300x225.jpeg 300w, https:\/\/hrncirskydvurzviretice.cz\/wp-content\/uploads\/2024\/12\/WhatsApp-Image-2024-12-16-at-20.23.20-2-768x576.jpeg 768w, https:\/\/hrncirskydvurzviretice.cz\/wp-content\/uploads\/2024\/12\/WhatsApp-Image-2024-12-16-at-20.23.20-2-1536x1152.jpeg 1536w, https:\/\/hrncirskydvurzviretice.cz\/wp-content\/uploads\/2024\/12\/WhatsApp-Image-2024-12-16-at-20.23.20-2.jpeg 1600w\" sizes=\"auto, (max-width: 1024px) 100vw, 1024px\" \/><\/figure>\n<\/figure>\n\n\n\n<p><\/p>","protected":false},"excerpt":{"rendered":"<p>Z d\u016fvodu velk\u00e9ho z\u00e1jmu ve\u0159ejnosti o Hrn\u010d\u00ed\u0159sk\u00fd dv\u016fr Zv\u00ed\u0159etice v uplynul\u00fdch t\u00fddnech jsme vybudovali dal\u0161\u00ed dv\u011b parkovi\u0161t\u011b. V zimn\u00edch m\u011bs\u00edc\u00edch pros\u00edm vyu\u017e\u00edvejte parkovi\u0161t\u011b, zobrazen\u00e9 n\u00ed\u017ee na mapce. D\u011bkujeme. Na parkovi\u0161ti v\u00e1m nehroz\u00ed \u017e\u00e1dn\u00e9 pokuty, parkov\u00e1n\u00ed je zdarma \ud83d\ude42<\/p>","protected":false},"author":3,"featured_media":0,"parent":0,"menu_order":0,"comment_status":"closed","ping_status":"closed","template":"","meta":{"_uag_custom_page_level_css":"","site-sidebar-layout":"default","site-content-layout":"","ast-site-content-layout":"default","site-content-style":"default","site-sidebar-style":"default","ast-global-header-display":"","ast-banner-title-visibility":"","ast-main-header-display":"","ast-hfb-above-header-display":"","ast-hfb-below-header-display":"","ast-hfb-mobile-header-display":"","site-post-title":"","ast-breadcrumbs-content":"","ast-featured-img":"","footer-sml-layout":"","theme-transparent-header-meta":"","adv-header-id-meta":"","stick-header-meta":"","header-above-stick-meta":"","header-main-stick-meta":"","header-below-stick-meta":"","astra-migrate-meta-layouts":"set","ast-page-background-enabled":"default","ast-page-background-meta":{"desktop":{"background-color":"","background-image":"","background-repeat":"repeat","background-position":"center center","background-size":"auto","background-attachment":"scroll","background-type":"","background-media":"","overlay-type":"","overlay-color":"","overlay-opacity":"","overlay-gradient":""},"tablet":{"background-color":"","background-image":"","background-repeat":"repeat","background-position":"center center","background-size":"auto","background-attachment":"scroll","background-type":"","background-media":"","overlay-type":"","overlay-color":"","overlay-opacity":"","overlay-gradient":""},"mobile":{"background-color":"","background-image":"","background-repeat":"repeat","background-position":"center center","background-size":"auto","background-attachment":"scroll","background-type":"","background-media":"","overlay-type":"","overlay-color":"","overlay-opacity":"","overlay-gradient":""}},"ast-content-background-meta":{"desktop":{"background-color":"var(--ast-global-color-5)","background-image":"","background-repeat":"repeat","background-position":"center center","background-size":"auto","background-attachment":"scroll","background-type":"","background-media":"","overlay-type":"","overlay-color":"","overlay-opacity":"","overlay-gradient":""},"tablet":{"background-color":"var(--ast-global-color-5)","background-image":"","background-repeat":"repeat","background-position":"center center","background-size":"auto","background-attachment":"scroll","background-type":"","background-media":"","overlay-type":"","overlay-color":"","overlay-opacity":"","overlay-gradient":""},"mobile":{"background-color":"var(--ast-global-color-5)","background-image":"","background-repeat":"repeat","background-position":"center center","background-size":"auto","background-attachment":"scroll","background-type":"","background-media":"","overlay-type":"","overlay-color":"","overlay-opacity":"","overlay-gradient":""}},"footnotes":""},"class_list":["post-2170","page","type-page","status-publish","hentry"],"yoast_head":"<!-- This site is optimized with the Yoast SEO plugin v27.4 - https:\/\/yoast.com\/product\/yoast-seo-wordpress\/ -->\n<title>Parkovi\u0161t\u011b - Hrn\u010d\u00ed\u0159sk\u00fd dv\u016fr Zv\u00ed\u0159etice<\/title>\n<meta name=\"robots\" content=\"index, follow, max-snippet:-1, max-image-preview:large, max-video-preview:-1\" \/>\n<link rel=\"canonical\" href=\"https:\/\/hrncirskydvurzviretice.cz\/de\/parkoviste\/\" \/>\n<meta property=\"og:locale\" content=\"de_DE\" \/>\n<meta property=\"og:type\" content=\"article\" \/>\n<meta property=\"og:title\" content=\"Parkovi\u0161t\u011b - Hrn\u010d\u00ed\u0159sk\u00fd dv\u016fr Zv\u00ed\u0159etice\" \/>\n<meta property=\"og:description\" content=\"Z d\u016fvodu velk\u00e9ho z\u00e1jmu ve\u0159ejnosti o Hrn\u010d\u00ed\u0159sk\u00fd dv\u016fr Zv\u00ed\u0159etice v uplynul\u00fdch t\u00fddnech jsme vybudovali dal\u0161\u00ed dv\u011b parkovi\u0161t\u011b. V zimn\u00edch m\u011bs\u00edc\u00edch pros\u00edm vyu\u017e\u00edvejte parkovi\u0161t\u011b, zobrazen\u00e9 n\u00ed\u017ee na mapce. D\u011bkujeme. Na parkovi\u0161ti v\u00e1m nehroz\u00ed \u017e\u00e1dn\u00e9 pokuty, parkov\u00e1n\u00ed je zdarma \ud83d\ude42\" \/>\n<meta property=\"og:url\" content=\"https:\/\/hrncirskydvurzviretice.cz\/de\/parkoviste\/\" \/>\n<meta property=\"og:site_name\" content=\"Hrn\u010d\u00ed\u0159sk\u00fd dv\u016fr Zv\u00ed\u0159etice\" \/>\n<meta property=\"article:modified_time\" content=\"2024-12-19T12:49:36+00:00\" \/>\n<meta property=\"og:image\" content=\"https:\/\/hrncirskydvurzviretice.cz\/wp-content\/uploads\/2024\/12\/WhatsApp-Image-2024-12-16-at-20.23.20-837x1024.jpeg\" \/>\n<meta name=\"twitter:card\" content=\"summary_large_image\" \/>\n<meta name=\"twitter:label1\" content=\"Gesch\u00e4tzte Lesezeit\" \/>\n\t<meta name=\"twitter:data1\" content=\"2\u00a0Minuten\" \/>\n<script type=\"application\/ld+json\" class=\"yoast-schema-graph\">{\"@context\":\"https:\\\/\\\/schema.org\",\"@graph\":[{\"@type\":\"WebPage\",\"@id\":\"https:\\\/\\\/hrncirskydvurzviretice.cz\\\/parkoviste\\\/\",\"url\":\"https:\\\/\\\/hrncirskydvurzviretice.cz\\\/parkoviste\\\/\",\"name\":\"Parkovi\u0161t\u011b - Hrn\u010d\u00ed\u0159sk\u00fd dv\u016fr Zv\u00ed\u0159etice\",\"isPartOf\":{\"@id\":\"https:\\\/\\\/hrncirskydvurzviretice.cz\\\/#website\"},\"primaryImageOfPage\":{\"@id\":\"https:\\\/\\\/hrncirskydvurzviretice.cz\\\/parkoviste\\\/#primaryimage\"},\"image\":{\"@id\":\"https:\\\/\\\/hrncirskydvurzviretice.cz\\\/parkoviste\\\/#primaryimage\"},\"thumbnailUrl\":\"https:\\\/\\\/hrncirskydvurzviretice.cz\\\/wp-content\\\/uploads\\\/2024\\\/12\\\/WhatsApp-Image-2024-12-16-at-20.23.20-837x1024.jpeg\",\"datePublished\":\"2024-11-10T04:03:23+00:00\",\"dateModified\":\"2024-12-19T12:49:36+00:00\",\"breadcrumb\":{\"@id\":\"https:\\\/\\\/hrncirskydvurzviretice.cz\\\/parkoviste\\\/#breadcrumb\"},\"inLanguage\":\"de\",\"potentialAction\":[{\"@type\":\"ReadAction\",\"target\":[\"https:\\\/\\\/hrncirskydvurzviretice.cz\\\/parkoviste\\\/\"]}]},{\"@type\":\"ImageObject\",\"inLanguage\":\"de\",\"@id\":\"https:\\\/\\\/hrncirskydvurzviretice.cz\\\/parkoviste\\\/#primaryimage\",\"url\":\"https:\\\/\\\/hrncirskydvurzviretice.cz\\\/wp-content\\\/uploads\\\/2024\\\/12\\\/WhatsApp-Image-2024-12-16-at-20.23.20-837x1024.jpeg\",\"contentUrl\":\"https:\\\/\\\/hrncirskydvurzviretice.cz\\\/wp-content\\\/uploads\\\/2024\\\/12\\\/WhatsApp-Image-2024-12-16-at-20.23.20-837x1024.jpeg\"},{\"@type\":\"BreadcrumbList\",\"@id\":\"https:\\\/\\\/hrncirskydvurzviretice.cz\\\/parkoviste\\\/#breadcrumb\",\"itemListElement\":[{\"@type\":\"ListItem\",\"position\":1,\"name\":\"Dom\u016f\",\"item\":\"https:\\\/\\\/hrncirskydvurzviretice.cz\\\/\"},{\"@type\":\"ListItem\",\"position\":2,\"name\":\"Parkovi\u0161t\u011b\"}]},{\"@type\":\"WebSite\",\"@id\":\"https:\\\/\\\/hrncirskydvurzviretice.cz\\\/#website\",\"url\":\"https:\\\/\\\/hrncirskydvurzviretice.cz\\\/\",\"name\":\"Hrn\u010d\u00ed\u0159sk\u00fd dv\u016fr Zv\u00ed\u0159etice\",\"description\":\"\",\"potentialAction\":[{\"@type\":\"SearchAction\",\"target\":{\"@type\":\"EntryPoint\",\"urlTemplate\":\"https:\\\/\\\/hrncirskydvurzviretice.cz\\\/?s={search_term_string}\"},\"query-input\":{\"@type\":\"PropertyValueSpecification\",\"valueRequired\":true,\"valueName\":\"search_term_string\"}}],\"inLanguage\":\"de\"}]}<\/script>\n<!-- \/ Yoast SEO plugin. -->","yoast_head_json":{"title":"Parkovi\u0161t\u011b - Hrn\u010d\u00ed\u0159sk\u00fd dv\u016fr Zv\u00ed\u0159etice","robots":{"index":"index","follow":"follow","max-snippet":"max-snippet:-1","max-image-preview":"max-image-preview:large","max-video-preview":"max-video-preview:-1"},"canonical":"https:\/\/hrncirskydvurzviretice.cz\/de\/parkoviste\/","og_locale":"de_DE","og_type":"article","og_title":"Parkovi\u0161t\u011b - Hrn\u010d\u00ed\u0159sk\u00fd dv\u016fr Zv\u00ed\u0159etice","og_description":"Z d\u016fvodu velk\u00e9ho z\u00e1jmu ve\u0159ejnosti o Hrn\u010d\u00ed\u0159sk\u00fd dv\u016fr Zv\u00ed\u0159etice v uplynul\u00fdch t\u00fddnech jsme vybudovali dal\u0161\u00ed dv\u011b parkovi\u0161t\u011b. V zimn\u00edch m\u011bs\u00edc\u00edch pros\u00edm vyu\u017e\u00edvejte parkovi\u0161t\u011b, zobrazen\u00e9 n\u00ed\u017ee na mapce. D\u011bkujeme. Na parkovi\u0161ti v\u00e1m nehroz\u00ed \u017e\u00e1dn\u00e9 pokuty, parkov\u00e1n\u00ed je zdarma \ud83d\ude42","og_url":"https:\/\/hrncirskydvurzviretice.cz\/de\/parkoviste\/","og_site_name":"Hrn\u010d\u00ed\u0159sk\u00fd dv\u016fr Zv\u00ed\u0159etice","article_modified_time":"2024-12-19T12:49:36+00:00","og_image":[{"url":"https:\/\/hrncirskydvurzviretice.cz\/wp-content\/uploads\/2024\/12\/WhatsApp-Image-2024-12-16-at-20.23.20-837x1024.jpeg","type":"","width":"","height":""}],"twitter_card":"summary_large_image","twitter_misc":{"Gesch\u00e4tzte Lesezeit":"2\u00a0Minuten"},"schema":{"@context":"https:\/\/schema.org","@graph":[{"@type":"WebPage","@id":"https:\/\/hrncirskydvurzviretice.cz\/parkoviste\/","url":"https:\/\/hrncirskydvurzviretice.cz\/parkoviste\/","name":"Parkovi\u0161t\u011b - Hrn\u010d\u00ed\u0159sk\u00fd dv\u016fr Zv\u00ed\u0159etice","isPartOf":{"@id":"https:\/\/hrncirskydvurzviretice.cz\/#website"},"primaryImageOfPage":{"@id":"https:\/\/hrncirskydvurzviretice.cz\/parkoviste\/#primaryimage"},"image":{"@id":"https:\/\/hrncirskydvurzviretice.cz\/parkoviste\/#primaryimage"},"thumbnailUrl":"https:\/\/hrncirskydvurzviretice.cz\/wp-content\/uploads\/2024\/12\/WhatsApp-Image-2024-12-16-at-20.23.20-837x1024.jpeg","datePublished":"2024-11-10T04:03:23+00:00","dateModified":"2024-12-19T12:49:36+00:00","breadcrumb":{"@id":"https:\/\/hrncirskydvurzviretice.cz\/parkoviste\/#breadcrumb"},"inLanguage":"de","potentialAction":[{"@type":"ReadAction","target":["https:\/\/hrncirskydvurzviretice.cz\/parkoviste\/"]}]},{"@type":"ImageObject","inLanguage":"de","@id":"https:\/\/hrncirskydvurzviretice.cz\/parkoviste\/#primaryimage","url":"https:\/\/hrncirskydvurzviretice.cz\/wp-content\/uploads\/2024\/12\/WhatsApp-Image-2024-12-16-at-20.23.20-837x1024.jpeg","contentUrl":"https:\/\/hrncirskydvurzviretice.cz\/wp-content\/uploads\/2024\/12\/WhatsApp-Image-2024-12-16-at-20.23.20-837x1024.jpeg"},{"@type":"BreadcrumbList","@id":"https:\/\/hrncirskydvurzviretice.cz\/parkoviste\/#breadcrumb","itemListElement":[{"@type":"ListItem","position":1,"name":"Dom\u016f","item":"https:\/\/hrncirskydvurzviretice.cz\/"},{"@type":"ListItem","position":2,"name":"Parkovi\u0161t\u011b"}]},{"@type":"WebSite","@id":"https:\/\/hrncirskydvurzviretice.cz\/#website","url":"https:\/\/hrncirskydvurzviretice.cz\/","name":"T\u00f6pferhof Zv\u00ed\u0159etice","description":"","potentialAction":[{"@type":"SearchAction","target":{"@type":"EntryPoint","urlTemplate":"https:\/\/hrncirskydvurzviretice.cz\/?s={search_term_string}"},"query-input":{"@type":"PropertyValueSpecification","valueRequired":true,"valueName":"search_term_string"}}],"inLanguage":"de"}]}},"uagb_featured_image_src":{"full":false,"thumbnail":false,"medium":false,"medium_large":false,"large":false,"1536x1536":false,"2048x2048":false,"trp-custom-language-flag":false},"uagb_author_info":{"display_name":"Luk\u00e1\u0161 Bilinec","author_link":"https:\/\/hrncirskydvurzviretice.cz\/de\/author\/lukasibilinecgmail-com\/"},"uagb_comment_info":0,"uagb_excerpt":"Z d\u016fvodu velk\u00e9ho z\u00e1jmu ve\u0159ejnosti o Hrn\u010d\u00ed\u0159sk\u00fd dv\u016fr Zv\u00ed\u0159etice v uplynul\u00fdch t\u00fddnech jsme vybudovali dal\u0161\u00ed dv\u011b parkovi\u0161t\u011b. V zimn\u00edch m\u011bs\u00edc\u00edch pros\u00edm vyu\u017e\u00edvejte parkovi\u0161t\u011b, zobrazen\u00e9 n\u00ed\u017ee na mapce. D\u011bkujeme. Na parkovi\u0161ti v\u00e1m nehroz\u00ed \u017e\u00e1dn\u00e9 pokuty, parkov\u00e1n\u00ed je zdarma \ud83d\ude42","jetpack_sharing_enabled":true,"_links":{"self":[{"href":"https:\/\/hrncirskydvurzviretice.cz\/de\/wp-json\/wp\/v2\/pages\/2170","targetHints":{"allow":["GET"]}}],"collection":[{"href":"https:\/\/hrncirskydvurzviretice.cz\/de\/wp-json\/wp\/v2\/pages"}],"about":[{"href":"https:\/\/hrncirskydvurzviretice.cz\/de\/wp-json\/wp\/v2\/types\/page"}],"author":[{"embeddable":true,"href":"https:\/\/hrncirskydvurzviretice.cz\/de\/wp-json\/wp\/v2\/users\/3"}],"replies":[{"embeddable":true,"href":"https:\/\/hrncirskydvurzviretice.cz\/de\/wp-json\/wp\/v2\/comments?post=2170"}],"version-history":[{"count":2,"href":"https:\/\/hrncirskydvurzviretice.cz\/de\/wp-json\/wp\/v2\/pages\/2170\/revisions"}],"predecessor-version":[{"id":2358,"href":"https:\/\/hrncirskydvurzviretice.cz\/de\/wp-json\/wp\/v2\/pages\/2170\/revisions\/2358"}],"wp:attachment":[{"href":"https:\/\/hrncirskydvurzviretice.cz\/de\/wp-json\/wp\/v2\/media?parent=2170"}],"curies":[{"name":"wp","href":"https:\/\/api.w.org\/{rel}","templated":true}]}}