{"id":1845,"date":"2024-09-18T11:12:58","date_gmt":"2024-09-18T11:12:58","guid":{"rendered":"https:\/\/hrncirskydvurzviretice.cz\/?page_id=1845"},"modified":"2026-03-25T15:18:00","modified_gmt":"2026-03-25T14:18:00","slug":"detska-herna","status":"publish","type":"page","link":"https:\/\/hrncirskydvurzviretice.cz\/de\/detska-herna\/","title":{"rendered":"Gro\u00dfes Spielzimmer f\u00fcr Kinder"},"content":{"rendered":"<p class=\"has-text-align-left\">Liebe Besucher,<\/p>\n\n\n\n<ul class=\"wp-block-list\">\n<li><strong>Velk\u00e1 kuli\u010dkov\u00e1 herna<\/strong> v provozu &#8211; bez rezervace <img loading=\"lazy\" decoding=\"async\" width=\"16\" height=\"16\" src=\"https:\/\/lh7-rt.googleusercontent.com\/docsz\/AD_4nXd7rASHuFcIvx29thKsL_RLNuf7b8ZLsxRU7NxijRCbFiSHWNPE2iNEpnWZqZxjSVgJ_uIBcGpkKxcKU_8WFtco6aJqMlSt-xE6Jzgt2zhWivlz3ZmXiH7qX8XYMR1SZsxjNyoaUHW67xig771BW2gt0aJU?key=vMtPzeJRJKEhFmodRprRxg\" alt=\"\ud83d\udfe2\"><\/li>\n\n\n\n<li><strong>Kleines Spielzimmer f\u00fcr Kinder<\/strong> v provozu &#8211; bez rezervace <img loading=\"lazy\" decoding=\"async\" width=\"16\" height=\"16\" src=\"https:\/\/lh7-rt.googleusercontent.com\/docsz\/AD_4nXd7rASHuFcIvx29thKsL_RLNuf7b8ZLsxRU7NxijRCbFiSHWNPE2iNEpnWZqZxjSVgJ_uIBcGpkKxcKU_8WFtco6aJqMlSt-xE6Jzgt2zhWivlz3ZmXiH7qX8XYMR1SZsxjNyoaUHW67xig771BW2gt0aJU?key=vMtPzeJRJKEhFmodRprRxg\" alt=\"\ud83d\udfe2\"><\/li>\n<\/ul>\n\n\n\n<p class=\"has-text-align-left\"><strong>MOMENT\u00c1LN\u011a JSOU HERNY BEZ REZERAVCE \u2013 sta\u010d\u00ed se nahl\u00e1sit na kav\u00e1rn\u011b \u2013 obsluha se o v\u00e1s postar\u00e1!<\/strong><\/p>\n\n\n\n<p class=\"has-text-align-center\"><img loading=\"lazy\" decoding=\"async\" width=\"16\" height=\"16\" src=\"https:\/\/lh7-rt.googleusercontent.com\/docsz\/AD_4nXehpFaYIZCFSrvI93K-CM4ALr7aExUVU-gxqTZTLYJWJsUPvcPtH2VTpKACkAQJQagffZLVowdrG-Xljx48adfTUG7cVDAQNf6IMfQJ6MX1sQ9l51A9Shyxmhpd7tGaCwKjSMcdRQOFycE6ufcseJe0WvwK?key=vMtPzeJRJKEhFmodRprRxg\" alt=\"\ud83d\udd35\"> <strong>Wenn Sie Fragen haben, z\u00f6gern Sie bitte nicht, uns unter +420 778 973 844 zu kontaktieren.<\/strong> <strong><img loading=\"lazy\" decoding=\"async\" width=\"16\" height=\"16\" src=\"https:\/\/lh7-rt.googleusercontent.com\/docsz\/AD_4nXehpFaYIZCFSrvI93K-CM4ALr7aExUVU-gxqTZTLYJWJsUPvcPtH2VTpKACkAQJQagffZLVowdrG-Xljx48adfTUG7cVDAQNf6IMfQJ6MX1sQ9l51A9Shyxmhpd7tGaCwKjSMcdRQOFycE6ufcseJe0WvwK?key=vMtPzeJRJKEhFmodRprRxg\" alt=\"\ud83d\udd35\"><\/strong><\/p>\n\n\n\n<p>Wir freuen uns auf Ihren Besuch!<\/p>\n\n\n\n<figure class=\"wp-block-gallery has-nested-images columns-default is-cropped wp-block-gallery-1 is-layout-flex wp-block-gallery-is-layout-flex\">\n<figure class=\"wp-block-image size-large\"><img loading=\"lazy\" decoding=\"async\" width=\"1024\" height=\"683\" data-id=\"2928\" src=\"https:\/\/hrncirskydvurzviretice.cz\/wp-content\/uploads\/2026\/03\/JIT_8144-1024x683.jpg\" alt=\"\" class=\"wp-image-2928\" srcset=\"https:\/\/hrncirskydvurzviretice.cz\/wp-content\/uploads\/2026\/03\/JIT_8144-1024x683.jpg 1024w, https:\/\/hrncirskydvurzviretice.cz\/wp-content\/uploads\/2026\/03\/JIT_8144-300x200.jpg 300w, https:\/\/hrncirskydvurzviretice.cz\/wp-content\/uploads\/2026\/03\/JIT_8144-768x512.jpg 768w, https:\/\/hrncirskydvurzviretice.cz\/wp-content\/uploads\/2026\/03\/JIT_8144-1536x1024.jpg 1536w, https:\/\/hrncirskydvurzviretice.cz\/wp-content\/uploads\/2026\/03\/JIT_8144-2048x1365.jpg 2048w, https:\/\/hrncirskydvurzviretice.cz\/wp-content\/uploads\/2026\/03\/JIT_8144-18x12.jpg 18w\" sizes=\"auto, (max-width: 1024px) 100vw, 1024px\" \/><\/figure>\n<\/figure>\n\n\n\n<figure class=\"wp-block-gallery has-nested-images columns-default is-cropped wp-block-gallery-2 is-layout-flex wp-block-gallery-is-layout-flex\">\n<figure class=\"wp-block-image size-large\"><img loading=\"lazy\" decoding=\"async\" width=\"683\" height=\"1024\" data-id=\"2930\" src=\"https:\/\/hrncirskydvurzviretice.cz\/wp-content\/uploads\/2026\/03\/JIT_8147-683x1024.jpg\" alt=\"\" class=\"wp-image-2930\" srcset=\"https:\/\/hrncirskydvurzviretice.cz\/wp-content\/uploads\/2026\/03\/JIT_8147-683x1024.jpg 683w, https:\/\/hrncirskydvurzviretice.cz\/wp-content\/uploads\/2026\/03\/JIT_8147-200x300.jpg 200w, https:\/\/hrncirskydvurzviretice.cz\/wp-content\/uploads\/2026\/03\/JIT_8147-768x1152.jpg 768w, https:\/\/hrncirskydvurzviretice.cz\/wp-content\/uploads\/2026\/03\/JIT_8147-1024x1536.jpg 1024w, https:\/\/hrncirskydvurzviretice.cz\/wp-content\/uploads\/2026\/03\/JIT_8147-1365x2048.jpg 1365w, https:\/\/hrncirskydvurzviretice.cz\/wp-content\/uploads\/2026\/03\/JIT_8147-8x12.jpg 8w, https:\/\/hrncirskydvurzviretice.cz\/wp-content\/uploads\/2026\/03\/JIT_8147-scaled.jpg 1707w\" sizes=\"auto, (max-width: 683px) 100vw, 683px\" \/><\/figure>\n\n\n\n<figure class=\"wp-block-image size-large\"><img loading=\"lazy\" decoding=\"async\" width=\"683\" height=\"1024\" data-id=\"2931\" src=\"https:\/\/hrncirskydvurzviretice.cz\/wp-content\/uploads\/2026\/03\/JIT_8149-683x1024.jpg\" alt=\"\" class=\"wp-image-2931\" srcset=\"https:\/\/hrncirskydvurzviretice.cz\/wp-content\/uploads\/2026\/03\/JIT_8149-683x1024.jpg 683w, https:\/\/hrncirskydvurzviretice.cz\/wp-content\/uploads\/2026\/03\/JIT_8149-200x300.jpg 200w, https:\/\/hrncirskydvurzviretice.cz\/wp-content\/uploads\/2026\/03\/JIT_8149-768x1152.jpg 768w, https:\/\/hrncirskydvurzviretice.cz\/wp-content\/uploads\/2026\/03\/JIT_8149-1024x1536.jpg 1024w, https:\/\/hrncirskydvurzviretice.cz\/wp-content\/uploads\/2026\/03\/JIT_8149-1365x2048.jpg 1365w, https:\/\/hrncirskydvurzviretice.cz\/wp-content\/uploads\/2026\/03\/JIT_8149-8x12.jpg 8w, https:\/\/hrncirskydvurzviretice.cz\/wp-content\/uploads\/2026\/03\/JIT_8149-scaled.jpg 1707w\" sizes=\"auto, (max-width: 683px) 100vw, 683px\" \/><\/figure>\n<\/figure>\n\n\n\n<p><\/p>","protected":false},"excerpt":{"rendered":"<p>Mil\u00ed n\u00e1v\u0161t\u011bvn\u00edci, MOMENT\u00c1LN\u011a JSOU HERNY BEZ REZERAVCE \u2013 sta\u010d\u00ed se nahl\u00e1sit na kav\u00e1rn\u011b \u2013 obsluha se o v\u00e1s postar\u00e1! V p\u0159\u00edpad\u011b aktu\u00e1ln\u00edch dotaz\u016f, n\u00e1s nev\u00e1hejte kontaktovat, na tel. +420 778 973 844 T\u011b\u0161\u00edme se na v\u00e1s!<\/p>","protected":false},"author":3,"featured_media":0,"parent":0,"menu_order":0,"comment_status":"closed","ping_status":"closed","template":"","meta":{"_uag_custom_page_level_css":"","site-sidebar-layout":"default","site-content-layout":"","ast-site-content-layout":"default","site-content-style":"default","site-sidebar-style":"default","ast-global-header-display":"","ast-banner-title-visibility":"","ast-main-header-display":"","ast-hfb-above-header-display":"","ast-hfb-below-header-display":"","ast-hfb-mobile-header-display":"","site-post-title":"","ast-breadcrumbs-content":"","ast-featured-img":"","footer-sml-layout":"","theme-transparent-header-meta":"","adv-header-id-meta":"","stick-header-meta":"","header-above-stick-meta":"","header-main-stick-meta":"","header-below-stick-meta":"","astra-migrate-meta-layouts":"set","ast-page-background-enabled":"default","ast-page-background-meta":{"desktop":{"background-color":"","background-image":"","background-repeat":"repeat","background-position":"center center","background-size":"auto","background-attachment":"scroll","background-type":"","background-media":"","overlay-type":"","overlay-color":"","overlay-opacity":"","overlay-gradient":""},"tablet":{"background-color":"","background-image":"","background-repeat":"repeat","background-position":"center center","background-size":"auto","background-attachment":"scroll","background-type":"","background-media":"","overlay-type":"","overlay-color":"","overlay-opacity":"","overlay-gradient":""},"mobile":{"background-color":"","background-image":"","background-repeat":"repeat","background-position":"center center","background-size":"auto","background-attachment":"scroll","background-type":"","background-media":"","overlay-type":"","overlay-color":"","overlay-opacity":"","overlay-gradient":""}},"ast-content-background-meta":{"desktop":{"background-color":"var(--ast-global-color-5)","background-image":"","background-repeat":"repeat","background-position":"center center","background-size":"auto","background-attachment":"scroll","background-type":"","background-media":"","overlay-type":"","overlay-color":"","overlay-opacity":"","overlay-gradient":""},"tablet":{"background-color":"var(--ast-global-color-5)","background-image":"","background-repeat":"repeat","background-position":"center center","background-size":"auto","background-attachment":"scroll","background-type":"","background-media":"","overlay-type":"","overlay-color":"","overlay-opacity":"","overlay-gradient":""},"mobile":{"background-color":"var(--ast-global-color-5)","background-image":"","background-repeat":"repeat","background-position":"center center","background-size":"auto","background-attachment":"scroll","background-type":"","background-media":"","overlay-type":"","overlay-color":"","overlay-opacity":"","overlay-gradient":""}},"footnotes":""},"class_list":["post-1845","page","type-page","status-publish","hentry"],"yoast_head":"<!-- This site is optimized with the Yoast SEO plugin v27.4 - https:\/\/yoast.com\/product\/yoast-seo-wordpress\/ -->\n<title>Velk\u00e1 d\u011btsk\u00e1 herna - Hrn\u010d\u00ed\u0159sk\u00fd dv\u016fr Zv\u00ed\u0159etice<\/title>\n<meta name=\"robots\" content=\"index, follow, max-snippet:-1, max-image-preview:large, max-video-preview:-1\" \/>\n<link rel=\"canonical\" href=\"https:\/\/hrncirskydvurzviretice.cz\/de\/detska-herna\/\" \/>\n<meta property=\"og:locale\" content=\"de_DE\" \/>\n<meta property=\"og:type\" content=\"article\" \/>\n<meta property=\"og:title\" content=\"Velk\u00e1 d\u011btsk\u00e1 herna - Hrn\u010d\u00ed\u0159sk\u00fd dv\u016fr Zv\u00ed\u0159etice\" \/>\n<meta property=\"og:description\" content=\"Mil\u00ed n\u00e1v\u0161t\u011bvn\u00edci, MOMENT\u00c1LN\u011a JSOU HERNY BEZ REZERAVCE \u2013 sta\u010d\u00ed se nahl\u00e1sit na kav\u00e1rn\u011b \u2013 obsluha se o v\u00e1s postar\u00e1! V p\u0159\u00edpad\u011b aktu\u00e1ln\u00edch dotaz\u016f, n\u00e1s nev\u00e1hejte kontaktovat, na tel. +420 778 973 844 T\u011b\u0161\u00edme se na v\u00e1s!\" \/>\n<meta property=\"og:url\" content=\"https:\/\/hrncirskydvurzviretice.cz\/de\/detska-herna\/\" \/>\n<meta property=\"og:site_name\" content=\"Hrn\u010d\u00ed\u0159sk\u00fd dv\u016fr Zv\u00ed\u0159etice\" \/>\n<meta property=\"article:modified_time\" content=\"2026-03-25T14:18:00+00:00\" \/>\n<meta property=\"og:image\" content=\"https:\/\/lh7-rt.googleusercontent.com\/docsz\/AD_4nXd7rASHuFcIvx29thKsL_RLNuf7b8ZLsxRU7NxijRCbFiSHWNPE2iNEpnWZqZxjSVgJ_uIBcGpkKxcKU_8WFtco6aJqMlSt-xE6Jzgt2zhWivlz3ZmXiH7qX8XYMR1SZsxjNyoaUHW67xig771BW2gt0aJU?key=vMtPzeJRJKEhFmodRprRxg\" \/>\n<meta name=\"twitter:card\" content=\"summary_large_image\" \/>\n<meta name=\"twitter:label1\" content=\"Gesch\u00e4tzte Lesezeit\" \/>\n\t<meta name=\"twitter:data1\" content=\"2\u00a0Minuten\" \/>\n<script type=\"application\/ld+json\" class=\"yoast-schema-graph\">{\"@context\":\"https:\\\/\\\/schema.org\",\"@graph\":[{\"@type\":\"WebPage\",\"@id\":\"https:\\\/\\\/hrncirskydvurzviretice.cz\\\/detska-herna\\\/\",\"url\":\"https:\\\/\\\/hrncirskydvurzviretice.cz\\\/detska-herna\\\/\",\"name\":\"Velk\u00e1 d\u011btsk\u00e1 herna - Hrn\u010d\u00ed\u0159sk\u00fd dv\u016fr Zv\u00ed\u0159etice\",\"isPartOf\":{\"@id\":\"https:\\\/\\\/hrncirskydvurzviretice.cz\\\/#website\"},\"primaryImageOfPage\":{\"@id\":\"https:\\\/\\\/hrncirskydvurzviretice.cz\\\/detska-herna\\\/#primaryimage\"},\"image\":{\"@id\":\"https:\\\/\\\/hrncirskydvurzviretice.cz\\\/detska-herna\\\/#primaryimage\"},\"thumbnailUrl\":\"https:\\\/\\\/lh7-rt.googleusercontent.com\\\/docsz\\\/AD_4nXd7rASHuFcIvx29thKsL_RLNuf7b8ZLsxRU7NxijRCbFiSHWNPE2iNEpnWZqZxjSVgJ_uIBcGpkKxcKU_8WFtco6aJqMlSt-xE6Jzgt2zhWivlz3ZmXiH7qX8XYMR1SZsxjNyoaUHW67xig771BW2gt0aJU?key=vMtPzeJRJKEhFmodRprRxg\",\"datePublished\":\"2024-09-18T11:12:58+00:00\",\"dateModified\":\"2026-03-25T14:18:00+00:00\",\"breadcrumb\":{\"@id\":\"https:\\\/\\\/hrncirskydvurzviretice.cz\\\/detska-herna\\\/#breadcrumb\"},\"inLanguage\":\"de\",\"potentialAction\":[{\"@type\":\"ReadAction\",\"target\":[\"https:\\\/\\\/hrncirskydvurzviretice.cz\\\/detska-herna\\\/\"]}]},{\"@type\":\"ImageObject\",\"inLanguage\":\"de\",\"@id\":\"https:\\\/\\\/hrncirskydvurzviretice.cz\\\/detska-herna\\\/#primaryimage\",\"url\":\"https:\\\/\\\/lh7-rt.googleusercontent.com\\\/docsz\\\/AD_4nXd7rASHuFcIvx29thKsL_RLNuf7b8ZLsxRU7NxijRCbFiSHWNPE2iNEpnWZqZxjSVgJ_uIBcGpkKxcKU_8WFtco6aJqMlSt-xE6Jzgt2zhWivlz3ZmXiH7qX8XYMR1SZsxjNyoaUHW67xig771BW2gt0aJU?key=vMtPzeJRJKEhFmodRprRxg\",\"contentUrl\":\"https:\\\/\\\/lh7-rt.googleusercontent.com\\\/docsz\\\/AD_4nXd7rASHuFcIvx29thKsL_RLNuf7b8ZLsxRU7NxijRCbFiSHWNPE2iNEpnWZqZxjSVgJ_uIBcGpkKxcKU_8WFtco6aJqMlSt-xE6Jzgt2zhWivlz3ZmXiH7qX8XYMR1SZsxjNyoaUHW67xig771BW2gt0aJU?key=vMtPzeJRJKEhFmodRprRxg\"},{\"@type\":\"BreadcrumbList\",\"@id\":\"https:\\\/\\\/hrncirskydvurzviretice.cz\\\/detska-herna\\\/#breadcrumb\",\"itemListElement\":[{\"@type\":\"ListItem\",\"position\":1,\"name\":\"Dom\u016f\",\"item\":\"https:\\\/\\\/hrncirskydvurzviretice.cz\\\/\"},{\"@type\":\"ListItem\",\"position\":2,\"name\":\"Velk\u00e1 d\u011btsk\u00e1 herna\"}]},{\"@type\":\"WebSite\",\"@id\":\"https:\\\/\\\/hrncirskydvurzviretice.cz\\\/#website\",\"url\":\"https:\\\/\\\/hrncirskydvurzviretice.cz\\\/\",\"name\":\"Hrn\u010d\u00ed\u0159sk\u00fd dv\u016fr Zv\u00ed\u0159etice\",\"description\":\"\",\"potentialAction\":[{\"@type\":\"SearchAction\",\"target\":{\"@type\":\"EntryPoint\",\"urlTemplate\":\"https:\\\/\\\/hrncirskydvurzviretice.cz\\\/?s={search_term_string}\"},\"query-input\":{\"@type\":\"PropertyValueSpecification\",\"valueRequired\":true,\"valueName\":\"search_term_string\"}}],\"inLanguage\":\"de\"}]}<\/script>\n<!-- \/ Yoast SEO plugin. -->","yoast_head_json":{"title":"Velk\u00e1 d\u011btsk\u00e1 herna - Hrn\u010d\u00ed\u0159sk\u00fd dv\u016fr Zv\u00ed\u0159etice","robots":{"index":"index","follow":"follow","max-snippet":"max-snippet:-1","max-image-preview":"max-image-preview:large","max-video-preview":"max-video-preview:-1"},"canonical":"https:\/\/hrncirskydvurzviretice.cz\/de\/detska-herna\/","og_locale":"de_DE","og_type":"article","og_title":"Velk\u00e1 d\u011btsk\u00e1 herna - Hrn\u010d\u00ed\u0159sk\u00fd dv\u016fr Zv\u00ed\u0159etice","og_description":"Mil\u00ed n\u00e1v\u0161t\u011bvn\u00edci, MOMENT\u00c1LN\u011a JSOU HERNY BEZ REZERAVCE \u2013 sta\u010d\u00ed se nahl\u00e1sit na kav\u00e1rn\u011b \u2013 obsluha se o v\u00e1s postar\u00e1! V p\u0159\u00edpad\u011b aktu\u00e1ln\u00edch dotaz\u016f, n\u00e1s nev\u00e1hejte kontaktovat, na tel. +420 778 973 844 T\u011b\u0161\u00edme se na v\u00e1s!","og_url":"https:\/\/hrncirskydvurzviretice.cz\/de\/detska-herna\/","og_site_name":"Hrn\u010d\u00ed\u0159sk\u00fd dv\u016fr Zv\u00ed\u0159etice","article_modified_time":"2026-03-25T14:18:00+00:00","og_image":[{"url":"https:\/\/lh7-rt.googleusercontent.com\/docsz\/AD_4nXd7rASHuFcIvx29thKsL_RLNuf7b8ZLsxRU7NxijRCbFiSHWNPE2iNEpnWZqZxjSVgJ_uIBcGpkKxcKU_8WFtco6aJqMlSt-xE6Jzgt2zhWivlz3ZmXiH7qX8XYMR1SZsxjNyoaUHW67xig771BW2gt0aJU?key=vMtPzeJRJKEhFmodRprRxg","type":"","width":"","height":""}],"twitter_card":"summary_large_image","twitter_misc":{"Gesch\u00e4tzte Lesezeit":"2\u00a0Minuten"},"schema":{"@context":"https:\/\/schema.org","@graph":[{"@type":"WebPage","@id":"https:\/\/hrncirskydvurzviretice.cz\/detska-herna\/","url":"https:\/\/hrncirskydvurzviretice.cz\/detska-herna\/","name":"Velk\u00e1 d\u011btsk\u00e1 herna - Hrn\u010d\u00ed\u0159sk\u00fd dv\u016fr Zv\u00ed\u0159etice","isPartOf":{"@id":"https:\/\/hrncirskydvurzviretice.cz\/#website"},"primaryImageOfPage":{"@id":"https:\/\/hrncirskydvurzviretice.cz\/detska-herna\/#primaryimage"},"image":{"@id":"https:\/\/hrncirskydvurzviretice.cz\/detska-herna\/#primaryimage"},"thumbnailUrl":"https:\/\/lh7-rt.googleusercontent.com\/docsz\/AD_4nXd7rASHuFcIvx29thKsL_RLNuf7b8ZLsxRU7NxijRCbFiSHWNPE2iNEpnWZqZxjSVgJ_uIBcGpkKxcKU_8WFtco6aJqMlSt-xE6Jzgt2zhWivlz3ZmXiH7qX8XYMR1SZsxjNyoaUHW67xig771BW2gt0aJU?key=vMtPzeJRJKEhFmodRprRxg","datePublished":"2024-09-18T11:12:58+00:00","dateModified":"2026-03-25T14:18:00+00:00","breadcrumb":{"@id":"https:\/\/hrncirskydvurzviretice.cz\/detska-herna\/#breadcrumb"},"inLanguage":"de","potentialAction":[{"@type":"ReadAction","target":["https:\/\/hrncirskydvurzviretice.cz\/detska-herna\/"]}]},{"@type":"ImageObject","inLanguage":"de","@id":"https:\/\/hrncirskydvurzviretice.cz\/detska-herna\/#primaryimage","url":"https:\/\/lh7-rt.googleusercontent.com\/docsz\/AD_4nXd7rASHuFcIvx29thKsL_RLNuf7b8ZLsxRU7NxijRCbFiSHWNPE2iNEpnWZqZxjSVgJ_uIBcGpkKxcKU_8WFtco6aJqMlSt-xE6Jzgt2zhWivlz3ZmXiH7qX8XYMR1SZsxjNyoaUHW67xig771BW2gt0aJU?key=vMtPzeJRJKEhFmodRprRxg","contentUrl":"https:\/\/lh7-rt.googleusercontent.com\/docsz\/AD_4nXd7rASHuFcIvx29thKsL_RLNuf7b8ZLsxRU7NxijRCbFiSHWNPE2iNEpnWZqZxjSVgJ_uIBcGpkKxcKU_8WFtco6aJqMlSt-xE6Jzgt2zhWivlz3ZmXiH7qX8XYMR1SZsxjNyoaUHW67xig771BW2gt0aJU?key=vMtPzeJRJKEhFmodRprRxg"},{"@type":"BreadcrumbList","@id":"https:\/\/hrncirskydvurzviretice.cz\/detska-herna\/#breadcrumb","itemListElement":[{"@type":"ListItem","position":1,"name":"Dom\u016f","item":"https:\/\/hrncirskydvurzviretice.cz\/"},{"@type":"ListItem","position":2,"name":"Velk\u00e1 d\u011btsk\u00e1 herna"}]},{"@type":"WebSite","@id":"https:\/\/hrncirskydvurzviretice.cz\/#website","url":"https:\/\/hrncirskydvurzviretice.cz\/","name":"T\u00f6pferhof Zv\u00ed\u0159etice","description":"","potentialAction":[{"@type":"SearchAction","target":{"@type":"EntryPoint","urlTemplate":"https:\/\/hrncirskydvurzviretice.cz\/?s={search_term_string}"},"query-input":{"@type":"PropertyValueSpecification","valueRequired":true,"valueName":"search_term_string"}}],"inLanguage":"de"}]}},"uagb_featured_image_src":{"full":false,"thumbnail":false,"medium":false,"medium_large":false,"large":false,"1536x1536":false,"2048x2048":false,"trp-custom-language-flag":false},"uagb_author_info":{"display_name":"Luk\u00e1\u0161 Bilinec","author_link":"https:\/\/hrncirskydvurzviretice.cz\/de\/author\/lukasibilinecgmail-com\/"},"uagb_comment_info":0,"uagb_excerpt":"Mil\u00ed n\u00e1v\u0161t\u011bvn\u00edci, MOMENT\u00c1LN\u011a JSOU HERNY BEZ REZERAVCE \u2013 sta\u010d\u00ed se nahl\u00e1sit na kav\u00e1rn\u011b \u2013 obsluha se o v\u00e1s postar\u00e1! V p\u0159\u00edpad\u011b aktu\u00e1ln\u00edch dotaz\u016f, n\u00e1s nev\u00e1hejte kontaktovat, na tel. +420 778 973 844 T\u011b\u0161\u00edme se na v\u00e1s!","jetpack_sharing_enabled":true,"_links":{"self":[{"href":"https:\/\/hrncirskydvurzviretice.cz\/de\/wp-json\/wp\/v2\/pages\/1845","targetHints":{"allow":["GET"]}}],"collection":[{"href":"https:\/\/hrncirskydvurzviretice.cz\/de\/wp-json\/wp\/v2\/pages"}],"about":[{"href":"https:\/\/hrncirskydvurzviretice.cz\/de\/wp-json\/wp\/v2\/types\/page"}],"author":[{"embeddable":true,"href":"https:\/\/hrncirskydvurzviretice.cz\/de\/wp-json\/wp\/v2\/users\/3"}],"replies":[{"embeddable":true,"href":"https:\/\/hrncirskydvurzviretice.cz\/de\/wp-json\/wp\/v2\/comments?post=1845"}],"version-history":[{"count":54,"href":"https:\/\/hrncirskydvurzviretice.cz\/de\/wp-json\/wp\/v2\/pages\/1845\/revisions"}],"predecessor-version":[{"id":2932,"href":"https:\/\/hrncirskydvurzviretice.cz\/de\/wp-json\/wp\/v2\/pages\/1845\/revisions\/2932"}],"wp:attachment":[{"href":"https:\/\/hrncirskydvurzviretice.cz\/de\/wp-json\/wp\/v2\/media?parent=1845"}],"curies":[{"name":"wp","href":"https:\/\/api.w.org\/{rel}","templated":true}]}}