{"id":1843,"date":"2024-09-18T11:05:49","date_gmt":"2024-09-18T11:05:49","guid":{"rendered":"https:\/\/hrncirskydvurzviretice.cz\/?page_id=1843"},"modified":"2025-06-23T17:03:14","modified_gmt":"2025-06-23T15:03:14","slug":"zoo-koutek","status":"publish","type":"page","link":"https:\/\/hrncirskydvurzviretice.cz\/de\/zoo-koutek\/","title":{"rendered":"Zoo-Ecke"},"content":{"rendered":"<p>V na\u0161\u00ed nov\u011b otev\u0159en\u00e9 MINI ZOO si sv\u00e9ho obl\u00edbence najdou dosp\u011bl\u00ed i d\u011bti. Setkat se m\u016f\u017eete s pon\u00edkem, p\u0161trosem, dv\u011bma lamami, kozami, kr\u00e1l\u00edky, slepi\u010dkami hedv\u00e1bni\u010dkami, \u017eelvami, andulkami, \u010di dv\u011bma pras\u00e1tky. Pro zv\u00ed\u0159\u00e1tka m\u016f\u017eete zakoupit sva\u010dinku a dokonce je i nakrmit. Skv\u011bl\u00fd z\u00e1\u017eitek pro mal\u00e9 i velk\u00e9 n\u00e1v\u0161t\u011bvn\u00edky Hrn\u010d\u00ed\u0159sk\u00e9ho dvora Zv\u00ed\u0159etice. <\/p>\n\n\n\n<p>Moc se na v\u00e1s t\u011b\u0161\u00edme, va\u0161e zv\u00ed\u0159\u00e1tka \ud83d\udc3e <\/p>\n\n\n\n<figure class=\"wp-block-gallery has-nested-images columns-default is-cropped wp-block-gallery-1 is-layout-flex wp-block-gallery-is-layout-flex\">\n<figure class=\"wp-block-image size-large\"><img loading=\"lazy\" decoding=\"async\" width=\"660\" height=\"990\" data-id=\"1895\" src=\"https:\/\/hrncirskydvurzviretice.cz\/wp-content\/uploads\/2024\/09\/Zoo_1-2.jpg\" alt=\"\" class=\"wp-image-1895\" srcset=\"https:\/\/hrncirskydvurzviretice.cz\/wp-content\/uploads\/2024\/09\/Zoo_1-2.jpg 660w, https:\/\/hrncirskydvurzviretice.cz\/wp-content\/uploads\/2024\/09\/Zoo_1-2-200x300.jpg 200w\" sizes=\"auto, (max-width: 660px) 100vw, 660px\" \/><\/figure>\n\n\n\n<figure class=\"wp-block-image size-large\"><img loading=\"lazy\" decoding=\"async\" width=\"683\" height=\"1024\" data-id=\"2586\" src=\"https:\/\/hrncirskydvurzviretice.cz\/wp-content\/uploads\/2025\/06\/JIT_6852-1-683x1024.jpg\" alt=\"\" class=\"wp-image-2586\" srcset=\"https:\/\/hrncirskydvurzviretice.cz\/wp-content\/uploads\/2025\/06\/JIT_6852-1-683x1024.jpg 683w, https:\/\/hrncirskydvurzviretice.cz\/wp-content\/uploads\/2025\/06\/JIT_6852-1-200x300.jpg 200w, https:\/\/hrncirskydvurzviretice.cz\/wp-content\/uploads\/2025\/06\/JIT_6852-1.jpg 732w\" sizes=\"auto, (max-width: 683px) 100vw, 683px\" \/><\/figure>\n\n\n\n<figure class=\"wp-block-image size-large\"><img loading=\"lazy\" decoding=\"async\" width=\"660\" height=\"990\" data-id=\"1898\" src=\"https:\/\/hrncirskydvurzviretice.cz\/wp-content\/uploads\/2024\/09\/Zoo_2-2.jpg\" alt=\"\" class=\"wp-image-1898\" srcset=\"https:\/\/hrncirskydvurzviretice.cz\/wp-content\/uploads\/2024\/09\/Zoo_2-2.jpg 660w, https:\/\/hrncirskydvurzviretice.cz\/wp-content\/uploads\/2024\/09\/Zoo_2-2-200x300.jpg 200w\" sizes=\"auto, (max-width: 660px) 100vw, 660px\" \/><\/figure>\n\n\n\n<figure class=\"wp-block-image size-large\"><img loading=\"lazy\" decoding=\"async\" width=\"660\" height=\"990\" data-id=\"1896\" src=\"https:\/\/hrncirskydvurzviretice.cz\/wp-content\/uploads\/2024\/09\/ZOO_3A-2.jpg\" alt=\"\" class=\"wp-image-1896\" srcset=\"https:\/\/hrncirskydvurzviretice.cz\/wp-content\/uploads\/2024\/09\/ZOO_3A-2.jpg 660w, https:\/\/hrncirskydvurzviretice.cz\/wp-content\/uploads\/2024\/09\/ZOO_3A-2-200x300.jpg 200w\" sizes=\"auto, (max-width: 660px) 100vw, 660px\" \/><\/figure>\n\n\n\n<figure class=\"wp-block-image size-large\"><img loading=\"lazy\" decoding=\"async\" width=\"660\" height=\"990\" data-id=\"1897\" src=\"https:\/\/hrncirskydvurzviretice.cz\/wp-content\/uploads\/2024\/09\/ZOO_4-2.jpg\" alt=\"\" class=\"wp-image-1897\" srcset=\"https:\/\/hrncirskydvurzviretice.cz\/wp-content\/uploads\/2024\/09\/ZOO_4-2.jpg 660w, https:\/\/hrncirskydvurzviretice.cz\/wp-content\/uploads\/2024\/09\/ZOO_4-2-200x300.jpg 200w\" sizes=\"auto, (max-width: 660px) 100vw, 660px\" \/><\/figure>\n\n\n\n<figure class=\"wp-block-image size-large\"><img loading=\"lazy\" decoding=\"async\" width=\"660\" height=\"990\" data-id=\"1899\" src=\"https:\/\/hrncirskydvurzviretice.cz\/wp-content\/uploads\/2024\/09\/ZOO_5-2.jpg\" alt=\"\" class=\"wp-image-1899\" srcset=\"https:\/\/hrncirskydvurzviretice.cz\/wp-content\/uploads\/2024\/09\/ZOO_5-2.jpg 660w, https:\/\/hrncirskydvurzviretice.cz\/wp-content\/uploads\/2024\/09\/ZOO_5-2-200x300.jpg 200w\" sizes=\"auto, (max-width: 660px) 100vw, 660px\" \/><\/figure>\n\n\n\n<figure class=\"wp-block-image size-large\"><img loading=\"lazy\" decoding=\"async\" width=\"660\" height=\"990\" data-id=\"1894\" src=\"https:\/\/hrncirskydvurzviretice.cz\/wp-content\/uploads\/2024\/09\/ZOO_6-2.jpg\" alt=\"\" class=\"wp-image-1894\" srcset=\"https:\/\/hrncirskydvurzviretice.cz\/wp-content\/uploads\/2024\/09\/ZOO_6-2.jpg 660w, https:\/\/hrncirskydvurzviretice.cz\/wp-content\/uploads\/2024\/09\/ZOO_6-2-200x300.jpg 200w\" sizes=\"auto, (max-width: 660px) 100vw, 660px\" \/><\/figure>\n\n\n\n<figure class=\"wp-block-image size-large\"><img loading=\"lazy\" decoding=\"async\" width=\"684\" height=\"1024\" data-id=\"2489\" src=\"https:\/\/hrncirskydvurzviretice.cz\/wp-content\/uploads\/2025\/04\/DSC06695-2-1-684x1024.jpg\" alt=\"\" class=\"wp-image-2489\" srcset=\"https:\/\/hrncirskydvurzviretice.cz\/wp-content\/uploads\/2025\/04\/DSC06695-2-1-684x1024.jpg 684w, https:\/\/hrncirskydvurzviretice.cz\/wp-content\/uploads\/2025\/04\/DSC06695-2-1-201x300.jpg 201w, https:\/\/hrncirskydvurzviretice.cz\/wp-content\/uploads\/2025\/04\/DSC06695-2-1-768x1149.jpg 768w, https:\/\/hrncirskydvurzviretice.cz\/wp-content\/uploads\/2025\/04\/DSC06695-2-1.jpg 802w\" sizes=\"auto, (max-width: 684px) 100vw, 684px\" \/><\/figure>\n\n\n\n<figure class=\"wp-block-image size-large\"><img loading=\"lazy\" decoding=\"async\" width=\"683\" height=\"1024\" data-id=\"2491\" src=\"https:\/\/hrncirskydvurzviretice.cz\/wp-content\/uploads\/2025\/04\/JIT_2210-1-1-683x1024.jpg\" alt=\"\" class=\"wp-image-2491\" srcset=\"https:\/\/hrncirskydvurzviretice.cz\/wp-content\/uploads\/2025\/04\/JIT_2210-1-1-683x1024.jpg 683w, https:\/\/hrncirskydvurzviretice.cz\/wp-content\/uploads\/2025\/04\/JIT_2210-1-1-200x300.jpg 200w, https:\/\/hrncirskydvurzviretice.cz\/wp-content\/uploads\/2025\/04\/JIT_2210-1-1-768x1152.jpg 768w, https:\/\/hrncirskydvurzviretice.cz\/wp-content\/uploads\/2025\/04\/JIT_2210-1-1.jpg 800w\" sizes=\"auto, (max-width: 683px) 100vw, 683px\" \/><\/figure>\n\n\n\n<figure class=\"wp-block-image size-large\"><img loading=\"lazy\" decoding=\"async\" width=\"683\" height=\"1024\" data-id=\"2490\" src=\"https:\/\/hrncirskydvurzviretice.cz\/wp-content\/uploads\/2025\/04\/JIT_2897-1-1-683x1024.jpg\" alt=\"\" class=\"wp-image-2490\" srcset=\"https:\/\/hrncirskydvurzviretice.cz\/wp-content\/uploads\/2025\/04\/JIT_2897-1-1-683x1024.jpg 683w, https:\/\/hrncirskydvurzviretice.cz\/wp-content\/uploads\/2025\/04\/JIT_2897-1-1-200x300.jpg 200w, https:\/\/hrncirskydvurzviretice.cz\/wp-content\/uploads\/2025\/04\/JIT_2897-1-1-768x1152.jpg 768w, https:\/\/hrncirskydvurzviretice.cz\/wp-content\/uploads\/2025\/04\/JIT_2897-1-1.jpg 800w\" sizes=\"auto, (max-width: 683px) 100vw, 683px\" \/><\/figure>\n\n\n\n<figure class=\"wp-block-image size-large\"><img loading=\"lazy\" decoding=\"async\" width=\"683\" height=\"1024\" data-id=\"2587\" src=\"https:\/\/hrncirskydvurzviretice.cz\/wp-content\/uploads\/2025\/06\/JIT_9735-1-683x1024.jpg\" alt=\"\" class=\"wp-image-2587\" srcset=\"https:\/\/hrncirskydvurzviretice.cz\/wp-content\/uploads\/2025\/06\/JIT_9735-1-683x1024.jpg 683w, https:\/\/hrncirskydvurzviretice.cz\/wp-content\/uploads\/2025\/06\/JIT_9735-1-200x300.jpg 200w, https:\/\/hrncirskydvurzviretice.cz\/wp-content\/uploads\/2025\/06\/JIT_9735-1-768x1152.jpg 768w, https:\/\/hrncirskydvurzviretice.cz\/wp-content\/uploads\/2025\/06\/JIT_9735-1-1024x1536.jpg 1024w, https:\/\/hrncirskydvurzviretice.cz\/wp-content\/uploads\/2025\/06\/JIT_9735-1.jpg 1320w\" sizes=\"auto, (max-width: 683px) 100vw, 683px\" \/><\/figure>\n\n\n\n<figure class=\"wp-block-image size-large\"><img loading=\"lazy\" decoding=\"async\" width=\"683\" height=\"1024\" data-id=\"2588\" src=\"https:\/\/hrncirskydvurzviretice.cz\/wp-content\/uploads\/2025\/06\/JIT_6339-1-683x1024.jpg\" alt=\"\" class=\"wp-image-2588\" srcset=\"https:\/\/hrncirskydvurzviretice.cz\/wp-content\/uploads\/2025\/06\/JIT_6339-1-683x1024.jpg 683w, https:\/\/hrncirskydvurzviretice.cz\/wp-content\/uploads\/2025\/06\/JIT_6339-1-200x300.jpg 200w, https:\/\/hrncirskydvurzviretice.cz\/wp-content\/uploads\/2025\/06\/JIT_6339-1-768x1152.jpg 768w, https:\/\/hrncirskydvurzviretice.cz\/wp-content\/uploads\/2025\/06\/JIT_6339-1-1024x1536.jpg 1024w, https:\/\/hrncirskydvurzviretice.cz\/wp-content\/uploads\/2025\/06\/JIT_6339-1-1365x2048.jpg 1365w, https:\/\/hrncirskydvurzviretice.cz\/wp-content\/uploads\/2025\/06\/JIT_6339-1-scaled.jpg 1707w\" sizes=\"auto, (max-width: 683px) 100vw, 683px\" \/><\/figure>\n\n\n\n<figure class=\"wp-block-image size-large\"><img loading=\"lazy\" decoding=\"async\" width=\"1024\" height=\"683\" data-id=\"2589\" src=\"https:\/\/hrncirskydvurzviretice.cz\/wp-content\/uploads\/2025\/06\/JIT_0740-1-1-1024x683.jpg\" alt=\"\" class=\"wp-image-2589\" srcset=\"https:\/\/hrncirskydvurzviretice.cz\/wp-content\/uploads\/2025\/06\/JIT_0740-1-1-1024x683.jpg 1024w, https:\/\/hrncirskydvurzviretice.cz\/wp-content\/uploads\/2025\/06\/JIT_0740-1-1-300x200.jpg 300w, https:\/\/hrncirskydvurzviretice.cz\/wp-content\/uploads\/2025\/06\/JIT_0740-1-1-768x512.jpg 768w, https:\/\/hrncirskydvurzviretice.cz\/wp-content\/uploads\/2025\/06\/JIT_0740-1-1.jpg 1500w\" sizes=\"auto, (max-width: 1024px) 100vw, 1024px\" \/><\/figure>\n<\/figure>\n\n\n\n<p><\/p>","protected":false},"excerpt":{"rendered":"<p>V na\u0161\u00ed nov\u011b otev\u0159en\u00e9 MINI ZOO si sv\u00e9ho obl\u00edbence najdou dosp\u011bl\u00ed i d\u011bti. Setkat se m\u016f\u017eete s pon\u00edkem, p\u0161trosem, dv\u011bma lamami, kozami, kr\u00e1l\u00edky, slepi\u010dkami hedv\u00e1bni\u010dkami, \u017eelvami, andulkami, \u010di dv\u011bma pras\u00e1tky. Pro zv\u00ed\u0159\u00e1tka m\u016f\u017eete zakoupit sva\u010dinku a dokonce je i nakrmit. Skv\u011bl\u00fd z\u00e1\u017eitek pro mal\u00e9 i velk\u00e9 n\u00e1v\u0161t\u011bvn\u00edky Hrn\u010d\u00ed\u0159sk\u00e9ho dvora Zv\u00ed\u0159etice. Moc se na v\u00e1s t\u011b\u0161\u00edme, [&hellip;]<\/p>","protected":false},"author":3,"featured_media":0,"parent":0,"menu_order":0,"comment_status":"closed","ping_status":"closed","template":"","meta":{"_uag_custom_page_level_css":"","site-sidebar-layout":"default","site-content-layout":"","ast-site-content-layout":"default","site-content-style":"default","site-sidebar-style":"default","ast-global-header-display":"","ast-banner-title-visibility":"","ast-main-header-display":"","ast-hfb-above-header-display":"","ast-hfb-below-header-display":"","ast-hfb-mobile-header-display":"","site-post-title":"","ast-breadcrumbs-content":"","ast-featured-img":"","footer-sml-layout":"","theme-transparent-header-meta":"","adv-header-id-meta":"","stick-header-meta":"","header-above-stick-meta":"","header-main-stick-meta":"","header-below-stick-meta":"","astra-migrate-meta-layouts":"set","ast-page-background-enabled":"default","ast-page-background-meta":{"desktop":{"background-color":"","background-image":"","background-repeat":"repeat","background-position":"center center","background-size":"auto","background-attachment":"scroll","background-type":"","background-media":"","overlay-type":"","overlay-color":"","overlay-opacity":"","overlay-gradient":""},"tablet":{"background-color":"","background-image":"","background-repeat":"repeat","background-position":"center center","background-size":"auto","background-attachment":"scroll","background-type":"","background-media":"","overlay-type":"","overlay-color":"","overlay-opacity":"","overlay-gradient":""},"mobile":{"background-color":"","background-image":"","background-repeat":"repeat","background-position":"center center","background-size":"auto","background-attachment":"scroll","background-type":"","background-media":"","overlay-type":"","overlay-color":"","overlay-opacity":"","overlay-gradient":""}},"ast-content-background-meta":{"desktop":{"background-color":"var(--ast-global-color-5)","background-image":"","background-repeat":"repeat","background-position":"center center","background-size":"auto","background-attachment":"scroll","background-type":"","background-media":"","overlay-type":"","overlay-color":"","overlay-opacity":"","overlay-gradient":""},"tablet":{"background-color":"var(--ast-global-color-5)","background-image":"","background-repeat":"repeat","background-position":"center center","background-size":"auto","background-attachment":"scroll","background-type":"","background-media":"","overlay-type":"","overlay-color":"","overlay-opacity":"","overlay-gradient":""},"mobile":{"background-color":"var(--ast-global-color-5)","background-image":"","background-repeat":"repeat","background-position":"center center","background-size":"auto","background-attachment":"scroll","background-type":"","background-media":"","overlay-type":"","overlay-color":"","overlay-opacity":"","overlay-gradient":""}},"footnotes":""},"class_list":["post-1843","page","type-page","status-publish","hentry"],"yoast_head":"<!-- This site is optimized with the Yoast SEO plugin v27.4 - https:\/\/yoast.com\/product\/yoast-seo-wordpress\/ -->\n<title>ZOO koutek - Hrn\u010d\u00ed\u0159sk\u00fd dv\u016fr Zv\u00ed\u0159etice<\/title>\n<meta name=\"robots\" content=\"index, follow, max-snippet:-1, max-image-preview:large, max-video-preview:-1\" \/>\n<link rel=\"canonical\" href=\"https:\/\/hrncirskydvurzviretice.cz\/de\/zoo-koutek\/\" \/>\n<meta property=\"og:locale\" content=\"de_DE\" \/>\n<meta property=\"og:type\" content=\"article\" \/>\n<meta property=\"og:title\" content=\"ZOO koutek - Hrn\u010d\u00ed\u0159sk\u00fd dv\u016fr Zv\u00ed\u0159etice\" \/>\n<meta property=\"og:description\" content=\"V na\u0161\u00ed nov\u011b otev\u0159en\u00e9 MINI ZOO si sv\u00e9ho obl\u00edbence najdou dosp\u011bl\u00ed i d\u011bti. Setkat se m\u016f\u017eete s pon\u00edkem, p\u0161trosem, dv\u011bma lamami, kozami, kr\u00e1l\u00edky, slepi\u010dkami hedv\u00e1bni\u010dkami, \u017eelvami, andulkami, \u010di dv\u011bma pras\u00e1tky. Pro zv\u00ed\u0159\u00e1tka m\u016f\u017eete zakoupit sva\u010dinku a dokonce je i nakrmit. Skv\u011bl\u00fd z\u00e1\u017eitek pro mal\u00e9 i velk\u00e9 n\u00e1v\u0161t\u011bvn\u00edky Hrn\u010d\u00ed\u0159sk\u00e9ho dvora Zv\u00ed\u0159etice. Moc se na v\u00e1s t\u011b\u0161\u00edme, [&hellip;]\" \/>\n<meta property=\"og:url\" content=\"https:\/\/hrncirskydvurzviretice.cz\/de\/zoo-koutek\/\" \/>\n<meta property=\"og:site_name\" content=\"Hrn\u010d\u00ed\u0159sk\u00fd dv\u016fr Zv\u00ed\u0159etice\" \/>\n<meta property=\"article:modified_time\" content=\"2025-06-23T15:03:14+00:00\" \/>\n<meta property=\"og:image\" content=\"https:\/\/hrncirskydvurzviretice.cz\/wp-content\/uploads\/2024\/09\/Zoo_1-2.jpg\" \/>\n\t<meta property=\"og:image:width\" content=\"660\" \/>\n\t<meta property=\"og:image:height\" content=\"990\" \/>\n\t<meta property=\"og:image:type\" content=\"image\/jpeg\" \/>\n<meta name=\"twitter:card\" content=\"summary_large_image\" \/>\n<meta name=\"twitter:label1\" content=\"Gesch\u00e4tzte Lesezeit\" \/>\n\t<meta name=\"twitter:data1\" content=\"3\u00a0Minuten\" \/>\n<script type=\"application\/ld+json\" class=\"yoast-schema-graph\">{\"@context\":\"https:\\\/\\\/schema.org\",\"@graph\":[{\"@type\":\"WebPage\",\"@id\":\"https:\\\/\\\/hrncirskydvurzviretice.cz\\\/zoo-koutek\\\/\",\"url\":\"https:\\\/\\\/hrncirskydvurzviretice.cz\\\/zoo-koutek\\\/\",\"name\":\"ZOO koutek - Hrn\u010d\u00ed\u0159sk\u00fd dv\u016fr Zv\u00ed\u0159etice\",\"isPartOf\":{\"@id\":\"https:\\\/\\\/hrncirskydvurzviretice.cz\\\/#website\"},\"primaryImageOfPage\":{\"@id\":\"https:\\\/\\\/hrncirskydvurzviretice.cz\\\/zoo-koutek\\\/#primaryimage\"},\"image\":{\"@id\":\"https:\\\/\\\/hrncirskydvurzviretice.cz\\\/zoo-koutek\\\/#primaryimage\"},\"thumbnailUrl\":\"https:\\\/\\\/hrncirskydvurzviretice.cz\\\/wp-content\\\/uploads\\\/2024\\\/09\\\/Zoo_1-2.jpg\",\"datePublished\":\"2024-09-18T11:05:49+00:00\",\"dateModified\":\"2025-06-23T15:03:14+00:00\",\"breadcrumb\":{\"@id\":\"https:\\\/\\\/hrncirskydvurzviretice.cz\\\/zoo-koutek\\\/#breadcrumb\"},\"inLanguage\":\"de\",\"potentialAction\":[{\"@type\":\"ReadAction\",\"target\":[\"https:\\\/\\\/hrncirskydvurzviretice.cz\\\/zoo-koutek\\\/\"]}]},{\"@type\":\"ImageObject\",\"inLanguage\":\"de\",\"@id\":\"https:\\\/\\\/hrncirskydvurzviretice.cz\\\/zoo-koutek\\\/#primaryimage\",\"url\":\"https:\\\/\\\/hrncirskydvurzviretice.cz\\\/wp-content\\\/uploads\\\/2024\\\/09\\\/Zoo_1-2.jpg\",\"contentUrl\":\"https:\\\/\\\/hrncirskydvurzviretice.cz\\\/wp-content\\\/uploads\\\/2024\\\/09\\\/Zoo_1-2.jpg\"},{\"@type\":\"BreadcrumbList\",\"@id\":\"https:\\\/\\\/hrncirskydvurzviretice.cz\\\/zoo-koutek\\\/#breadcrumb\",\"itemListElement\":[{\"@type\":\"ListItem\",\"position\":1,\"name\":\"Dom\u016f\",\"item\":\"https:\\\/\\\/hrncirskydvurzviretice.cz\\\/\"},{\"@type\":\"ListItem\",\"position\":2,\"name\":\"ZOO koutek\"}]},{\"@type\":\"WebSite\",\"@id\":\"https:\\\/\\\/hrncirskydvurzviretice.cz\\\/#website\",\"url\":\"https:\\\/\\\/hrncirskydvurzviretice.cz\\\/\",\"name\":\"Hrn\u010d\u00ed\u0159sk\u00fd dv\u016fr Zv\u00ed\u0159etice\",\"description\":\"\",\"potentialAction\":[{\"@type\":\"SearchAction\",\"target\":{\"@type\":\"EntryPoint\",\"urlTemplate\":\"https:\\\/\\\/hrncirskydvurzviretice.cz\\\/?s={search_term_string}\"},\"query-input\":{\"@type\":\"PropertyValueSpecification\",\"valueRequired\":true,\"valueName\":\"search_term_string\"}}],\"inLanguage\":\"de\"}]}<\/script>\n<!-- \/ Yoast SEO plugin. -->","yoast_head_json":{"title":"ZOO koutek - Hrn\u010d\u00ed\u0159sk\u00fd dv\u016fr Zv\u00ed\u0159etice","robots":{"index":"index","follow":"follow","max-snippet":"max-snippet:-1","max-image-preview":"max-image-preview:large","max-video-preview":"max-video-preview:-1"},"canonical":"https:\/\/hrncirskydvurzviretice.cz\/de\/zoo-koutek\/","og_locale":"de_DE","og_type":"article","og_title":"ZOO koutek - Hrn\u010d\u00ed\u0159sk\u00fd dv\u016fr Zv\u00ed\u0159etice","og_description":"V na\u0161\u00ed nov\u011b otev\u0159en\u00e9 MINI ZOO si sv\u00e9ho obl\u00edbence najdou dosp\u011bl\u00ed i d\u011bti. Setkat se m\u016f\u017eete s pon\u00edkem, p\u0161trosem, dv\u011bma lamami, kozami, kr\u00e1l\u00edky, slepi\u010dkami hedv\u00e1bni\u010dkami, \u017eelvami, andulkami, \u010di dv\u011bma pras\u00e1tky. Pro zv\u00ed\u0159\u00e1tka m\u016f\u017eete zakoupit sva\u010dinku a dokonce je i nakrmit. Skv\u011bl\u00fd z\u00e1\u017eitek pro mal\u00e9 i velk\u00e9 n\u00e1v\u0161t\u011bvn\u00edky Hrn\u010d\u00ed\u0159sk\u00e9ho dvora Zv\u00ed\u0159etice. Moc se na v\u00e1s t\u011b\u0161\u00edme, [&hellip;]","og_url":"https:\/\/hrncirskydvurzviretice.cz\/de\/zoo-koutek\/","og_site_name":"Hrn\u010d\u00ed\u0159sk\u00fd dv\u016fr Zv\u00ed\u0159etice","article_modified_time":"2025-06-23T15:03:14+00:00","og_image":[{"width":660,"height":990,"url":"https:\/\/hrncirskydvurzviretice.cz\/wp-content\/uploads\/2024\/09\/Zoo_1-2.jpg","type":"image\/jpeg"}],"twitter_card":"summary_large_image","twitter_misc":{"Gesch\u00e4tzte Lesezeit":"3\u00a0Minuten"},"schema":{"@context":"https:\/\/schema.org","@graph":[{"@type":"WebPage","@id":"https:\/\/hrncirskydvurzviretice.cz\/zoo-koutek\/","url":"https:\/\/hrncirskydvurzviretice.cz\/zoo-koutek\/","name":"ZOO koutek - Hrn\u010d\u00ed\u0159sk\u00fd dv\u016fr Zv\u00ed\u0159etice","isPartOf":{"@id":"https:\/\/hrncirskydvurzviretice.cz\/#website"},"primaryImageOfPage":{"@id":"https:\/\/hrncirskydvurzviretice.cz\/zoo-koutek\/#primaryimage"},"image":{"@id":"https:\/\/hrncirskydvurzviretice.cz\/zoo-koutek\/#primaryimage"},"thumbnailUrl":"https:\/\/hrncirskydvurzviretice.cz\/wp-content\/uploads\/2024\/09\/Zoo_1-2.jpg","datePublished":"2024-09-18T11:05:49+00:00","dateModified":"2025-06-23T15:03:14+00:00","breadcrumb":{"@id":"https:\/\/hrncirskydvurzviretice.cz\/zoo-koutek\/#breadcrumb"},"inLanguage":"de","potentialAction":[{"@type":"ReadAction","target":["https:\/\/hrncirskydvurzviretice.cz\/zoo-koutek\/"]}]},{"@type":"ImageObject","inLanguage":"de","@id":"https:\/\/hrncirskydvurzviretice.cz\/zoo-koutek\/#primaryimage","url":"https:\/\/hrncirskydvurzviretice.cz\/wp-content\/uploads\/2024\/09\/Zoo_1-2.jpg","contentUrl":"https:\/\/hrncirskydvurzviretice.cz\/wp-content\/uploads\/2024\/09\/Zoo_1-2.jpg"},{"@type":"BreadcrumbList","@id":"https:\/\/hrncirskydvurzviretice.cz\/zoo-koutek\/#breadcrumb","itemListElement":[{"@type":"ListItem","position":1,"name":"Dom\u016f","item":"https:\/\/hrncirskydvurzviretice.cz\/"},{"@type":"ListItem","position":2,"name":"ZOO koutek"}]},{"@type":"WebSite","@id":"https:\/\/hrncirskydvurzviretice.cz\/#website","url":"https:\/\/hrncirskydvurzviretice.cz\/","name":"T\u00f6pferhof Zv\u00ed\u0159etice","description":"","potentialAction":[{"@type":"SearchAction","target":{"@type":"EntryPoint","urlTemplate":"https:\/\/hrncirskydvurzviretice.cz\/?s={search_term_string}"},"query-input":{"@type":"PropertyValueSpecification","valueRequired":true,"valueName":"search_term_string"}}],"inLanguage":"de"}]}},"uagb_featured_image_src":{"full":false,"thumbnail":false,"medium":false,"medium_large":false,"large":false,"1536x1536":false,"2048x2048":false,"trp-custom-language-flag":false},"uagb_author_info":{"display_name":"Luk\u00e1\u0161 Bilinec","author_link":"https:\/\/hrncirskydvurzviretice.cz\/de\/author\/lukasibilinecgmail-com\/"},"uagb_comment_info":0,"uagb_excerpt":"V na\u0161\u00ed nov\u011b otev\u0159en\u00e9 MINI ZOO si sv\u00e9ho obl\u00edbence najdou dosp\u011bl\u00ed i d\u011bti. Setkat se m\u016f\u017eete s pon\u00edkem, p\u0161trosem, dv\u011bma lamami, kozami, kr\u00e1l\u00edky, slepi\u010dkami hedv\u00e1bni\u010dkami, \u017eelvami, andulkami, \u010di dv\u011bma pras\u00e1tky. Pro zv\u00ed\u0159\u00e1tka m\u016f\u017eete zakoupit sva\u010dinku a dokonce je i nakrmit. Skv\u011bl\u00fd z\u00e1\u017eitek pro mal\u00e9 i velk\u00e9 n\u00e1v\u0161t\u011bvn\u00edky Hrn\u010d\u00ed\u0159sk\u00e9ho dvora Zv\u00ed\u0159etice. Moc se na v\u00e1s t\u011b\u0161\u00edme,&hellip;","jetpack_sharing_enabled":true,"_links":{"self":[{"href":"https:\/\/hrncirskydvurzviretice.cz\/de\/wp-json\/wp\/v2\/pages\/1843","targetHints":{"allow":["GET"]}}],"collection":[{"href":"https:\/\/hrncirskydvurzviretice.cz\/de\/wp-json\/wp\/v2\/pages"}],"about":[{"href":"https:\/\/hrncirskydvurzviretice.cz\/de\/wp-json\/wp\/v2\/types\/page"}],"author":[{"embeddable":true,"href":"https:\/\/hrncirskydvurzviretice.cz\/de\/wp-json\/wp\/v2\/users\/3"}],"replies":[{"embeddable":true,"href":"https:\/\/hrncirskydvurzviretice.cz\/de\/wp-json\/wp\/v2\/comments?post=1843"}],"version-history":[{"count":5,"href":"https:\/\/hrncirskydvurzviretice.cz\/de\/wp-json\/wp\/v2\/pages\/1843\/revisions"}],"predecessor-version":[{"id":2590,"href":"https:\/\/hrncirskydvurzviretice.cz\/de\/wp-json\/wp\/v2\/pages\/1843\/revisions\/2590"}],"wp:attachment":[{"href":"https:\/\/hrncirskydvurzviretice.cz\/de\/wp-json\/wp\/v2\/media?parent=1843"}],"curies":[{"name":"wp","href":"https:\/\/api.w.org\/{rel}","templated":true}]}}