{"id":1700,"date":"2024-06-13T21:30:05","date_gmt":"2024-06-13T21:30:05","guid":{"rendered":"https:\/\/hrncirskydvurzviretice.cz\/?page_id=1700"},"modified":"2024-09-22T21:09:03","modified_gmt":"2024-09-22T21:09:03","slug":"kariera","status":"publish","type":"page","link":"https:\/\/hrncirskydvurzviretice.cz\/de\/kariera\/","title":{"rendered":"Karriere"},"content":{"rendered":"<figure class=\"wp-block-image size-large\"><img loading=\"lazy\" decoding=\"async\" width=\"1024\" height=\"683\" src=\"https:\/\/hrncirskydvurzviretice.cz\/wp-content\/uploads\/2024\/06\/HrncirskydvurZviretice54-1-1024x683.jpg\" alt=\"\" class=\"wp-image-1704\" srcset=\"https:\/\/hrncirskydvurzviretice.cz\/wp-content\/uploads\/2024\/06\/HrncirskydvurZviretice54-1-1024x683.jpg 1024w, https:\/\/hrncirskydvurzviretice.cz\/wp-content\/uploads\/2024\/06\/HrncirskydvurZviretice54-1-300x200.jpg 300w, https:\/\/hrncirskydvurzviretice.cz\/wp-content\/uploads\/2024\/06\/HrncirskydvurZviretice54-1-768x512.jpg 768w, https:\/\/hrncirskydvurzviretice.cz\/wp-content\/uploads\/2024\/06\/HrncirskydvurZviretice54-1.jpg 1200w\" sizes=\"auto, (max-width: 1024px) 100vw, 1024px\" \/><\/figure>\n\n\n\n<p>Provoz Hrn\u010d\u00ed\u0159sk\u00e9ho dvoru Zv\u00ed\u0159etice znamen\u00e1 spoustu pr\u00e1ce. \u010cas od \u010dasu tak hled\u00e1me pomocn\u00edky, kte\u0159\u00ed n\u00e1m pomohou s t\u00edm, aby se u n\u00e1s n\u00e1v\u0161t\u011bvn\u00edci c\u00edtili p\u0159\u00edjemn\u011b a r\u00e1di se k n\u00e1m vraceli. Pod\u00edvejte se na aktu\u00e1ln\u011b otev\u0159en\u00e9 pozice. Budeme se t\u011b\u0161it na va\u0161e CV, kter\u00e9 n\u00e1m m\u016f\u017eete poslat bu\u010f v odpov\u011bdi na inzer\u00e1ty n\u00ed\u017ee, nebo p\u0159\u00edmo na na\u0161i e-mailovou adresu <strong>hrncirskydvurzviretice.fa@gmail.com<\/strong>.<\/p>\n\n\n\n<p><\/p>\n\n\n\n<p><\/p>","protected":false},"excerpt":{"rendered":"<p>Provoz Hrn\u010d\u00ed\u0159sk\u00e9ho dvoru Zv\u00ed\u0159etice znamen\u00e1 spoustu pr\u00e1ce. \u010cas od \u010dasu tak hled\u00e1me pomocn\u00edky, kte\u0159\u00ed n\u00e1m pomohou s t\u00edm, aby se u n\u00e1s n\u00e1v\u0161t\u011bvn\u00edci c\u00edtili p\u0159\u00edjemn\u011b a r\u00e1di se k n\u00e1m vraceli. Pod\u00edvejte se na aktu\u00e1ln\u011b otev\u0159en\u00e9 pozice. Budeme se t\u011b\u0161it na va\u0161e CV, kter\u00e9 n\u00e1m m\u016f\u017eete poslat bu\u010f v odpov\u011bdi na inzer\u00e1ty n\u00ed\u017ee, nebo p\u0159\u00edmo [&hellip;]<\/p>","protected":false},"author":3,"featured_media":0,"parent":0,"menu_order":0,"comment_status":"closed","ping_status":"closed","template":"","meta":{"_uag_custom_page_level_css":"","site-sidebar-layout":"default","site-content-layout":"","ast-site-content-layout":"default","site-content-style":"default","site-sidebar-style":"default","ast-global-header-display":"","ast-banner-title-visibility":"","ast-main-header-display":"","ast-hfb-above-header-display":"","ast-hfb-below-header-display":"","ast-hfb-mobile-header-display":"","site-post-title":"","ast-breadcrumbs-content":"","ast-featured-img":"","footer-sml-layout":"","theme-transparent-header-meta":"","adv-header-id-meta":"","stick-header-meta":"","header-above-stick-meta":"","header-main-stick-meta":"","header-below-stick-meta":"","astra-migrate-meta-layouts":"set","ast-page-background-enabled":"default","ast-page-background-meta":{"desktop":{"background-color":"","background-image":"","background-repeat":"repeat","background-position":"center center","background-size":"auto","background-attachment":"scroll","background-type":"","background-media":"","overlay-type":"","overlay-color":"","overlay-opacity":"","overlay-gradient":""},"tablet":{"background-color":"","background-image":"","background-repeat":"repeat","background-position":"center center","background-size":"auto","background-attachment":"scroll","background-type":"","background-media":"","overlay-type":"","overlay-color":"","overlay-opacity":"","overlay-gradient":""},"mobile":{"background-color":"","background-image":"","background-repeat":"repeat","background-position":"center center","background-size":"auto","background-attachment":"scroll","background-type":"","background-media":"","overlay-type":"","overlay-color":"","overlay-opacity":"","overlay-gradient":""}},"ast-content-background-meta":{"desktop":{"background-color":"var(--ast-global-color-5)","background-image":"","background-repeat":"repeat","background-position":"center center","background-size":"auto","background-attachment":"scroll","background-type":"","background-media":"","overlay-type":"","overlay-color":"","overlay-opacity":"","overlay-gradient":""},"tablet":{"background-color":"var(--ast-global-color-5)","background-image":"","background-repeat":"repeat","background-position":"center center","background-size":"auto","background-attachment":"scroll","background-type":"","background-media":"","overlay-type":"","overlay-color":"","overlay-opacity":"","overlay-gradient":""},"mobile":{"background-color":"var(--ast-global-color-5)","background-image":"","background-repeat":"repeat","background-position":"center center","background-size":"auto","background-attachment":"scroll","background-type":"","background-media":"","overlay-type":"","overlay-color":"","overlay-opacity":"","overlay-gradient":""}},"footnotes":""},"class_list":["post-1700","page","type-page","status-publish","hentry"],"yoast_head":"<!-- This site is optimized with the Yoast SEO plugin v27.4 - https:\/\/yoast.com\/product\/yoast-seo-wordpress\/ -->\n<title>Kari\u00e9ra - Hrn\u010d\u00ed\u0159sk\u00fd dv\u016fr Zv\u00ed\u0159etice<\/title>\n<meta name=\"robots\" content=\"index, follow, max-snippet:-1, max-image-preview:large, max-video-preview:-1\" \/>\n<link rel=\"canonical\" href=\"https:\/\/hrncirskydvurzviretice.cz\/de\/kariera\/\" \/>\n<meta property=\"og:locale\" content=\"de_DE\" \/>\n<meta property=\"og:type\" content=\"article\" \/>\n<meta property=\"og:title\" content=\"Kari\u00e9ra - Hrn\u010d\u00ed\u0159sk\u00fd dv\u016fr Zv\u00ed\u0159etice\" \/>\n<meta property=\"og:description\" content=\"Provoz Hrn\u010d\u00ed\u0159sk\u00e9ho dvoru Zv\u00ed\u0159etice znamen\u00e1 spoustu pr\u00e1ce. \u010cas od \u010dasu tak hled\u00e1me pomocn\u00edky, kte\u0159\u00ed n\u00e1m pomohou s t\u00edm, aby se u n\u00e1s n\u00e1v\u0161t\u011bvn\u00edci c\u00edtili p\u0159\u00edjemn\u011b a r\u00e1di se k n\u00e1m vraceli. Pod\u00edvejte se na aktu\u00e1ln\u011b otev\u0159en\u00e9 pozice. Budeme se t\u011b\u0161it na va\u0161e CV, kter\u00e9 n\u00e1m m\u016f\u017eete poslat bu\u010f v odpov\u011bdi na inzer\u00e1ty n\u00ed\u017ee, nebo p\u0159\u00edmo [&hellip;]\" \/>\n<meta property=\"og:url\" content=\"https:\/\/hrncirskydvurzviretice.cz\/de\/kariera\/\" \/>\n<meta property=\"og:site_name\" content=\"Hrn\u010d\u00ed\u0159sk\u00fd dv\u016fr Zv\u00ed\u0159etice\" \/>\n<meta property=\"article:modified_time\" content=\"2024-09-22T21:09:03+00:00\" \/>\n<meta property=\"og:image\" content=\"https:\/\/hrncirskydvurzviretice.cz\/wp-content\/uploads\/2024\/06\/HrncirskydvurZviretice54-1-1024x683.jpg\" \/>\n<meta name=\"twitter:card\" content=\"summary_large_image\" \/>\n<meta name=\"twitter:label1\" content=\"Gesch\u00e4tzte Lesezeit\" \/>\n\t<meta name=\"twitter:data1\" content=\"1\u00a0Minute\" \/>\n<script type=\"application\/ld+json\" class=\"yoast-schema-graph\">{\"@context\":\"https:\\\/\\\/schema.org\",\"@graph\":[{\"@type\":\"WebPage\",\"@id\":\"https:\\\/\\\/hrncirskydvurzviretice.cz\\\/kariera\\\/\",\"url\":\"https:\\\/\\\/hrncirskydvurzviretice.cz\\\/kariera\\\/\",\"name\":\"Kari\u00e9ra - Hrn\u010d\u00ed\u0159sk\u00fd dv\u016fr Zv\u00ed\u0159etice\",\"isPartOf\":{\"@id\":\"https:\\\/\\\/hrncirskydvurzviretice.cz\\\/#website\"},\"primaryImageOfPage\":{\"@id\":\"https:\\\/\\\/hrncirskydvurzviretice.cz\\\/kariera\\\/#primaryimage\"},\"image\":{\"@id\":\"https:\\\/\\\/hrncirskydvurzviretice.cz\\\/kariera\\\/#primaryimage\"},\"thumbnailUrl\":\"https:\\\/\\\/hrncirskydvurzviretice.cz\\\/wp-content\\\/uploads\\\/2024\\\/06\\\/HrncirskydvurZviretice54-1-1024x683.jpg\",\"datePublished\":\"2024-06-13T21:30:05+00:00\",\"dateModified\":\"2024-09-22T21:09:03+00:00\",\"breadcrumb\":{\"@id\":\"https:\\\/\\\/hrncirskydvurzviretice.cz\\\/kariera\\\/#breadcrumb\"},\"inLanguage\":\"de\",\"potentialAction\":[{\"@type\":\"ReadAction\",\"target\":[\"https:\\\/\\\/hrncirskydvurzviretice.cz\\\/kariera\\\/\"]}]},{\"@type\":\"ImageObject\",\"inLanguage\":\"de\",\"@id\":\"https:\\\/\\\/hrncirskydvurzviretice.cz\\\/kariera\\\/#primaryimage\",\"url\":\"https:\\\/\\\/hrncirskydvurzviretice.cz\\\/wp-content\\\/uploads\\\/2024\\\/06\\\/HrncirskydvurZviretice54-1-1024x683.jpg\",\"contentUrl\":\"https:\\\/\\\/hrncirskydvurzviretice.cz\\\/wp-content\\\/uploads\\\/2024\\\/06\\\/HrncirskydvurZviretice54-1-1024x683.jpg\"},{\"@type\":\"BreadcrumbList\",\"@id\":\"https:\\\/\\\/hrncirskydvurzviretice.cz\\\/kariera\\\/#breadcrumb\",\"itemListElement\":[{\"@type\":\"ListItem\",\"position\":1,\"name\":\"Dom\u016f\",\"item\":\"https:\\\/\\\/hrncirskydvurzviretice.cz\\\/\"},{\"@type\":\"ListItem\",\"position\":2,\"name\":\"Kari\u00e9ra\"}]},{\"@type\":\"WebSite\",\"@id\":\"https:\\\/\\\/hrncirskydvurzviretice.cz\\\/#website\",\"url\":\"https:\\\/\\\/hrncirskydvurzviretice.cz\\\/\",\"name\":\"Hrn\u010d\u00ed\u0159sk\u00fd dv\u016fr Zv\u00ed\u0159etice\",\"description\":\"\",\"potentialAction\":[{\"@type\":\"SearchAction\",\"target\":{\"@type\":\"EntryPoint\",\"urlTemplate\":\"https:\\\/\\\/hrncirskydvurzviretice.cz\\\/?s={search_term_string}\"},\"query-input\":{\"@type\":\"PropertyValueSpecification\",\"valueRequired\":true,\"valueName\":\"search_term_string\"}}],\"inLanguage\":\"de\"}]}<\/script>\n<!-- \/ Yoast SEO plugin. -->","yoast_head_json":{"title":"Kari\u00e9ra - Hrn\u010d\u00ed\u0159sk\u00fd dv\u016fr Zv\u00ed\u0159etice","robots":{"index":"index","follow":"follow","max-snippet":"max-snippet:-1","max-image-preview":"max-image-preview:large","max-video-preview":"max-video-preview:-1"},"canonical":"https:\/\/hrncirskydvurzviretice.cz\/de\/kariera\/","og_locale":"de_DE","og_type":"article","og_title":"Kari\u00e9ra - Hrn\u010d\u00ed\u0159sk\u00fd dv\u016fr Zv\u00ed\u0159etice","og_description":"Provoz Hrn\u010d\u00ed\u0159sk\u00e9ho dvoru Zv\u00ed\u0159etice znamen\u00e1 spoustu pr\u00e1ce. \u010cas od \u010dasu tak hled\u00e1me pomocn\u00edky, kte\u0159\u00ed n\u00e1m pomohou s t\u00edm, aby se u n\u00e1s n\u00e1v\u0161t\u011bvn\u00edci c\u00edtili p\u0159\u00edjemn\u011b a r\u00e1di se k n\u00e1m vraceli. Pod\u00edvejte se na aktu\u00e1ln\u011b otev\u0159en\u00e9 pozice. Budeme se t\u011b\u0161it na va\u0161e CV, kter\u00e9 n\u00e1m m\u016f\u017eete poslat bu\u010f v odpov\u011bdi na inzer\u00e1ty n\u00ed\u017ee, nebo p\u0159\u00edmo [&hellip;]","og_url":"https:\/\/hrncirskydvurzviretice.cz\/de\/kariera\/","og_site_name":"Hrn\u010d\u00ed\u0159sk\u00fd dv\u016fr Zv\u00ed\u0159etice","article_modified_time":"2024-09-22T21:09:03+00:00","og_image":[{"url":"https:\/\/hrncirskydvurzviretice.cz\/wp-content\/uploads\/2024\/06\/HrncirskydvurZviretice54-1-1024x683.jpg","type":"","width":"","height":""}],"twitter_card":"summary_large_image","twitter_misc":{"Gesch\u00e4tzte Lesezeit":"1\u00a0Minute"},"schema":{"@context":"https:\/\/schema.org","@graph":[{"@type":"WebPage","@id":"https:\/\/hrncirskydvurzviretice.cz\/kariera\/","url":"https:\/\/hrncirskydvurzviretice.cz\/kariera\/","name":"Kari\u00e9ra - Hrn\u010d\u00ed\u0159sk\u00fd dv\u016fr Zv\u00ed\u0159etice","isPartOf":{"@id":"https:\/\/hrncirskydvurzviretice.cz\/#website"},"primaryImageOfPage":{"@id":"https:\/\/hrncirskydvurzviretice.cz\/kariera\/#primaryimage"},"image":{"@id":"https:\/\/hrncirskydvurzviretice.cz\/kariera\/#primaryimage"},"thumbnailUrl":"https:\/\/hrncirskydvurzviretice.cz\/wp-content\/uploads\/2024\/06\/HrncirskydvurZviretice54-1-1024x683.jpg","datePublished":"2024-06-13T21:30:05+00:00","dateModified":"2024-09-22T21:09:03+00:00","breadcrumb":{"@id":"https:\/\/hrncirskydvurzviretice.cz\/kariera\/#breadcrumb"},"inLanguage":"de","potentialAction":[{"@type":"ReadAction","target":["https:\/\/hrncirskydvurzviretice.cz\/kariera\/"]}]},{"@type":"ImageObject","inLanguage":"de","@id":"https:\/\/hrncirskydvurzviretice.cz\/kariera\/#primaryimage","url":"https:\/\/hrncirskydvurzviretice.cz\/wp-content\/uploads\/2024\/06\/HrncirskydvurZviretice54-1-1024x683.jpg","contentUrl":"https:\/\/hrncirskydvurzviretice.cz\/wp-content\/uploads\/2024\/06\/HrncirskydvurZviretice54-1-1024x683.jpg"},{"@type":"BreadcrumbList","@id":"https:\/\/hrncirskydvurzviretice.cz\/kariera\/#breadcrumb","itemListElement":[{"@type":"ListItem","position":1,"name":"Dom\u016f","item":"https:\/\/hrncirskydvurzviretice.cz\/"},{"@type":"ListItem","position":2,"name":"Kari\u00e9ra"}]},{"@type":"WebSite","@id":"https:\/\/hrncirskydvurzviretice.cz\/#website","url":"https:\/\/hrncirskydvurzviretice.cz\/","name":"T\u00f6pferhof Zv\u00ed\u0159etice","description":"","potentialAction":[{"@type":"SearchAction","target":{"@type":"EntryPoint","urlTemplate":"https:\/\/hrncirskydvurzviretice.cz\/?s={search_term_string}"},"query-input":{"@type":"PropertyValueSpecification","valueRequired":true,"valueName":"search_term_string"}}],"inLanguage":"de"}]}},"uagb_featured_image_src":{"full":false,"thumbnail":false,"medium":false,"medium_large":false,"large":false,"1536x1536":false,"2048x2048":false,"trp-custom-language-flag":false},"uagb_author_info":{"display_name":"Luk\u00e1\u0161 Bilinec","author_link":"https:\/\/hrncirskydvurzviretice.cz\/de\/author\/lukasibilinecgmail-com\/"},"uagb_comment_info":0,"uagb_excerpt":"Provoz Hrn\u010d\u00ed\u0159sk\u00e9ho dvoru Zv\u00ed\u0159etice znamen\u00e1 spoustu pr\u00e1ce. \u010cas od \u010dasu tak hled\u00e1me pomocn\u00edky, kte\u0159\u00ed n\u00e1m pomohou s t\u00edm, aby se u n\u00e1s n\u00e1v\u0161t\u011bvn\u00edci c\u00edtili p\u0159\u00edjemn\u011b a r\u00e1di se k n\u00e1m vraceli. Pod\u00edvejte se na aktu\u00e1ln\u011b otev\u0159en\u00e9 pozice. Budeme se t\u011b\u0161it na va\u0161e CV, kter\u00e9 n\u00e1m m\u016f\u017eete poslat bu\u010f v odpov\u011bdi na inzer\u00e1ty n\u00ed\u017ee, nebo p\u0159\u00edmo&hellip;","jetpack_sharing_enabled":true,"_links":{"self":[{"href":"https:\/\/hrncirskydvurzviretice.cz\/de\/wp-json\/wp\/v2\/pages\/1700","targetHints":{"allow":["GET"]}}],"collection":[{"href":"https:\/\/hrncirskydvurzviretice.cz\/de\/wp-json\/wp\/v2\/pages"}],"about":[{"href":"https:\/\/hrncirskydvurzviretice.cz\/de\/wp-json\/wp\/v2\/types\/page"}],"author":[{"embeddable":true,"href":"https:\/\/hrncirskydvurzviretice.cz\/de\/wp-json\/wp\/v2\/users\/3"}],"replies":[{"embeddable":true,"href":"https:\/\/hrncirskydvurzviretice.cz\/de\/wp-json\/wp\/v2\/comments?post=1700"}],"version-history":[{"count":5,"href":"https:\/\/hrncirskydvurzviretice.cz\/de\/wp-json\/wp\/v2\/pages\/1700\/revisions"}],"predecessor-version":[{"id":1920,"href":"https:\/\/hrncirskydvurzviretice.cz\/de\/wp-json\/wp\/v2\/pages\/1700\/revisions\/1920"}],"wp:attachment":[{"href":"https:\/\/hrncirskydvurzviretice.cz\/de\/wp-json\/wp\/v2\/media?parent=1700"}],"curies":[{"name":"wp","href":"https:\/\/api.w.org\/{rel}","templated":true}]}}