{"id":1651,"date":"2024-06-07T12:18:35","date_gmt":"2024-06-07T12:18:35","guid":{"rendered":"https:\/\/upbeat-ritchie.109-205-182-233.plesk.page\/?page_id=1651"},"modified":"2025-04-09T14:06:29","modified_gmt":"2025-04-09T12:06:29","slug":"historie-akci","status":"publish","type":"page","link":"https:\/\/hrncirskydvurzviretice.cz\/de\/historie-akci\/","title":{"rendered":"Geschichte der Ereignisse"},"content":{"rendered":"<p><strong>2025<\/strong><\/p>\n\n\n\n<figure class=\"wp-block-gallery has-nested-images columns-default is-cropped wp-block-gallery-1 is-layout-flex wp-block-gallery-is-layout-flex\"><\/figure>\n\n\n\n<p><strong>2024<\/strong><\/p>\n\n\n\n<figure class=\"wp-block-gallery has-nested-images columns-default is-cropped wp-block-gallery-2 is-layout-flex wp-block-gallery-is-layout-flex\">\n<figure class=\"wp-block-image size-large\"><img loading=\"lazy\" decoding=\"async\" width=\"724\" height=\"1024\" data-id=\"2008\" src=\"https:\/\/hrncirskydvurzviretice.cz\/wp-content\/uploads\/2024\/10\/dynobranni-724x1024.jpg\" alt=\"\" class=\"wp-image-2008\" srcset=\"https:\/\/hrncirskydvurzviretice.cz\/wp-content\/uploads\/2024\/10\/dynobranni-724x1024.jpg 724w, https:\/\/hrncirskydvurzviretice.cz\/wp-content\/uploads\/2024\/10\/dynobranni-212x300.jpg 212w, https:\/\/hrncirskydvurzviretice.cz\/wp-content\/uploads\/2024\/10\/dynobranni-768x1086.jpg 768w, https:\/\/hrncirskydvurzviretice.cz\/wp-content\/uploads\/2024\/10\/dynobranni.jpg 877w\" sizes=\"auto, (max-width: 724px) 100vw, 724px\" \/><\/figure>\n\n\n\n<figure class=\"wp-block-image size-large\"><img loading=\"lazy\" decoding=\"async\" width=\"591\" height=\"835\" data-id=\"2007\" src=\"https:\/\/hrncirskydvurzviretice.cz\/wp-content\/uploads\/2024\/10\/Zvireticka-varecka-TOP_male.jpg\" alt=\"\" class=\"wp-image-2007\" srcset=\"https:\/\/hrncirskydvurzviretice.cz\/wp-content\/uploads\/2024\/10\/Zvireticka-varecka-TOP_male.jpg 591w, https:\/\/hrncirskydvurzviretice.cz\/wp-content\/uploads\/2024\/10\/Zvireticka-varecka-TOP_male-212x300.jpg 212w\" sizes=\"auto, (max-width: 591px) 100vw, 591px\" \/><\/figure>\n\n\n\n<figure class=\"wp-block-image size-large\"><img loading=\"lazy\" decoding=\"async\" width=\"724\" height=\"1024\" data-id=\"2006\" src=\"https:\/\/hrncirskydvurzviretice.cz\/wp-content\/uploads\/2024\/10\/ahoj-leto-plakat-724x1024.jpg\" alt=\"\" class=\"wp-image-2006\" srcset=\"https:\/\/hrncirskydvurzviretice.cz\/wp-content\/uploads\/2024\/10\/ahoj-leto-plakat-724x1024.jpg 724w, https:\/\/hrncirskydvurzviretice.cz\/wp-content\/uploads\/2024\/10\/ahoj-leto-plakat-212x300.jpg 212w, https:\/\/hrncirskydvurzviretice.cz\/wp-content\/uploads\/2024\/10\/ahoj-leto-plakat-768x1086.jpg 768w, https:\/\/hrncirskydvurzviretice.cz\/wp-content\/uploads\/2024\/10\/ahoj-leto-plakat-1086x1536.jpg 1086w, https:\/\/hrncirskydvurzviretice.cz\/wp-content\/uploads\/2024\/10\/ahoj-leto-plakat.jpg 1240w\" sizes=\"auto, (max-width: 724px) 100vw, 724px\" \/><\/figure>\n<\/figure>\n\n\n\n<figure class=\"wp-block-gallery has-nested-images columns-default is-cropped wp-block-gallery-3 is-layout-flex wp-block-gallery-is-layout-flex\">\n<figure class=\"wp-block-image size-large\"><img loading=\"lazy\" decoding=\"async\" width=\"724\" height=\"1024\" data-id=\"1777\" src=\"https:\/\/hrncirskydvurzviretice.cz\/wp-content\/uploads\/2024\/07\/SmaltovanyDen-1-724x1024.jpeg\" alt=\"\" class=\"wp-image-1777\" srcset=\"https:\/\/hrncirskydvurzviretice.cz\/wp-content\/uploads\/2024\/07\/SmaltovanyDen-1-724x1024.jpeg 724w, https:\/\/hrncirskydvurzviretice.cz\/wp-content\/uploads\/2024\/07\/SmaltovanyDen-1-212x300.jpeg 212w, https:\/\/hrncirskydvurzviretice.cz\/wp-content\/uploads\/2024\/07\/SmaltovanyDen-1-768x1086.jpeg 768w, https:\/\/hrncirskydvurzviretice.cz\/wp-content\/uploads\/2024\/07\/SmaltovanyDen-1-1086x1536.jpeg 1086w, https:\/\/hrncirskydvurzviretice.cz\/wp-content\/uploads\/2024\/07\/SmaltovanyDen-1.jpeg 1448w\" sizes=\"auto, (max-width: 724px) 100vw, 724px\" \/><\/figure>\n\n\n\n<figure class=\"wp-block-image size-large\"><img loading=\"lazy\" decoding=\"async\" width=\"735\" height=\"1024\" data-id=\"1776\" src=\"https:\/\/hrncirskydvurzviretice.cz\/wp-content\/uploads\/2024\/07\/Pruvan-735x1024.jpeg\" alt=\"\" class=\"wp-image-1776\" srcset=\"https:\/\/hrncirskydvurzviretice.cz\/wp-content\/uploads\/2024\/07\/Pruvan-735x1024.jpeg 735w, https:\/\/hrncirskydvurzviretice.cz\/wp-content\/uploads\/2024\/07\/Pruvan-215x300.jpeg 215w, https:\/\/hrncirskydvurzviretice.cz\/wp-content\/uploads\/2024\/07\/Pruvan-768x1071.jpeg 768w, https:\/\/hrncirskydvurzviretice.cz\/wp-content\/uploads\/2024\/07\/Pruvan-1102x1536.jpeg 1102w, https:\/\/hrncirskydvurzviretice.cz\/wp-content\/uploads\/2024\/07\/Pruvan.jpeg 1469w\" sizes=\"auto, (max-width: 735px) 100vw, 735px\" \/><\/figure>\n\n\n\n<figure class=\"wp-block-image size-large\"><img loading=\"lazy\" decoding=\"async\" width=\"726\" height=\"1024\" data-id=\"1778\" src=\"https:\/\/hrncirskydvurzviretice.cz\/wp-content\/uploads\/2024\/07\/Velikonoce-726x1024.png\" alt=\"\" class=\"wp-image-1778\" srcset=\"https:\/\/hrncirskydvurzviretice.cz\/wp-content\/uploads\/2024\/07\/Velikonoce-726x1024.png 726w, https:\/\/hrncirskydvurzviretice.cz\/wp-content\/uploads\/2024\/07\/Velikonoce-213x300.png 213w, https:\/\/hrncirskydvurzviretice.cz\/wp-content\/uploads\/2024\/07\/Velikonoce-768x1084.png 768w, https:\/\/hrncirskydvurzviretice.cz\/wp-content\/uploads\/2024\/07\/Velikonoce-1088x1536.png 1088w, https:\/\/hrncirskydvurzviretice.cz\/wp-content\/uploads\/2024\/07\/Velikonoce.png 1148w\" sizes=\"auto, (max-width: 726px) 100vw, 726px\" \/><\/figure>\n<\/figure>\n\n\n\n<p><strong>2023<\/strong><\/p>\n\n\n\n<figure class=\"wp-block-gallery has-nested-images columns-default is-cropped wp-block-gallery-4 is-layout-flex wp-block-gallery-is-layout-flex\">\n<figure class=\"wp-block-image size-large\"><img loading=\"lazy\" decoding=\"async\" width=\"722\" height=\"1024\" data-id=\"1653\" src=\"https:\/\/hrncirskydvurzviretice.cz\/wp-content\/uploads\/2024\/06\/ZABIJACKA_2023-722x1024.jpeg\" alt=\"\" class=\"wp-image-1653\" srcset=\"https:\/\/hrncirskydvurzviretice.cz\/wp-content\/uploads\/2024\/06\/ZABIJACKA_2023-722x1024.jpeg 722w, https:\/\/hrncirskydvurzviretice.cz\/wp-content\/uploads\/2024\/06\/ZABIJACKA_2023-212x300.jpeg 212w, https:\/\/hrncirskydvurzviretice.cz\/wp-content\/uploads\/2024\/06\/ZABIJACKA_2023-768x1089.jpeg 768w, https:\/\/hrncirskydvurzviretice.cz\/wp-content\/uploads\/2024\/06\/ZABIJACKA_2023-1083x1536.jpeg 1083w, https:\/\/hrncirskydvurzviretice.cz\/wp-content\/uploads\/2024\/06\/ZABIJACKA_2023.jpeg 1444w\" sizes=\"auto, (max-width: 722px) 100vw, 722px\" \/><\/figure>\n\n\n\n<figure class=\"wp-block-image size-large\"><img loading=\"lazy\" decoding=\"async\" width=\"600\" height=\"849\" data-id=\"1652\" src=\"https:\/\/hrncirskydvurzviretice.cz\/wp-content\/uploads\/2024\/06\/BabiLeto_23.jpeg\" alt=\"\" class=\"wp-image-1652\" srcset=\"https:\/\/hrncirskydvurzviretice.cz\/wp-content\/uploads\/2024\/06\/BabiLeto_23.jpeg 600w, https:\/\/hrncirskydvurzviretice.cz\/wp-content\/uploads\/2024\/06\/BabiLeto_23-212x300.jpeg 212w\" sizes=\"auto, (max-width: 600px) 100vw, 600px\" \/><\/figure>\n\n\n\n<figure class=\"wp-block-image size-large\"><img loading=\"lazy\" decoding=\"async\" width=\"724\" height=\"1024\" data-id=\"1654\" src=\"https:\/\/hrncirskydvurzviretice.cz\/wp-content\/uploads\/2024\/06\/Prazdniny_23-724x1024.jpeg\" alt=\"\" class=\"wp-image-1654\" srcset=\"https:\/\/hrncirskydvurzviretice.cz\/wp-content\/uploads\/2024\/06\/Prazdniny_23-724x1024.jpeg 724w, https:\/\/hrncirskydvurzviretice.cz\/wp-content\/uploads\/2024\/06\/Prazdniny_23-212x300.jpeg 212w, https:\/\/hrncirskydvurzviretice.cz\/wp-content\/uploads\/2024\/06\/Prazdniny_23-768x1086.jpeg 768w, https:\/\/hrncirskydvurzviretice.cz\/wp-content\/uploads\/2024\/06\/Prazdniny_23-1086x1536.jpeg 1086w, https:\/\/hrncirskydvurzviretice.cz\/wp-content\/uploads\/2024\/06\/Prazdniny_23.jpeg 1448w\" sizes=\"auto, (max-width: 724px) 100vw, 724px\" \/><\/figure>\n<\/figure>\n\n\n\n<figure class=\"wp-block-gallery has-nested-images columns-default is-cropped wp-block-gallery-5 is-layout-flex wp-block-gallery-is-layout-flex\">\n<figure class=\"wp-block-image size-large\"><img loading=\"lazy\" decoding=\"async\" width=\"725\" height=\"1024\" data-id=\"1658\" src=\"https:\/\/hrncirskydvurzviretice.cz\/wp-content\/uploads\/2024\/06\/Loutky_23-725x1024.jpeg\" alt=\"\" class=\"wp-image-1658\" srcset=\"https:\/\/hrncirskydvurzviretice.cz\/wp-content\/uploads\/2024\/06\/Loutky_23-725x1024.jpeg 725w, https:\/\/hrncirskydvurzviretice.cz\/wp-content\/uploads\/2024\/06\/Loutky_23-212x300.jpeg 212w, https:\/\/hrncirskydvurzviretice.cz\/wp-content\/uploads\/2024\/06\/Loutky_23-768x1085.jpeg 768w, https:\/\/hrncirskydvurzviretice.cz\/wp-content\/uploads\/2024\/06\/Loutky_23-1088x1536.jpeg 1088w, https:\/\/hrncirskydvurzviretice.cz\/wp-content\/uploads\/2024\/06\/Loutky_23.jpeg 1450w\" sizes=\"auto, (max-width: 725px) 100vw, 725px\" \/><\/figure>\n\n\n\n<figure class=\"wp-block-image size-large\"><img loading=\"lazy\" decoding=\"async\" width=\"600\" height=\"849\" data-id=\"1656\" src=\"https:\/\/hrncirskydvurzviretice.cz\/wp-content\/uploads\/2024\/06\/Velikonoce23.jpeg\" alt=\"\" class=\"wp-image-1656\" srcset=\"https:\/\/hrncirskydvurzviretice.cz\/wp-content\/uploads\/2024\/06\/Velikonoce23.jpeg 600w, https:\/\/hrncirskydvurzviretice.cz\/wp-content\/uploads\/2024\/06\/Velikonoce23-212x300.jpeg 212w\" sizes=\"auto, (max-width: 600px) 100vw, 600px\" \/><\/figure>\n\n\n\n<figure class=\"wp-block-image size-large\"><img loading=\"lazy\" decoding=\"async\" width=\"600\" height=\"843\" data-id=\"1657\" src=\"https:\/\/hrncirskydvurzviretice.cz\/wp-content\/uploads\/2024\/06\/JarniZabijacka.jpeg\" alt=\"\" class=\"wp-image-1657\" srcset=\"https:\/\/hrncirskydvurzviretice.cz\/wp-content\/uploads\/2024\/06\/JarniZabijacka.jpeg 600w, https:\/\/hrncirskydvurzviretice.cz\/wp-content\/uploads\/2024\/06\/JarniZabijacka-214x300.jpeg 214w\" sizes=\"auto, (max-width: 600px) 100vw, 600px\" \/><\/figure>\n<\/figure>\n\n\n\n<div style=\"height:100px\" aria-hidden=\"true\" class=\"wp-block-spacer\"><\/div>\n\n\n\n<p>2022<\/p>\n\n\n\n<figure class=\"wp-block-gallery has-nested-images columns-default is-cropped wp-block-gallery-6 is-layout-flex wp-block-gallery-is-layout-flex\">\n<figure class=\"wp-block-image size-large\"><img loading=\"lazy\" decoding=\"async\" width=\"600\" height=\"849\" data-id=\"1661\" src=\"https:\/\/hrncirskydvurzviretice.cz\/wp-content\/uploads\/2024\/06\/22_Vanoc.jpeg\" alt=\"\" class=\"wp-image-1661\" srcset=\"https:\/\/hrncirskydvurzviretice.cz\/wp-content\/uploads\/2024\/06\/22_Vanoc.jpeg 600w, https:\/\/hrncirskydvurzviretice.cz\/wp-content\/uploads\/2024\/06\/22_Vanoc-212x300.jpeg 212w\" sizes=\"auto, (max-width: 600px) 100vw, 600px\" \/><\/figure>\n\n\n\n<figure class=\"wp-block-image size-large\"><img loading=\"lazy\" decoding=\"async\" width=\"724\" height=\"1024\" data-id=\"1662\" src=\"https:\/\/hrncirskydvurzviretice.cz\/wp-content\/uploads\/2024\/06\/22_BL-724x1024.jpeg\" alt=\"\" class=\"wp-image-1662\" srcset=\"https:\/\/hrncirskydvurzviretice.cz\/wp-content\/uploads\/2024\/06\/22_BL-724x1024.jpeg 724w, https:\/\/hrncirskydvurzviretice.cz\/wp-content\/uploads\/2024\/06\/22_BL-212x300.jpeg 212w, https:\/\/hrncirskydvurzviretice.cz\/wp-content\/uploads\/2024\/06\/22_BL-768x1086.jpeg 768w, https:\/\/hrncirskydvurzviretice.cz\/wp-content\/uploads\/2024\/06\/22_BL-1086x1536.jpeg 1086w, https:\/\/hrncirskydvurzviretice.cz\/wp-content\/uploads\/2024\/06\/22_BL.jpeg 1448w\" sizes=\"auto, (max-width: 724px) 100vw, 724px\" \/><\/figure>\n\n\n\n<figure class=\"wp-block-image size-large\"><img loading=\"lazy\" decoding=\"async\" width=\"723\" height=\"1024\" data-id=\"1663\" src=\"https:\/\/hrncirskydvurzviretice.cz\/wp-content\/uploads\/2024\/06\/22_Konec-723x1024.jpeg\" alt=\"\" class=\"wp-image-1663\" srcset=\"https:\/\/hrncirskydvurzviretice.cz\/wp-content\/uploads\/2024\/06\/22_Konec-723x1024.jpeg 723w, https:\/\/hrncirskydvurzviretice.cz\/wp-content\/uploads\/2024\/06\/22_Konec-212x300.jpeg 212w, https:\/\/hrncirskydvurzviretice.cz\/wp-content\/uploads\/2024\/06\/22_Konec-768x1088.jpeg 768w, https:\/\/hrncirskydvurzviretice.cz\/wp-content\/uploads\/2024\/06\/22_Konec-1084x1536.jpeg 1084w, https:\/\/hrncirskydvurzviretice.cz\/wp-content\/uploads\/2024\/06\/22_Konec.jpeg 1445w\" sizes=\"auto, (max-width: 723px) 100vw, 723px\" \/><\/figure>\n<\/figure>","protected":false},"excerpt":{"rendered":"<p>2025 2024 2023 2022<\/p>","protected":false},"author":3,"featured_media":0,"parent":0,"menu_order":0,"comment_status":"closed","ping_status":"closed","template":"","meta":{"_uag_custom_page_level_css":"","site-sidebar-layout":"default","site-content-layout":"","ast-site-content-layout":"default","site-content-style":"default","site-sidebar-style":"default","ast-global-header-display":"","ast-banner-title-visibility":"","ast-main-header-display":"","ast-hfb-above-header-display":"","ast-hfb-below-header-display":"","ast-hfb-mobile-header-display":"","site-post-title":"","ast-breadcrumbs-content":"","ast-featured-img":"","footer-sml-layout":"","theme-transparent-header-meta":"","adv-header-id-meta":"","stick-header-meta":"","header-above-stick-meta":"","header-main-stick-meta":"","header-below-stick-meta":"","astra-migrate-meta-layouts":"set","ast-page-background-enabled":"default","ast-page-background-meta":{"desktop":{"background-color":"","background-image":"","background-repeat":"repeat","background-position":"center center","background-size":"auto","background-attachment":"scroll","background-type":"","background-media":"","overlay-type":"","overlay-color":"","overlay-opacity":"","overlay-gradient":""},"tablet":{"background-color":"","background-image":"","background-repeat":"repeat","background-position":"center center","background-size":"auto","background-attachment":"scroll","background-type":"","background-media":"","overlay-type":"","overlay-color":"","overlay-opacity":"","overlay-gradient":""},"mobile":{"background-color":"","background-image":"","background-repeat":"repeat","background-position":"center center","background-size":"auto","background-attachment":"scroll","background-type":"","background-media":"","overlay-type":"","overlay-color":"","overlay-opacity":"","overlay-gradient":""}},"ast-content-background-meta":{"desktop":{"background-color":"var(--ast-global-color-5)","background-image":"","background-repeat":"repeat","background-position":"center center","background-size":"auto","background-attachment":"scroll","background-type":"","background-media":"","overlay-type":"","overlay-color":"","overlay-opacity":"","overlay-gradient":""},"tablet":{"background-color":"var(--ast-global-color-5)","background-image":"","background-repeat":"repeat","background-position":"center center","background-size":"auto","background-attachment":"scroll","background-type":"","background-media":"","overlay-type":"","overlay-color":"","overlay-opacity":"","overlay-gradient":""},"mobile":{"background-color":"var(--ast-global-color-5)","background-image":"","background-repeat":"repeat","background-position":"center center","background-size":"auto","background-attachment":"scroll","background-type":"","background-media":"","overlay-type":"","overlay-color":"","overlay-opacity":"","overlay-gradient":""}},"footnotes":""},"class_list":["post-1651","page","type-page","status-publish","hentry"],"yoast_head":"<!-- This site is optimized with the Yoast SEO plugin v27.4 - https:\/\/yoast.com\/product\/yoast-seo-wordpress\/ -->\n<title>Historie akc\u00ed - Hrn\u010d\u00ed\u0159sk\u00fd dv\u016fr Zv\u00ed\u0159etice<\/title>\n<meta name=\"robots\" content=\"index, follow, max-snippet:-1, max-image-preview:large, max-video-preview:-1\" \/>\n<link rel=\"canonical\" href=\"https:\/\/hrncirskydvurzviretice.cz\/de\/historie-akci\/\" \/>\n<meta property=\"og:locale\" content=\"de_DE\" \/>\n<meta property=\"og:type\" content=\"article\" \/>\n<meta property=\"og:title\" content=\"Historie akc\u00ed - Hrn\u010d\u00ed\u0159sk\u00fd dv\u016fr Zv\u00ed\u0159etice\" \/>\n<meta property=\"og:description\" content=\"2025 2024 2023 2022\" \/>\n<meta property=\"og:url\" content=\"https:\/\/hrncirskydvurzviretice.cz\/de\/historie-akci\/\" \/>\n<meta property=\"og:site_name\" content=\"Hrn\u010d\u00ed\u0159sk\u00fd dv\u016fr Zv\u00ed\u0159etice\" \/>\n<meta property=\"article:modified_time\" content=\"2025-04-09T12:06:29+00:00\" \/>\n<meta property=\"og:image\" content=\"https:\/\/hrncirskydvurzviretice.cz\/wp-content\/uploads\/2024\/10\/dynobranni.jpg\" \/>\n\t<meta property=\"og:image:width\" content=\"877\" \/>\n\t<meta property=\"og:image:height\" content=\"1240\" \/>\n\t<meta property=\"og:image:type\" content=\"image\/jpeg\" \/>\n<meta name=\"twitter:card\" content=\"summary_large_image\" \/>\n<meta name=\"twitter:label1\" content=\"Gesch\u00e4tzte Lesezeit\" \/>\n\t<meta name=\"twitter:data1\" content=\"4\u00a0Minuten\" \/>\n<script type=\"application\/ld+json\" class=\"yoast-schema-graph\">{\"@context\":\"https:\\\/\\\/schema.org\",\"@graph\":[{\"@type\":\"WebPage\",\"@id\":\"https:\\\/\\\/hrncirskydvurzviretice.cz\\\/historie-akci\\\/\",\"url\":\"https:\\\/\\\/hrncirskydvurzviretice.cz\\\/historie-akci\\\/\",\"name\":\"Historie akc\u00ed - Hrn\u010d\u00ed\u0159sk\u00fd dv\u016fr Zv\u00ed\u0159etice\",\"isPartOf\":{\"@id\":\"https:\\\/\\\/hrncirskydvurzviretice.cz\\\/#website\"},\"primaryImageOfPage\":{\"@id\":\"https:\\\/\\\/hrncirskydvurzviretice.cz\\\/historie-akci\\\/#primaryimage\"},\"image\":{\"@id\":\"https:\\\/\\\/hrncirskydvurzviretice.cz\\\/historie-akci\\\/#primaryimage\"},\"thumbnailUrl\":\"https:\\\/\\\/hrncirskydvurzviretice.cz\\\/wp-content\\\/uploads\\\/2024\\\/10\\\/dynobranni-724x1024.jpg\",\"datePublished\":\"2024-06-07T12:18:35+00:00\",\"dateModified\":\"2025-04-09T12:06:29+00:00\",\"breadcrumb\":{\"@id\":\"https:\\\/\\\/hrncirskydvurzviretice.cz\\\/historie-akci\\\/#breadcrumb\"},\"inLanguage\":\"de\",\"potentialAction\":[{\"@type\":\"ReadAction\",\"target\":[\"https:\\\/\\\/hrncirskydvurzviretice.cz\\\/historie-akci\\\/\"]}]},{\"@type\":\"ImageObject\",\"inLanguage\":\"de\",\"@id\":\"https:\\\/\\\/hrncirskydvurzviretice.cz\\\/historie-akci\\\/#primaryimage\",\"url\":\"https:\\\/\\\/hrncirskydvurzviretice.cz\\\/wp-content\\\/uploads\\\/2024\\\/10\\\/dynobranni-724x1024.jpg\",\"contentUrl\":\"https:\\\/\\\/hrncirskydvurzviretice.cz\\\/wp-content\\\/uploads\\\/2024\\\/10\\\/dynobranni-724x1024.jpg\"},{\"@type\":\"BreadcrumbList\",\"@id\":\"https:\\\/\\\/hrncirskydvurzviretice.cz\\\/historie-akci\\\/#breadcrumb\",\"itemListElement\":[{\"@type\":\"ListItem\",\"position\":1,\"name\":\"Dom\u016f\",\"item\":\"https:\\\/\\\/hrncirskydvurzviretice.cz\\\/\"},{\"@type\":\"ListItem\",\"position\":2,\"name\":\"Historie akc\u00ed\"}]},{\"@type\":\"WebSite\",\"@id\":\"https:\\\/\\\/hrncirskydvurzviretice.cz\\\/#website\",\"url\":\"https:\\\/\\\/hrncirskydvurzviretice.cz\\\/\",\"name\":\"Hrn\u010d\u00ed\u0159sk\u00fd dv\u016fr Zv\u00ed\u0159etice\",\"description\":\"\",\"potentialAction\":[{\"@type\":\"SearchAction\",\"target\":{\"@type\":\"EntryPoint\",\"urlTemplate\":\"https:\\\/\\\/hrncirskydvurzviretice.cz\\\/?s={search_term_string}\"},\"query-input\":{\"@type\":\"PropertyValueSpecification\",\"valueRequired\":true,\"valueName\":\"search_term_string\"}}],\"inLanguage\":\"de\"}]}<\/script>\n<!-- \/ Yoast SEO plugin. -->","yoast_head_json":{"title":"Historie akc\u00ed - Hrn\u010d\u00ed\u0159sk\u00fd dv\u016fr Zv\u00ed\u0159etice","robots":{"index":"index","follow":"follow","max-snippet":"max-snippet:-1","max-image-preview":"max-image-preview:large","max-video-preview":"max-video-preview:-1"},"canonical":"https:\/\/hrncirskydvurzviretice.cz\/de\/historie-akci\/","og_locale":"de_DE","og_type":"article","og_title":"Historie akc\u00ed - Hrn\u010d\u00ed\u0159sk\u00fd dv\u016fr Zv\u00ed\u0159etice","og_description":"2025 2024 2023 2022","og_url":"https:\/\/hrncirskydvurzviretice.cz\/de\/historie-akci\/","og_site_name":"Hrn\u010d\u00ed\u0159sk\u00fd dv\u016fr Zv\u00ed\u0159etice","article_modified_time":"2025-04-09T12:06:29+00:00","og_image":[{"width":877,"height":1240,"url":"https:\/\/hrncirskydvurzviretice.cz\/wp-content\/uploads\/2024\/10\/dynobranni.jpg","type":"image\/jpeg"}],"twitter_card":"summary_large_image","twitter_misc":{"Gesch\u00e4tzte Lesezeit":"4\u00a0Minuten"},"schema":{"@context":"https:\/\/schema.org","@graph":[{"@type":"WebPage","@id":"https:\/\/hrncirskydvurzviretice.cz\/historie-akci\/","url":"https:\/\/hrncirskydvurzviretice.cz\/historie-akci\/","name":"Historie akc\u00ed - Hrn\u010d\u00ed\u0159sk\u00fd dv\u016fr Zv\u00ed\u0159etice","isPartOf":{"@id":"https:\/\/hrncirskydvurzviretice.cz\/#website"},"primaryImageOfPage":{"@id":"https:\/\/hrncirskydvurzviretice.cz\/historie-akci\/#primaryimage"},"image":{"@id":"https:\/\/hrncirskydvurzviretice.cz\/historie-akci\/#primaryimage"},"thumbnailUrl":"https:\/\/hrncirskydvurzviretice.cz\/wp-content\/uploads\/2024\/10\/dynobranni-724x1024.jpg","datePublished":"2024-06-07T12:18:35+00:00","dateModified":"2025-04-09T12:06:29+00:00","breadcrumb":{"@id":"https:\/\/hrncirskydvurzviretice.cz\/historie-akci\/#breadcrumb"},"inLanguage":"de","potentialAction":[{"@type":"ReadAction","target":["https:\/\/hrncirskydvurzviretice.cz\/historie-akci\/"]}]},{"@type":"ImageObject","inLanguage":"de","@id":"https:\/\/hrncirskydvurzviretice.cz\/historie-akci\/#primaryimage","url":"https:\/\/hrncirskydvurzviretice.cz\/wp-content\/uploads\/2024\/10\/dynobranni-724x1024.jpg","contentUrl":"https:\/\/hrncirskydvurzviretice.cz\/wp-content\/uploads\/2024\/10\/dynobranni-724x1024.jpg"},{"@type":"BreadcrumbList","@id":"https:\/\/hrncirskydvurzviretice.cz\/historie-akci\/#breadcrumb","itemListElement":[{"@type":"ListItem","position":1,"name":"Dom\u016f","item":"https:\/\/hrncirskydvurzviretice.cz\/"},{"@type":"ListItem","position":2,"name":"Historie akc\u00ed"}]},{"@type":"WebSite","@id":"https:\/\/hrncirskydvurzviretice.cz\/#website","url":"https:\/\/hrncirskydvurzviretice.cz\/","name":"T\u00f6pferhof Zv\u00ed\u0159etice","description":"","potentialAction":[{"@type":"SearchAction","target":{"@type":"EntryPoint","urlTemplate":"https:\/\/hrncirskydvurzviretice.cz\/?s={search_term_string}"},"query-input":{"@type":"PropertyValueSpecification","valueRequired":true,"valueName":"search_term_string"}}],"inLanguage":"de"}]}},"uagb_featured_image_src":{"full":false,"thumbnail":false,"medium":false,"medium_large":false,"large":false,"1536x1536":false,"2048x2048":false,"trp-custom-language-flag":false},"uagb_author_info":{"display_name":"Luk\u00e1\u0161 Bilinec","author_link":"https:\/\/hrncirskydvurzviretice.cz\/de\/author\/lukasibilinecgmail-com\/"},"uagb_comment_info":0,"uagb_excerpt":"2025 2024 2023 2022","jetpack_sharing_enabled":true,"_links":{"self":[{"href":"https:\/\/hrncirskydvurzviretice.cz\/de\/wp-json\/wp\/v2\/pages\/1651","targetHints":{"allow":["GET"]}}],"collection":[{"href":"https:\/\/hrncirskydvurzviretice.cz\/de\/wp-json\/wp\/v2\/pages"}],"about":[{"href":"https:\/\/hrncirskydvurzviretice.cz\/de\/wp-json\/wp\/v2\/types\/page"}],"author":[{"embeddable":true,"href":"https:\/\/hrncirskydvurzviretice.cz\/de\/wp-json\/wp\/v2\/users\/3"}],"replies":[{"embeddable":true,"href":"https:\/\/hrncirskydvurzviretice.cz\/de\/wp-json\/wp\/v2\/comments?post=1651"}],"version-history":[{"count":8,"href":"https:\/\/hrncirskydvurzviretice.cz\/de\/wp-json\/wp\/v2\/pages\/1651\/revisions"}],"predecessor-version":[{"id":2470,"href":"https:\/\/hrncirskydvurzviretice.cz\/de\/wp-json\/wp\/v2\/pages\/1651\/revisions\/2470"}],"wp:attachment":[{"href":"https:\/\/hrncirskydvurzviretice.cz\/de\/wp-json\/wp\/v2\/media?parent=1651"}],"curies":[{"name":"wp","href":"https:\/\/api.w.org\/{rel}","templated":true}]}}