{"id":1402,"date":"2024-05-24T02:25:58","date_gmt":"2024-05-24T02:25:58","guid":{"rendered":"https:\/\/upbeat-ritchie.109-205-182-233.plesk.page\/?page_id=1402"},"modified":"2024-06-04T10:50:21","modified_gmt":"2024-06-04T10:50:21","slug":"okoli-a-aktivity","status":"publish","type":"page","link":"https:\/\/hrncirskydvurzviretice.cz\/de\/okoli-a-aktivity\/","title":{"rendered":"Umgebung und Aktivit\u00e4ten"},"content":{"rendered":"<p>V okol\u00ed je cel\u00e1 \u0159ada obl\u00edben\u00fdch v\u00fdletn\u00edch m\u00edst: hrady Zv\u00ed\u0159etice, Vale\u010dov, Michalovick\u00e1 Putna, Houska, Bezd\u011bz a Kost, z\u00e1mky Mnichovo Hradi\u0161t\u011b, Sychrov, Humprecht. Atraktivn\u00ed jsou v\u00fdlety za lidov\u00fdmi stavbami kraje, k\u00a0M\u00e1chovu jezeru, do l\u00e1zn\u00ed Sedmihorek, Kom\u00e1rova, skaln\u00edch m\u011bste\u010dek Dr\u00e1bsk\u00e9 sv\u011btni\u010dky a\u00a0P\u0159\u00edhrazsk\u00e9 sk\u00e1ly.<\/p>\n\n\n\n<p>V\u00a0Hrn\u010d\u00ed\u0159sk\u00e9m dvo\u0159e je pro V\u00e1s p\u0159ipraveno 10 polodenn\u00edch a 10 celodenn\u00edch v\u00fdlet\u016f, sestaven\u00fdch zvl\u00e1\u0161\u0165 pro p\u011b\u0161\u00ed i\u00a0pro cykloturisty. V programov\u00fdch nab\u00eddk\u00e1ch m\u00edstn\u00edho kraje je j\u00edzd\u00e1rna, seskoky pad\u00e1kem, lety balonem. Letn\u00ed kino Kom\u00e1rov, letn\u00ed p\u00f3dia Vale\u010dov a\u00a0Vostrov.<\/p>\n\n\n\n<div style=\"height:100px\" aria-hidden=\"true\" class=\"wp-block-spacer\"><\/div>\n\n\n\n<figure class=\"wp-block-image size-large\"><img loading=\"lazy\" decoding=\"async\" width=\"1024\" height=\"768\" src=\"https:\/\/hrncirskydvurzviretice.cz\/wp-content\/uploads\/2024\/06\/Zviretice_Hras-1024x768.jpeg\" alt=\"\" class=\"wp-image-1594\" srcset=\"https:\/\/hrncirskydvurzviretice.cz\/wp-content\/uploads\/2024\/06\/Zviretice_Hras-1024x768.jpeg 1024w, https:\/\/hrncirskydvurzviretice.cz\/wp-content\/uploads\/2024\/06\/Zviretice_Hras-300x225.jpeg 300w, https:\/\/hrncirskydvurzviretice.cz\/wp-content\/uploads\/2024\/06\/Zviretice_Hras-768x576.jpeg 768w, https:\/\/hrncirskydvurzviretice.cz\/wp-content\/uploads\/2024\/06\/Zviretice_Hras-1536x1152.jpeg 1536w, https:\/\/hrncirskydvurzviretice.cz\/wp-content\/uploads\/2024\/06\/Zviretice_Hras-2048x1536.jpeg 2048w\" sizes=\"auto, (max-width: 1024px) 100vw, 1024px\" \/><\/figure>","protected":false},"excerpt":{"rendered":"<p>V okol\u00ed je cel\u00e1 \u0159ada obl\u00edben\u00fdch v\u00fdletn\u00edch m\u00edst: hrady Zv\u00ed\u0159etice, Vale\u010dov, Michalovick\u00e1 Putna, Houska, Bezd\u011bz a Kost, z\u00e1mky Mnichovo Hradi\u0161t\u011b, Sychrov, Humprecht. Atraktivn\u00ed jsou v\u00fdlety za lidov\u00fdmi stavbami kraje, k\u00a0M\u00e1chovu jezeru, do l\u00e1zn\u00ed Sedmihorek, Kom\u00e1rova, skaln\u00edch m\u011bste\u010dek Dr\u00e1bsk\u00e9 sv\u011btni\u010dky a\u00a0P\u0159\u00edhrazsk\u00e9 sk\u00e1ly. V\u00a0Hrn\u010d\u00ed\u0159sk\u00e9m dvo\u0159e je pro V\u00e1s p\u0159ipraveno 10 polodenn\u00edch a 10 celodenn\u00edch v\u00fdlet\u016f, sestaven\u00fdch zvl\u00e1\u0161\u0165 [&hellip;]<\/p>","protected":false},"author":1,"featured_media":0,"parent":0,"menu_order":0,"comment_status":"closed","ping_status":"closed","template":"","meta":{"_uag_custom_page_level_css":"","site-sidebar-layout":"default","site-content-layout":"","ast-site-content-layout":"default","site-content-style":"default","site-sidebar-style":"default","ast-global-header-display":"","ast-banner-title-visibility":"","ast-main-header-display":"","ast-hfb-above-header-display":"","ast-hfb-below-header-display":"","ast-hfb-mobile-header-display":"","site-post-title":"","ast-breadcrumbs-content":"","ast-featured-img":"","footer-sml-layout":"","theme-transparent-header-meta":"","adv-header-id-meta":"","stick-header-meta":"","header-above-stick-meta":"","header-main-stick-meta":"","header-below-stick-meta":"","astra-migrate-meta-layouts":"set","ast-page-background-enabled":"default","ast-page-background-meta":{"desktop":{"background-color":"","background-image":"","background-repeat":"repeat","background-position":"center center","background-size":"auto","background-attachment":"scroll","background-type":"","background-media":"","overlay-type":"","overlay-color":"","overlay-opacity":"","overlay-gradient":""},"tablet":{"background-color":"","background-image":"","background-repeat":"repeat","background-position":"center center","background-size":"auto","background-attachment":"scroll","background-type":"","background-media":"","overlay-type":"","overlay-color":"","overlay-opacity":"","overlay-gradient":""},"mobile":{"background-color":"","background-image":"","background-repeat":"repeat","background-position":"center center","background-size":"auto","background-attachment":"scroll","background-type":"","background-media":"","overlay-type":"","overlay-color":"","overlay-opacity":"","overlay-gradient":""}},"ast-content-background-meta":{"desktop":{"background-color":"var(--ast-global-color-5)","background-image":"","background-repeat":"repeat","background-position":"center center","background-size":"auto","background-attachment":"scroll","background-type":"","background-media":"","overlay-type":"","overlay-color":"","overlay-opacity":"","overlay-gradient":""},"tablet":{"background-color":"var(--ast-global-color-5)","background-image":"","background-repeat":"repeat","background-position":"center center","background-size":"auto","background-attachment":"scroll","background-type":"","background-media":"","overlay-type":"","overlay-color":"","overlay-opacity":"","overlay-gradient":""},"mobile":{"background-color":"var(--ast-global-color-5)","background-image":"","background-repeat":"repeat","background-position":"center center","background-size":"auto","background-attachment":"scroll","background-type":"","background-media":"","overlay-type":"","overlay-color":"","overlay-opacity":"","overlay-gradient":""}},"footnotes":""},"class_list":["post-1402","page","type-page","status-publish","hentry"],"yoast_head":"<!-- This site is optimized with the Yoast SEO plugin v27.4 - https:\/\/yoast.com\/product\/yoast-seo-wordpress\/ -->\n<title>Okol\u00ed a aktivity - Hrn\u010d\u00ed\u0159sk\u00fd dv\u016fr Zv\u00ed\u0159etice<\/title>\n<meta name=\"robots\" content=\"index, follow, max-snippet:-1, max-image-preview:large, max-video-preview:-1\" \/>\n<link rel=\"canonical\" href=\"https:\/\/hrncirskydvurzviretice.cz\/de\/okoli-a-aktivity\/\" \/>\n<meta property=\"og:locale\" content=\"de_DE\" \/>\n<meta property=\"og:type\" content=\"article\" \/>\n<meta property=\"og:title\" content=\"Okol\u00ed a aktivity - Hrn\u010d\u00ed\u0159sk\u00fd dv\u016fr Zv\u00ed\u0159etice\" \/>\n<meta property=\"og:description\" content=\"V okol\u00ed je cel\u00e1 \u0159ada obl\u00edben\u00fdch v\u00fdletn\u00edch m\u00edst: hrady Zv\u00ed\u0159etice, Vale\u010dov, Michalovick\u00e1 Putna, Houska, Bezd\u011bz a Kost, z\u00e1mky Mnichovo Hradi\u0161t\u011b, Sychrov, Humprecht. Atraktivn\u00ed jsou v\u00fdlety za lidov\u00fdmi stavbami kraje, k\u00a0M\u00e1chovu jezeru, do l\u00e1zn\u00ed Sedmihorek, Kom\u00e1rova, skaln\u00edch m\u011bste\u010dek Dr\u00e1bsk\u00e9 sv\u011btni\u010dky a\u00a0P\u0159\u00edhrazsk\u00e9 sk\u00e1ly. V\u00a0Hrn\u010d\u00ed\u0159sk\u00e9m dvo\u0159e je pro V\u00e1s p\u0159ipraveno 10 polodenn\u00edch a 10 celodenn\u00edch v\u00fdlet\u016f, sestaven\u00fdch zvl\u00e1\u0161\u0165 [&hellip;]\" \/>\n<meta property=\"og:url\" content=\"https:\/\/hrncirskydvurzviretice.cz\/de\/okoli-a-aktivity\/\" \/>\n<meta property=\"og:site_name\" content=\"Hrn\u010d\u00ed\u0159sk\u00fd dv\u016fr Zv\u00ed\u0159etice\" \/>\n<meta property=\"article:modified_time\" content=\"2024-06-04T10:50:21+00:00\" \/>\n<meta property=\"og:image\" content=\"https:\/\/hrncirskydvurzviretice.cz\/wp-content\/uploads\/2024\/06\/Zviretice_Hras-1024x768.jpeg\" \/>\n<meta name=\"twitter:card\" content=\"summary_large_image\" \/>\n<meta name=\"twitter:label1\" content=\"Gesch\u00e4tzte Lesezeit\" \/>\n\t<meta name=\"twitter:data1\" content=\"1\u00a0Minute\" \/>\n<script type=\"application\/ld+json\" class=\"yoast-schema-graph\">{\"@context\":\"https:\\\/\\\/schema.org\",\"@graph\":[{\"@type\":\"WebPage\",\"@id\":\"https:\\\/\\\/hrncirskydvurzviretice.cz\\\/okoli-a-aktivity\\\/\",\"url\":\"https:\\\/\\\/hrncirskydvurzviretice.cz\\\/okoli-a-aktivity\\\/\",\"name\":\"Okol\u00ed a aktivity - Hrn\u010d\u00ed\u0159sk\u00fd dv\u016fr Zv\u00ed\u0159etice\",\"isPartOf\":{\"@id\":\"https:\\\/\\\/hrncirskydvurzviretice.cz\\\/#website\"},\"primaryImageOfPage\":{\"@id\":\"https:\\\/\\\/hrncirskydvurzviretice.cz\\\/okoli-a-aktivity\\\/#primaryimage\"},\"image\":{\"@id\":\"https:\\\/\\\/hrncirskydvurzviretice.cz\\\/okoli-a-aktivity\\\/#primaryimage\"},\"thumbnailUrl\":\"https:\\\/\\\/hrncirskydvurzviretice.cz\\\/wp-content\\\/uploads\\\/2024\\\/06\\\/Zviretice_Hras-1024x768.jpeg\",\"datePublished\":\"2024-05-24T02:25:58+00:00\",\"dateModified\":\"2024-06-04T10:50:21+00:00\",\"breadcrumb\":{\"@id\":\"https:\\\/\\\/hrncirskydvurzviretice.cz\\\/okoli-a-aktivity\\\/#breadcrumb\"},\"inLanguage\":\"de\",\"potentialAction\":[{\"@type\":\"ReadAction\",\"target\":[\"https:\\\/\\\/hrncirskydvurzviretice.cz\\\/okoli-a-aktivity\\\/\"]}]},{\"@type\":\"ImageObject\",\"inLanguage\":\"de\",\"@id\":\"https:\\\/\\\/hrncirskydvurzviretice.cz\\\/okoli-a-aktivity\\\/#primaryimage\",\"url\":\"https:\\\/\\\/hrncirskydvurzviretice.cz\\\/wp-content\\\/uploads\\\/2024\\\/06\\\/Zviretice_Hras-1024x768.jpeg\",\"contentUrl\":\"https:\\\/\\\/hrncirskydvurzviretice.cz\\\/wp-content\\\/uploads\\\/2024\\\/06\\\/Zviretice_Hras-1024x768.jpeg\"},{\"@type\":\"BreadcrumbList\",\"@id\":\"https:\\\/\\\/hrncirskydvurzviretice.cz\\\/okoli-a-aktivity\\\/#breadcrumb\",\"itemListElement\":[{\"@type\":\"ListItem\",\"position\":1,\"name\":\"Dom\u016f\",\"item\":\"https:\\\/\\\/hrncirskydvurzviretice.cz\\\/\"},{\"@type\":\"ListItem\",\"position\":2,\"name\":\"Okol\u00ed a aktivity\"}]},{\"@type\":\"WebSite\",\"@id\":\"https:\\\/\\\/hrncirskydvurzviretice.cz\\\/#website\",\"url\":\"https:\\\/\\\/hrncirskydvurzviretice.cz\\\/\",\"name\":\"Hrn\u010d\u00ed\u0159sk\u00fd dv\u016fr Zv\u00ed\u0159etice\",\"description\":\"\",\"potentialAction\":[{\"@type\":\"SearchAction\",\"target\":{\"@type\":\"EntryPoint\",\"urlTemplate\":\"https:\\\/\\\/hrncirskydvurzviretice.cz\\\/?s={search_term_string}\"},\"query-input\":{\"@type\":\"PropertyValueSpecification\",\"valueRequired\":true,\"valueName\":\"search_term_string\"}}],\"inLanguage\":\"de\"}]}<\/script>\n<!-- \/ Yoast SEO plugin. -->","yoast_head_json":{"title":"Okol\u00ed a aktivity - Hrn\u010d\u00ed\u0159sk\u00fd dv\u016fr Zv\u00ed\u0159etice","robots":{"index":"index","follow":"follow","max-snippet":"max-snippet:-1","max-image-preview":"max-image-preview:large","max-video-preview":"max-video-preview:-1"},"canonical":"https:\/\/hrncirskydvurzviretice.cz\/de\/okoli-a-aktivity\/","og_locale":"de_DE","og_type":"article","og_title":"Okol\u00ed a aktivity - Hrn\u010d\u00ed\u0159sk\u00fd dv\u016fr Zv\u00ed\u0159etice","og_description":"V okol\u00ed je cel\u00e1 \u0159ada obl\u00edben\u00fdch v\u00fdletn\u00edch m\u00edst: hrady Zv\u00ed\u0159etice, Vale\u010dov, Michalovick\u00e1 Putna, Houska, Bezd\u011bz a Kost, z\u00e1mky Mnichovo Hradi\u0161t\u011b, Sychrov, Humprecht. Atraktivn\u00ed jsou v\u00fdlety za lidov\u00fdmi stavbami kraje, k\u00a0M\u00e1chovu jezeru, do l\u00e1zn\u00ed Sedmihorek, Kom\u00e1rova, skaln\u00edch m\u011bste\u010dek Dr\u00e1bsk\u00e9 sv\u011btni\u010dky a\u00a0P\u0159\u00edhrazsk\u00e9 sk\u00e1ly. V\u00a0Hrn\u010d\u00ed\u0159sk\u00e9m dvo\u0159e je pro V\u00e1s p\u0159ipraveno 10 polodenn\u00edch a 10 celodenn\u00edch v\u00fdlet\u016f, sestaven\u00fdch zvl\u00e1\u0161\u0165 [&hellip;]","og_url":"https:\/\/hrncirskydvurzviretice.cz\/de\/okoli-a-aktivity\/","og_site_name":"Hrn\u010d\u00ed\u0159sk\u00fd dv\u016fr Zv\u00ed\u0159etice","article_modified_time":"2024-06-04T10:50:21+00:00","og_image":[{"url":"https:\/\/hrncirskydvurzviretice.cz\/wp-content\/uploads\/2024\/06\/Zviretice_Hras-1024x768.jpeg","type":"","width":"","height":""}],"twitter_card":"summary_large_image","twitter_misc":{"Gesch\u00e4tzte Lesezeit":"1\u00a0Minute"},"schema":{"@context":"https:\/\/schema.org","@graph":[{"@type":"WebPage","@id":"https:\/\/hrncirskydvurzviretice.cz\/okoli-a-aktivity\/","url":"https:\/\/hrncirskydvurzviretice.cz\/okoli-a-aktivity\/","name":"Okol\u00ed a aktivity - Hrn\u010d\u00ed\u0159sk\u00fd dv\u016fr Zv\u00ed\u0159etice","isPartOf":{"@id":"https:\/\/hrncirskydvurzviretice.cz\/#website"},"primaryImageOfPage":{"@id":"https:\/\/hrncirskydvurzviretice.cz\/okoli-a-aktivity\/#primaryimage"},"image":{"@id":"https:\/\/hrncirskydvurzviretice.cz\/okoli-a-aktivity\/#primaryimage"},"thumbnailUrl":"https:\/\/hrncirskydvurzviretice.cz\/wp-content\/uploads\/2024\/06\/Zviretice_Hras-1024x768.jpeg","datePublished":"2024-05-24T02:25:58+00:00","dateModified":"2024-06-04T10:50:21+00:00","breadcrumb":{"@id":"https:\/\/hrncirskydvurzviretice.cz\/okoli-a-aktivity\/#breadcrumb"},"inLanguage":"de","potentialAction":[{"@type":"ReadAction","target":["https:\/\/hrncirskydvurzviretice.cz\/okoli-a-aktivity\/"]}]},{"@type":"ImageObject","inLanguage":"de","@id":"https:\/\/hrncirskydvurzviretice.cz\/okoli-a-aktivity\/#primaryimage","url":"https:\/\/hrncirskydvurzviretice.cz\/wp-content\/uploads\/2024\/06\/Zviretice_Hras-1024x768.jpeg","contentUrl":"https:\/\/hrncirskydvurzviretice.cz\/wp-content\/uploads\/2024\/06\/Zviretice_Hras-1024x768.jpeg"},{"@type":"BreadcrumbList","@id":"https:\/\/hrncirskydvurzviretice.cz\/okoli-a-aktivity\/#breadcrumb","itemListElement":[{"@type":"ListItem","position":1,"name":"Dom\u016f","item":"https:\/\/hrncirskydvurzviretice.cz\/"},{"@type":"ListItem","position":2,"name":"Okol\u00ed a aktivity"}]},{"@type":"WebSite","@id":"https:\/\/hrncirskydvurzviretice.cz\/#website","url":"https:\/\/hrncirskydvurzviretice.cz\/","name":"T\u00f6pferhof Zv\u00ed\u0159etice","description":"","potentialAction":[{"@type":"SearchAction","target":{"@type":"EntryPoint","urlTemplate":"https:\/\/hrncirskydvurzviretice.cz\/?s={search_term_string}"},"query-input":{"@type":"PropertyValueSpecification","valueRequired":true,"valueName":"search_term_string"}}],"inLanguage":"de"}]}},"uagb_featured_image_src":{"full":false,"thumbnail":false,"medium":false,"medium_large":false,"large":false,"1536x1536":false,"2048x2048":false,"trp-custom-language-flag":false},"uagb_author_info":{"display_name":"admin","author_link":"https:\/\/hrncirskydvurzviretice.cz\/de\/author\/jkriz\/"},"uagb_comment_info":0,"uagb_excerpt":"V okol\u00ed je cel\u00e1 \u0159ada obl\u00edben\u00fdch v\u00fdletn\u00edch m\u00edst: hrady Zv\u00ed\u0159etice, Vale\u010dov, Michalovick\u00e1 Putna, Houska, Bezd\u011bz a Kost, z\u00e1mky Mnichovo Hradi\u0161t\u011b, Sychrov, Humprecht. Atraktivn\u00ed jsou v\u00fdlety za lidov\u00fdmi stavbami kraje, k\u00a0M\u00e1chovu jezeru, do l\u00e1zn\u00ed Sedmihorek, Kom\u00e1rova, skaln\u00edch m\u011bste\u010dek Dr\u00e1bsk\u00e9 sv\u011btni\u010dky a\u00a0P\u0159\u00edhrazsk\u00e9 sk\u00e1ly. V\u00a0Hrn\u010d\u00ed\u0159sk\u00e9m dvo\u0159e je pro V\u00e1s p\u0159ipraveno 10 polodenn\u00edch a 10 celodenn\u00edch v\u00fdlet\u016f, sestaven\u00fdch zvl\u00e1\u0161\u0165&hellip;","jetpack_sharing_enabled":true,"_links":{"self":[{"href":"https:\/\/hrncirskydvurzviretice.cz\/de\/wp-json\/wp\/v2\/pages\/1402","targetHints":{"allow":["GET"]}}],"collection":[{"href":"https:\/\/hrncirskydvurzviretice.cz\/de\/wp-json\/wp\/v2\/pages"}],"about":[{"href":"https:\/\/hrncirskydvurzviretice.cz\/de\/wp-json\/wp\/v2\/types\/page"}],"author":[{"embeddable":true,"href":"https:\/\/hrncirskydvurzviretice.cz\/de\/wp-json\/wp\/v2\/users\/1"}],"replies":[{"embeddable":true,"href":"https:\/\/hrncirskydvurzviretice.cz\/de\/wp-json\/wp\/v2\/comments?post=1402"}],"version-history":[{"count":4,"href":"https:\/\/hrncirskydvurzviretice.cz\/de\/wp-json\/wp\/v2\/pages\/1402\/revisions"}],"predecessor-version":[{"id":1596,"href":"https:\/\/hrncirskydvurzviretice.cz\/de\/wp-json\/wp\/v2\/pages\/1402\/revisions\/1596"}],"wp:attachment":[{"href":"https:\/\/hrncirskydvurzviretice.cz\/de\/wp-json\/wp\/v2\/media?parent=1402"}],"curies":[{"name":"wp","href":"https:\/\/api.w.org\/{rel}","templated":true}]}}