{"id":1397,"date":"2024-05-24T02:24:48","date_gmt":"2024-05-24T02:24:48","guid":{"rendered":"https:\/\/upbeat-ritchie.109-205-182-233.plesk.page\/?page_id=1397"},"modified":"2025-06-23T18:23:58","modified_gmt":"2025-06-23T16:23:58","slug":"obcerstveni","status":"publish","type":"page","link":"https:\/\/hrncirskydvurzviretice.cz\/de\/obcerstveni\/","title":{"rendered":"Erfrischungen"},"content":{"rendered":"<p>Na Hrn\u010d\u00ed\u0159sk\u00e9m dvo\u0159e naleznete i malou kav\u00e1rni\u010dku s cukr\u00e1rnou, kde pro v\u00e1s chyst\u00e1me s l\u00e1skou na\u0161e z\u00e1kusky. M\u016f\u017eete si u n\u00e1s d\u00e1t osv\u011b\u017euj\u00edc\u00ed n\u00e1poj, koupit si ke k\u00e1v\u011b zmrzlinu, nebo si dop\u0159\u00e1t lahodn\u00e9 dort\u00edky, kter\u00e9 pro v\u00e1s s radost\u00ed pe\u010deme. Dop\u0159ejte si b\u011bhem odpo\u010dinku u n\u00e1s tak\u00e9 gastronomick\u00fd z\u00e1\u017eitek. Kav\u00e1rna je otev\u0159ena v\u017edy spole\u010dn\u011b s prodejnou. <\/p>\n\n\n\n<p>Venkovn\u00ed gril je otev\u0159en p\u0159i akc\u00edch a o tepl\u00fdch v\u00edkendech.<\/p>\n\n\n\n<figure class=\"wp-block-gallery has-nested-images columns-default is-cropped wp-block-gallery-1 is-layout-flex wp-block-gallery-is-layout-flex\">\n<figure class=\"wp-block-image alignwide size-large\"><img loading=\"lazy\" decoding=\"async\" width=\"683\" height=\"1024\" data-id=\"1854\" src=\"https:\/\/hrncirskydvurzviretice.cz\/wp-content\/uploads\/2024\/09\/JIT_0029-kopie-2-2-683x1024.jpg\" alt=\"\" class=\"wp-image-1854\" srcset=\"https:\/\/hrncirskydvurzviretice.cz\/wp-content\/uploads\/2024\/09\/JIT_0029-kopie-2-2-683x1024.jpg 683w, https:\/\/hrncirskydvurzviretice.cz\/wp-content\/uploads\/2024\/09\/JIT_0029-kopie-2-2-200x300.jpg 200w, https:\/\/hrncirskydvurzviretice.cz\/wp-content\/uploads\/2024\/09\/JIT_0029-kopie-2-2-768x1152.jpg 768w, https:\/\/hrncirskydvurzviretice.cz\/wp-content\/uploads\/2024\/09\/JIT_0029-kopie-2-2.jpg 1000w\" sizes=\"auto, (max-width: 683px) 100vw, 683px\" \/><\/figure>\n\n\n\n<figure class=\"wp-block-image size-large\"><img loading=\"lazy\" decoding=\"async\" width=\"683\" height=\"1024\" data-id=\"2599\" src=\"https:\/\/hrncirskydvurzviretice.cz\/wp-content\/uploads\/2025\/06\/JIT_9974-1-683x1024.jpg\" alt=\"\" class=\"wp-image-2599\" srcset=\"https:\/\/hrncirskydvurzviretice.cz\/wp-content\/uploads\/2025\/06\/JIT_9974-1-683x1024.jpg 683w, https:\/\/hrncirskydvurzviretice.cz\/wp-content\/uploads\/2025\/06\/JIT_9974-1-200x300.jpg 200w, https:\/\/hrncirskydvurzviretice.cz\/wp-content\/uploads\/2025\/06\/JIT_9974-1-768x1152.jpg 768w, https:\/\/hrncirskydvurzviretice.cz\/wp-content\/uploads\/2025\/06\/JIT_9974-1-1024x1536.jpg 1024w, https:\/\/hrncirskydvurzviretice.cz\/wp-content\/uploads\/2025\/06\/JIT_9974-1-1365x2048.jpg 1365w, https:\/\/hrncirskydvurzviretice.cz\/wp-content\/uploads\/2025\/06\/JIT_9974-1-scaled.jpg 1707w\" sizes=\"auto, (max-width: 683px) 100vw, 683px\" \/><\/figure>\n\n\n\n<figure class=\"wp-block-image size-large\"><img loading=\"lazy\" decoding=\"async\" width=\"683\" height=\"1024\" data-id=\"2600\" src=\"https:\/\/hrncirskydvurzviretice.cz\/wp-content\/uploads\/2025\/06\/JIT_0009-kopie-2-683x1024.jpg\" alt=\"\" class=\"wp-image-2600\" srcset=\"https:\/\/hrncirskydvurzviretice.cz\/wp-content\/uploads\/2025\/06\/JIT_0009-kopie-2-683x1024.jpg 683w, https:\/\/hrncirskydvurzviretice.cz\/wp-content\/uploads\/2025\/06\/JIT_0009-kopie-2-200x300.jpg 200w, https:\/\/hrncirskydvurzviretice.cz\/wp-content\/uploads\/2025\/06\/JIT_0009-kopie-2-768x1152.jpg 768w, https:\/\/hrncirskydvurzviretice.cz\/wp-content\/uploads\/2025\/06\/JIT_0009-kopie-2-1024x1536.jpg 1024w, https:\/\/hrncirskydvurzviretice.cz\/wp-content\/uploads\/2025\/06\/JIT_0009-kopie-2-1365x2048.jpg 1365w, https:\/\/hrncirskydvurzviretice.cz\/wp-content\/uploads\/2025\/06\/JIT_0009-kopie-2-scaled.jpg 1707w\" sizes=\"auto, (max-width: 683px) 100vw, 683px\" \/><\/figure>\n<\/figure>\n\n\n\n<figure class=\"wp-block-image size-large is-resized\"><img loading=\"lazy\" decoding=\"async\" width=\"684\" height=\"456\" src=\"https:\/\/hrncirskydvurzviretice.cz\/wp-content\/uploads\/2025\/06\/JIT_6153-1.jpg\" alt=\"\" class=\"wp-image-2595\" style=\"width:1200px;height:auto\" srcset=\"https:\/\/hrncirskydvurzviretice.cz\/wp-content\/uploads\/2025\/06\/JIT_6153-1.jpg 684w, https:\/\/hrncirskydvurzviretice.cz\/wp-content\/uploads\/2025\/06\/JIT_6153-1-300x200.jpg 300w\" sizes=\"auto, (max-width: 684px) 100vw, 684px\" \/><\/figure>\n\n\n\n<figure class=\"wp-block-image size-large is-resized\"><img loading=\"lazy\" decoding=\"async\" width=\"684\" height=\"456\" src=\"https:\/\/hrncirskydvurzviretice.cz\/wp-content\/uploads\/2025\/06\/JIT_6394-2.jpg\" alt=\"\" class=\"wp-image-2596\" style=\"width:1200px;height:auto\" srcset=\"https:\/\/hrncirskydvurzviretice.cz\/wp-content\/uploads\/2025\/06\/JIT_6394-2.jpg 684w, https:\/\/hrncirskydvurzviretice.cz\/wp-content\/uploads\/2025\/06\/JIT_6394-2-300x200.jpg 300w\" sizes=\"auto, (max-width: 684px) 100vw, 684px\" \/><\/figure>\n\n\n\n<figure class=\"wp-block-image size-large is-resized\"><img loading=\"lazy\" decoding=\"async\" width=\"689\" height=\"460\" src=\"https:\/\/hrncirskydvurzviretice.cz\/wp-content\/uploads\/2025\/06\/JIT_0241-1.jpg\" alt=\"\" class=\"wp-image-2594\" style=\"width:1200px;height:auto\" srcset=\"https:\/\/hrncirskydvurzviretice.cz\/wp-content\/uploads\/2025\/06\/JIT_0241-1.jpg 689w, https:\/\/hrncirskydvurzviretice.cz\/wp-content\/uploads\/2025\/06\/JIT_0241-1-300x200.jpg 300w\" sizes=\"auto, (max-width: 689px) 100vw, 689px\" \/><\/figure>\n\n\n\n<figure class=\"wp-block-gallery has-nested-images columns-default is-cropped wp-block-gallery-2 is-layout-flex wp-block-gallery-is-layout-flex\">\n<figure class=\"wp-block-image size-large\"><img loading=\"lazy\" decoding=\"async\" width=\"683\" height=\"1024\" data-id=\"2598\" src=\"https:\/\/hrncirskydvurzviretice.cz\/wp-content\/uploads\/2025\/06\/JIT_0011-kopie-1-683x1024.jpg\" alt=\"\" class=\"wp-image-2598\" srcset=\"https:\/\/hrncirskydvurzviretice.cz\/wp-content\/uploads\/2025\/06\/JIT_0011-kopie-1-683x1024.jpg 683w, https:\/\/hrncirskydvurzviretice.cz\/wp-content\/uploads\/2025\/06\/JIT_0011-kopie-1-200x300.jpg 200w, https:\/\/hrncirskydvurzviretice.cz\/wp-content\/uploads\/2025\/06\/JIT_0011-kopie-1-768x1152.jpg 768w, https:\/\/hrncirskydvurzviretice.cz\/wp-content\/uploads\/2025\/06\/JIT_0011-kopie-1-1024x1536.jpg 1024w, https:\/\/hrncirskydvurzviretice.cz\/wp-content\/uploads\/2025\/06\/JIT_0011-kopie-1-1365x2048.jpg 1365w, https:\/\/hrncirskydvurzviretice.cz\/wp-content\/uploads\/2025\/06\/JIT_0011-kopie-1-scaled.jpg 1707w\" sizes=\"auto, (max-width: 683px) 100vw, 683px\" \/><\/figure>\n\n\n\n<figure class=\"wp-block-image size-large\"><img loading=\"lazy\" decoding=\"async\" width=\"768\" height=\"1024\" data-id=\"2597\" src=\"https:\/\/hrncirskydvurzviretice.cz\/wp-content\/uploads\/2025\/06\/Obrazek-WhatsApp-2025-05-08-v-14.16.45_0add71fe-1.jpg\" alt=\"\" class=\"wp-image-2597\" srcset=\"https:\/\/hrncirskydvurzviretice.cz\/wp-content\/uploads\/2025\/06\/Obrazek-WhatsApp-2025-05-08-v-14.16.45_0add71fe-1.jpg 768w, https:\/\/hrncirskydvurzviretice.cz\/wp-content\/uploads\/2025\/06\/Obrazek-WhatsApp-2025-05-08-v-14.16.45_0add71fe-1-225x300.jpg 225w\" sizes=\"auto, (max-width: 768px) 100vw, 768px\" \/><\/figure>\n\n\n\n<figure class=\"wp-block-image size-large\"><img loading=\"lazy\" decoding=\"async\" width=\"600\" height=\"800\" data-id=\"2593\" src=\"https:\/\/hrncirskydvurzviretice.cz\/wp-content\/uploads\/2025\/06\/IMG-20250509-WA0011-1.jpg\" alt=\"\" class=\"wp-image-2593\" srcset=\"https:\/\/hrncirskydvurzviretice.cz\/wp-content\/uploads\/2025\/06\/IMG-20250509-WA0011-1.jpg 600w, https:\/\/hrncirskydvurzviretice.cz\/wp-content\/uploads\/2025\/06\/IMG-20250509-WA0011-1-225x300.jpg 225w\" sizes=\"auto, (max-width: 600px) 100vw, 600px\" \/><\/figure>\n\n\n\n<figure class=\"wp-block-image size-large\"><img loading=\"lazy\" decoding=\"async\" width=\"660\" height=\"990\" data-id=\"2633\" src=\"https:\/\/hrncirskydvurzviretice.cz\/wp-content\/uploads\/2025\/06\/JIT_2496-1.jpg\" alt=\"\" class=\"wp-image-2633\" srcset=\"https:\/\/hrncirskydvurzviretice.cz\/wp-content\/uploads\/2025\/06\/JIT_2496-1.jpg 660w, https:\/\/hrncirskydvurzviretice.cz\/wp-content\/uploads\/2025\/06\/JIT_2496-1-200x300.jpg 200w\" sizes=\"auto, (max-width: 660px) 100vw, 660px\" \/><\/figure>\n\n\n\n<figure class=\"wp-block-image size-large\"><img loading=\"lazy\" decoding=\"async\" width=\"660\" height=\"990\" data-id=\"2635\" src=\"https:\/\/hrncirskydvurzviretice.cz\/wp-content\/uploads\/2025\/06\/JIT_0781-1.jpg\" alt=\"\" class=\"wp-image-2635\" srcset=\"https:\/\/hrncirskydvurzviretice.cz\/wp-content\/uploads\/2025\/06\/JIT_0781-1.jpg 660w, https:\/\/hrncirskydvurzviretice.cz\/wp-content\/uploads\/2025\/06\/JIT_0781-1-200x300.jpg 200w\" sizes=\"auto, (max-width: 660px) 100vw, 660px\" \/><\/figure>\n\n\n\n<figure class=\"wp-block-image size-large\"><img loading=\"lazy\" decoding=\"async\" width=\"660\" height=\"990\" data-id=\"2634\" src=\"https:\/\/hrncirskydvurzviretice.cz\/wp-content\/uploads\/2025\/06\/JIT_2493.jpg\" alt=\"\" class=\"wp-image-2634\" srcset=\"https:\/\/hrncirskydvurzviretice.cz\/wp-content\/uploads\/2025\/06\/JIT_2493.jpg 660w, https:\/\/hrncirskydvurzviretice.cz\/wp-content\/uploads\/2025\/06\/JIT_2493-200x300.jpg 200w\" sizes=\"auto, (max-width: 660px) 100vw, 660px\" \/><\/figure>\n\n\n\n<figure class=\"wp-block-image size-large\"><img loading=\"lazy\" decoding=\"async\" width=\"1024\" height=\"683\" data-id=\"2602\" src=\"https:\/\/hrncirskydvurzviretice.cz\/wp-content\/uploads\/2025\/06\/JIT_0042-kopie-1-1024x683.jpg\" alt=\"\" class=\"wp-image-2602\" srcset=\"https:\/\/hrncirskydvurzviretice.cz\/wp-content\/uploads\/2025\/06\/JIT_0042-kopie-1-1024x683.jpg 1024w, https:\/\/hrncirskydvurzviretice.cz\/wp-content\/uploads\/2025\/06\/JIT_0042-kopie-1-300x200.jpg 300w, https:\/\/hrncirskydvurzviretice.cz\/wp-content\/uploads\/2025\/06\/JIT_0042-kopie-1-768x512.jpg 768w, https:\/\/hrncirskydvurzviretice.cz\/wp-content\/uploads\/2025\/06\/JIT_0042-kopie-1.jpg 1440w\" sizes=\"auto, (max-width: 1024px) 100vw, 1024px\" \/><\/figure>\n\n\n\n<figure class=\"wp-block-image size-large\"><img loading=\"lazy\" decoding=\"async\" width=\"1024\" height=\"682\" data-id=\"2603\" src=\"https:\/\/hrncirskydvurzviretice.cz\/wp-content\/uploads\/2025\/06\/JIT_0075-kopie-1-1024x682.jpg\" alt=\"\" class=\"wp-image-2603\" srcset=\"https:\/\/hrncirskydvurzviretice.cz\/wp-content\/uploads\/2025\/06\/JIT_0075-kopie-1-1024x682.jpg 1024w, https:\/\/hrncirskydvurzviretice.cz\/wp-content\/uploads\/2025\/06\/JIT_0075-kopie-1-300x200.jpg 300w, https:\/\/hrncirskydvurzviretice.cz\/wp-content\/uploads\/2025\/06\/JIT_0075-kopie-1-768x512.jpg 768w, https:\/\/hrncirskydvurzviretice.cz\/wp-content\/uploads\/2025\/06\/JIT_0075-kopie-1.jpg 1250w\" sizes=\"auto, (max-width: 1024px) 100vw, 1024px\" \/><\/figure>\n<\/figure>\n\n\n\n<p><\/p>","protected":false},"excerpt":{"rendered":"<p>Na Hrn\u010d\u00ed\u0159sk\u00e9m dvo\u0159e naleznete i malou kav\u00e1rni\u010dku s cukr\u00e1rnou, kde pro v\u00e1s chyst\u00e1me s l\u00e1skou na\u0161e z\u00e1kusky. M\u016f\u017eete si u n\u00e1s d\u00e1t osv\u011b\u017euj\u00edc\u00ed n\u00e1poj, koupit si ke k\u00e1v\u011b zmrzlinu, nebo si dop\u0159\u00e1t lahodn\u00e9 dort\u00edky, kter\u00e9 pro v\u00e1s s radost\u00ed pe\u010deme. Dop\u0159ejte si b\u011bhem odpo\u010dinku u n\u00e1s tak\u00e9 gastronomick\u00fd z\u00e1\u017eitek. Kav\u00e1rna je otev\u0159ena v\u017edy spole\u010dn\u011b s [&hellip;]<\/p>","protected":false},"author":1,"featured_media":0,"parent":0,"menu_order":0,"comment_status":"closed","ping_status":"closed","template":"","meta":{"_uag_custom_page_level_css":"","site-sidebar-layout":"default","site-content-layout":"","ast-site-content-layout":"default","site-content-style":"default","site-sidebar-style":"default","ast-global-header-display":"","ast-banner-title-visibility":"","ast-main-header-display":"","ast-hfb-above-header-display":"","ast-hfb-below-header-display":"","ast-hfb-mobile-header-display":"","site-post-title":"","ast-breadcrumbs-content":"","ast-featured-img":"","footer-sml-layout":"","theme-transparent-header-meta":"","adv-header-id-meta":"","stick-header-meta":"","header-above-stick-meta":"","header-main-stick-meta":"","header-below-stick-meta":"","astra-migrate-meta-layouts":"set","ast-page-background-enabled":"default","ast-page-background-meta":{"desktop":{"background-color":"","background-image":"","background-repeat":"repeat","background-position":"center center","background-size":"auto","background-attachment":"scroll","background-type":"","background-media":"","overlay-type":"","overlay-color":"","overlay-opacity":"","overlay-gradient":""},"tablet":{"background-color":"","background-image":"","background-repeat":"repeat","background-position":"center center","background-size":"auto","background-attachment":"scroll","background-type":"","background-media":"","overlay-type":"","overlay-color":"","overlay-opacity":"","overlay-gradient":""},"mobile":{"background-color":"","background-image":"","background-repeat":"repeat","background-position":"center center","background-size":"auto","background-attachment":"scroll","background-type":"","background-media":"","overlay-type":"","overlay-color":"","overlay-opacity":"","overlay-gradient":""}},"ast-content-background-meta":{"desktop":{"background-color":"var(--ast-global-color-5)","background-image":"","background-repeat":"repeat","background-position":"center center","background-size":"auto","background-attachment":"scroll","background-type":"","background-media":"","overlay-type":"","overlay-color":"","overlay-opacity":"","overlay-gradient":""},"tablet":{"background-color":"var(--ast-global-color-5)","background-image":"","background-repeat":"repeat","background-position":"center center","background-size":"auto","background-attachment":"scroll","background-type":"","background-media":"","overlay-type":"","overlay-color":"","overlay-opacity":"","overlay-gradient":""},"mobile":{"background-color":"var(--ast-global-color-5)","background-image":"","background-repeat":"repeat","background-position":"center center","background-size":"auto","background-attachment":"scroll","background-type":"","background-media":"","overlay-type":"","overlay-color":"","overlay-opacity":"","overlay-gradient":""}},"footnotes":""},"class_list":["post-1397","page","type-page","status-publish","hentry"],"yoast_head":"<!-- This site is optimized with the Yoast SEO plugin v27.4 - https:\/\/yoast.com\/product\/yoast-seo-wordpress\/ -->\n<title>Ob\u010derstven\u00ed - Hrn\u010d\u00ed\u0159sk\u00fd dv\u016fr Zv\u00ed\u0159etice<\/title>\n<meta name=\"robots\" content=\"index, follow, max-snippet:-1, max-image-preview:large, max-video-preview:-1\" \/>\n<link rel=\"canonical\" href=\"https:\/\/hrncirskydvurzviretice.cz\/de\/obcerstveni\/\" \/>\n<meta property=\"og:locale\" content=\"de_DE\" \/>\n<meta property=\"og:type\" content=\"article\" \/>\n<meta property=\"og:title\" content=\"Ob\u010derstven\u00ed - Hrn\u010d\u00ed\u0159sk\u00fd dv\u016fr Zv\u00ed\u0159etice\" \/>\n<meta property=\"og:description\" content=\"Na Hrn\u010d\u00ed\u0159sk\u00e9m dvo\u0159e naleznete i malou kav\u00e1rni\u010dku s cukr\u00e1rnou, kde pro v\u00e1s chyst\u00e1me s l\u00e1skou na\u0161e z\u00e1kusky. M\u016f\u017eete si u n\u00e1s d\u00e1t osv\u011b\u017euj\u00edc\u00ed n\u00e1poj, koupit si ke k\u00e1v\u011b zmrzlinu, nebo si dop\u0159\u00e1t lahodn\u00e9 dort\u00edky, kter\u00e9 pro v\u00e1s s radost\u00ed pe\u010deme. Dop\u0159ejte si b\u011bhem odpo\u010dinku u n\u00e1s tak\u00e9 gastronomick\u00fd z\u00e1\u017eitek. Kav\u00e1rna je otev\u0159ena v\u017edy spole\u010dn\u011b s [&hellip;]\" \/>\n<meta property=\"og:url\" content=\"https:\/\/hrncirskydvurzviretice.cz\/de\/obcerstveni\/\" \/>\n<meta property=\"og:site_name\" content=\"Hrn\u010d\u00ed\u0159sk\u00fd dv\u016fr Zv\u00ed\u0159etice\" \/>\n<meta property=\"article:modified_time\" content=\"2025-06-23T16:23:58+00:00\" \/>\n<meta property=\"og:image\" content=\"https:\/\/hrncirskydvurzviretice.cz\/wp-content\/uploads\/2024\/09\/JIT_0029-kopie-2-2.jpg\" \/>\n\t<meta property=\"og:image:width\" content=\"1000\" \/>\n\t<meta property=\"og:image:height\" content=\"1500\" \/>\n\t<meta property=\"og:image:type\" content=\"image\/jpeg\" \/>\n<meta name=\"twitter:card\" content=\"summary_large_image\" \/>\n<meta name=\"twitter:label1\" content=\"Gesch\u00e4tzte Lesezeit\" \/>\n\t<meta name=\"twitter:data1\" content=\"4\u00a0Minuten\" \/>\n<script type=\"application\/ld+json\" class=\"yoast-schema-graph\">{\"@context\":\"https:\\\/\\\/schema.org\",\"@graph\":[{\"@type\":\"WebPage\",\"@id\":\"https:\\\/\\\/hrncirskydvurzviretice.cz\\\/obcerstveni\\\/\",\"url\":\"https:\\\/\\\/hrncirskydvurzviretice.cz\\\/obcerstveni\\\/\",\"name\":\"Ob\u010derstven\u00ed - Hrn\u010d\u00ed\u0159sk\u00fd dv\u016fr Zv\u00ed\u0159etice\",\"isPartOf\":{\"@id\":\"https:\\\/\\\/hrncirskydvurzviretice.cz\\\/#website\"},\"primaryImageOfPage\":{\"@id\":\"https:\\\/\\\/hrncirskydvurzviretice.cz\\\/obcerstveni\\\/#primaryimage\"},\"image\":{\"@id\":\"https:\\\/\\\/hrncirskydvurzviretice.cz\\\/obcerstveni\\\/#primaryimage\"},\"thumbnailUrl\":\"https:\\\/\\\/hrncirskydvurzviretice.cz\\\/wp-content\\\/uploads\\\/2024\\\/09\\\/JIT_0029-kopie-2-2-683x1024.jpg\",\"datePublished\":\"2024-05-24T02:24:48+00:00\",\"dateModified\":\"2025-06-23T16:23:58+00:00\",\"breadcrumb\":{\"@id\":\"https:\\\/\\\/hrncirskydvurzviretice.cz\\\/obcerstveni\\\/#breadcrumb\"},\"inLanguage\":\"de\",\"potentialAction\":[{\"@type\":\"ReadAction\",\"target\":[\"https:\\\/\\\/hrncirskydvurzviretice.cz\\\/obcerstveni\\\/\"]}]},{\"@type\":\"ImageObject\",\"inLanguage\":\"de\",\"@id\":\"https:\\\/\\\/hrncirskydvurzviretice.cz\\\/obcerstveni\\\/#primaryimage\",\"url\":\"https:\\\/\\\/hrncirskydvurzviretice.cz\\\/wp-content\\\/uploads\\\/2024\\\/09\\\/JIT_0029-kopie-2-2-683x1024.jpg\",\"contentUrl\":\"https:\\\/\\\/hrncirskydvurzviretice.cz\\\/wp-content\\\/uploads\\\/2024\\\/09\\\/JIT_0029-kopie-2-2-683x1024.jpg\"},{\"@type\":\"BreadcrumbList\",\"@id\":\"https:\\\/\\\/hrncirskydvurzviretice.cz\\\/obcerstveni\\\/#breadcrumb\",\"itemListElement\":[{\"@type\":\"ListItem\",\"position\":1,\"name\":\"Dom\u016f\",\"item\":\"https:\\\/\\\/hrncirskydvurzviretice.cz\\\/\"},{\"@type\":\"ListItem\",\"position\":2,\"name\":\"Ob\u010derstven\u00ed\"}]},{\"@type\":\"WebSite\",\"@id\":\"https:\\\/\\\/hrncirskydvurzviretice.cz\\\/#website\",\"url\":\"https:\\\/\\\/hrncirskydvurzviretice.cz\\\/\",\"name\":\"Hrn\u010d\u00ed\u0159sk\u00fd dv\u016fr Zv\u00ed\u0159etice\",\"description\":\"\",\"potentialAction\":[{\"@type\":\"SearchAction\",\"target\":{\"@type\":\"EntryPoint\",\"urlTemplate\":\"https:\\\/\\\/hrncirskydvurzviretice.cz\\\/?s={search_term_string}\"},\"query-input\":{\"@type\":\"PropertyValueSpecification\",\"valueRequired\":true,\"valueName\":\"search_term_string\"}}],\"inLanguage\":\"de\"}]}<\/script>\n<!-- \/ Yoast SEO plugin. -->","yoast_head_json":{"title":"Ob\u010derstven\u00ed - Hrn\u010d\u00ed\u0159sk\u00fd dv\u016fr Zv\u00ed\u0159etice","robots":{"index":"index","follow":"follow","max-snippet":"max-snippet:-1","max-image-preview":"max-image-preview:large","max-video-preview":"max-video-preview:-1"},"canonical":"https:\/\/hrncirskydvurzviretice.cz\/de\/obcerstveni\/","og_locale":"de_DE","og_type":"article","og_title":"Ob\u010derstven\u00ed - Hrn\u010d\u00ed\u0159sk\u00fd dv\u016fr Zv\u00ed\u0159etice","og_description":"Na Hrn\u010d\u00ed\u0159sk\u00e9m dvo\u0159e naleznete i malou kav\u00e1rni\u010dku s cukr\u00e1rnou, kde pro v\u00e1s chyst\u00e1me s l\u00e1skou na\u0161e z\u00e1kusky. M\u016f\u017eete si u n\u00e1s d\u00e1t osv\u011b\u017euj\u00edc\u00ed n\u00e1poj, koupit si ke k\u00e1v\u011b zmrzlinu, nebo si dop\u0159\u00e1t lahodn\u00e9 dort\u00edky, kter\u00e9 pro v\u00e1s s radost\u00ed pe\u010deme. Dop\u0159ejte si b\u011bhem odpo\u010dinku u n\u00e1s tak\u00e9 gastronomick\u00fd z\u00e1\u017eitek. Kav\u00e1rna je otev\u0159ena v\u017edy spole\u010dn\u011b s [&hellip;]","og_url":"https:\/\/hrncirskydvurzviretice.cz\/de\/obcerstveni\/","og_site_name":"Hrn\u010d\u00ed\u0159sk\u00fd dv\u016fr Zv\u00ed\u0159etice","article_modified_time":"2025-06-23T16:23:58+00:00","og_image":[{"width":1000,"height":1500,"url":"https:\/\/hrncirskydvurzviretice.cz\/wp-content\/uploads\/2024\/09\/JIT_0029-kopie-2-2.jpg","type":"image\/jpeg"}],"twitter_card":"summary_large_image","twitter_misc":{"Gesch\u00e4tzte Lesezeit":"4\u00a0Minuten"},"schema":{"@context":"https:\/\/schema.org","@graph":[{"@type":"WebPage","@id":"https:\/\/hrncirskydvurzviretice.cz\/obcerstveni\/","url":"https:\/\/hrncirskydvurzviretice.cz\/obcerstveni\/","name":"Ob\u010derstven\u00ed - Hrn\u010d\u00ed\u0159sk\u00fd dv\u016fr Zv\u00ed\u0159etice","isPartOf":{"@id":"https:\/\/hrncirskydvurzviretice.cz\/#website"},"primaryImageOfPage":{"@id":"https:\/\/hrncirskydvurzviretice.cz\/obcerstveni\/#primaryimage"},"image":{"@id":"https:\/\/hrncirskydvurzviretice.cz\/obcerstveni\/#primaryimage"},"thumbnailUrl":"https:\/\/hrncirskydvurzviretice.cz\/wp-content\/uploads\/2024\/09\/JIT_0029-kopie-2-2-683x1024.jpg","datePublished":"2024-05-24T02:24:48+00:00","dateModified":"2025-06-23T16:23:58+00:00","breadcrumb":{"@id":"https:\/\/hrncirskydvurzviretice.cz\/obcerstveni\/#breadcrumb"},"inLanguage":"de","potentialAction":[{"@type":"ReadAction","target":["https:\/\/hrncirskydvurzviretice.cz\/obcerstveni\/"]}]},{"@type":"ImageObject","inLanguage":"de","@id":"https:\/\/hrncirskydvurzviretice.cz\/obcerstveni\/#primaryimage","url":"https:\/\/hrncirskydvurzviretice.cz\/wp-content\/uploads\/2024\/09\/JIT_0029-kopie-2-2-683x1024.jpg","contentUrl":"https:\/\/hrncirskydvurzviretice.cz\/wp-content\/uploads\/2024\/09\/JIT_0029-kopie-2-2-683x1024.jpg"},{"@type":"BreadcrumbList","@id":"https:\/\/hrncirskydvurzviretice.cz\/obcerstveni\/#breadcrumb","itemListElement":[{"@type":"ListItem","position":1,"name":"Dom\u016f","item":"https:\/\/hrncirskydvurzviretice.cz\/"},{"@type":"ListItem","position":2,"name":"Ob\u010derstven\u00ed"}]},{"@type":"WebSite","@id":"https:\/\/hrncirskydvurzviretice.cz\/#website","url":"https:\/\/hrncirskydvurzviretice.cz\/","name":"T\u00f6pferhof Zv\u00ed\u0159etice","description":"","potentialAction":[{"@type":"SearchAction","target":{"@type":"EntryPoint","urlTemplate":"https:\/\/hrncirskydvurzviretice.cz\/?s={search_term_string}"},"query-input":{"@type":"PropertyValueSpecification","valueRequired":true,"valueName":"search_term_string"}}],"inLanguage":"de"}]}},"uagb_featured_image_src":{"full":false,"thumbnail":false,"medium":false,"medium_large":false,"large":false,"1536x1536":false,"2048x2048":false,"trp-custom-language-flag":false},"uagb_author_info":{"display_name":"admin","author_link":"https:\/\/hrncirskydvurzviretice.cz\/de\/author\/jkriz\/"},"uagb_comment_info":0,"uagb_excerpt":"Na Hrn\u010d\u00ed\u0159sk\u00e9m dvo\u0159e naleznete i malou kav\u00e1rni\u010dku s cukr\u00e1rnou, kde pro v\u00e1s chyst\u00e1me s l\u00e1skou na\u0161e z\u00e1kusky. M\u016f\u017eete si u n\u00e1s d\u00e1t osv\u011b\u017euj\u00edc\u00ed n\u00e1poj, koupit si ke k\u00e1v\u011b zmrzlinu, nebo si dop\u0159\u00e1t lahodn\u00e9 dort\u00edky, kter\u00e9 pro v\u00e1s s radost\u00ed pe\u010deme. Dop\u0159ejte si b\u011bhem odpo\u010dinku u n\u00e1s tak\u00e9 gastronomick\u00fd z\u00e1\u017eitek. Kav\u00e1rna je otev\u0159ena v\u017edy spole\u010dn\u011b s&hellip;","jetpack_sharing_enabled":true,"_links":{"self":[{"href":"https:\/\/hrncirskydvurzviretice.cz\/de\/wp-json\/wp\/v2\/pages\/1397","targetHints":{"allow":["GET"]}}],"collection":[{"href":"https:\/\/hrncirskydvurzviretice.cz\/de\/wp-json\/wp\/v2\/pages"}],"about":[{"href":"https:\/\/hrncirskydvurzviretice.cz\/de\/wp-json\/wp\/v2\/types\/page"}],"author":[{"embeddable":true,"href":"https:\/\/hrncirskydvurzviretice.cz\/de\/wp-json\/wp\/v2\/users\/1"}],"replies":[{"embeddable":true,"href":"https:\/\/hrncirskydvurzviretice.cz\/de\/wp-json\/wp\/v2\/comments?post=1397"}],"version-history":[{"count":20,"href":"https:\/\/hrncirskydvurzviretice.cz\/de\/wp-json\/wp\/v2\/pages\/1397\/revisions"}],"predecessor-version":[{"id":2636,"href":"https:\/\/hrncirskydvurzviretice.cz\/de\/wp-json\/wp\/v2\/pages\/1397\/revisions\/2636"}],"wp:attachment":[{"href":"https:\/\/hrncirskydvurzviretice.cz\/de\/wp-json\/wp\/v2\/media?parent=1397"}],"curies":[{"name":"wp","href":"https:\/\/api.w.org\/{rel}","templated":true}]}}