{"id":1395,"date":"2024-05-24T02:24:09","date_gmt":"2024-05-24T02:24:09","guid":{"rendered":"https:\/\/upbeat-ritchie.109-205-182-233.plesk.page\/?page_id=1395"},"modified":"2025-04-09T13:41:14","modified_gmt":"2025-04-09T11:41:14","slug":"aktuality","status":"publish","type":"page","link":"https:\/\/hrncirskydvurzviretice.cz\/de\/aktuality\/","title":{"rendered":"Nachrichten"},"content":{"rendered":"<p><strong>Derzeit<\/strong> wir sind offen <strong>am Donnerstag,<\/strong> <strong>am Freitag, Samstag und Sonntag.<\/strong> Bei uns k\u00f6nnen Sie den Komfort genie\u00dfen <strong>von 10 Uhr bis 18 Uhr!<\/strong><\/p>\n\n\n\n<p><\/p>\n\n\n\n<p><strong>Ab Freitag, 11. April<\/strong> - Osterausstellung mit verzierten Lebkuchenh\u00e4usern und Ostereiern (\u00d6ffnungszeiten: Do-So: 10-18 Uhr)<\/p>\n\n\n\n<div class=\"wp-block-uagb-image uagb-block-04cba16e wp-block-uagb-image--layout-default wp-block-uagb-image--effect-static wp-block-uagb-image--align-none\"><figure class=\"wp-block-uagb-image__figure\"><img decoding=\"async\" srcset=\"https:\/\/hrncirskydvurzviretice.cz\/wp-content\/uploads\/2025\/04\/191-ku-1-FOMRA-PERNIK-2-1024x577.jpg ,https:\/\/hrncirskydvurzviretice.cz\/wp-content\/uploads\/2025\/04\/191-ku-1-FOMRA-PERNIK-2.jpg 780w, https:\/\/hrncirskydvurzviretice.cz\/wp-content\/uploads\/2025\/04\/191-ku-1-FOMRA-PERNIK-2.jpg 360w\" sizes=\"auto, (max-width: 480px) 150px\" src=\"https:\/\/hrncirskydvurzviretice.cz\/wp-content\/uploads\/2025\/04\/191-ku-1-FOMRA-PERNIK-2-1024x577.jpg\" alt=\"\" class=\"uag-image-2450\" width=\"2083\" height=\"1173\" title=\"1,91 bis 1 FOMRA PERN\u00cdK-2\" loading=\"lazy\" role=\"img\"\/><\/figure><\/div>\n\n\n\n<p><\/p>\n\n\n\n<p><em><strong>F\u00fcr aktuelle Informationen \u00fcber den t\u00e4glichen Betrieb des T\u00f6pferhofs Zv\u00ed\u0159etice folgen Sie bitte unserer <a href=\"https:\/\/www.facebook.com\/hrncirskydvurzviretice\/\">Facebook<\/a> a <a href=\"https:\/\/www.instagram.com\/hrncirsky_dvurzviretice\/\">Instagram<\/a>. <\/strong><\/em><\/p>\n\n\n\n<p><\/p>\n\n\n\n<figure class=\"wp-block-image size-large\"><img loading=\"lazy\" decoding=\"async\" width=\"1024\" height=\"683\" src=\"https:\/\/hrncirskydvurzviretice.cz\/wp-content\/uploads\/2024\/06\/Furianti2-1024x683.jpeg\" alt=\"\" class=\"wp-image-1567\" srcset=\"https:\/\/hrncirskydvurzviretice.cz\/wp-content\/uploads\/2024\/06\/Furianti2-1024x683.jpeg 1024w, https:\/\/hrncirskydvurzviretice.cz\/wp-content\/uploads\/2024\/06\/Furianti2-300x200.jpeg 300w, https:\/\/hrncirskydvurzviretice.cz\/wp-content\/uploads\/2024\/06\/Furianti2-768x512.jpeg 768w, https:\/\/hrncirskydvurzviretice.cz\/wp-content\/uploads\/2024\/06\/Furianti2-1536x1024.jpeg 1536w, https:\/\/hrncirskydvurzviretice.cz\/wp-content\/uploads\/2024\/06\/Furianti2.jpeg 2048w\" sizes=\"auto, (max-width: 1024px) 100vw, 1024px\" \/><\/figure>\n\n\n\n<p><\/p>\n\n\n\n<p><\/p>","protected":false},"excerpt":{"rendered":"<p>Aktu\u00e1ln\u011b m\u00e1me otev\u0159eno ve \u010dtvrtek, v p\u00e1tek, v sobotu a v ned\u011bli. M\u016f\u017eete si u n\u00e1s u\u017e\u00edt pohodu od 10 do 18 hodin! Od p\u00e1tku 11. dubna &#8211; Velikono\u010dn\u00ed v\u00fdstava zdoben\u00fdch pern\u00edk\u016f a kraslic (v otev\u00edrac\u00ed dob\u011b: \u010ct-Ne: 10-18 hod.) Pro aktu\u00e1ln\u00ed informace k denn\u00edmu provozu Hrn\u010d\u00ed\u0159sk\u00e9ho dvoru Zv\u00ed\u0159etice sledujte n\u00e1\u0161 Facebook a Instagram.<\/p>","protected":false},"author":1,"featured_media":0,"parent":0,"menu_order":0,"comment_status":"closed","ping_status":"closed","template":"","meta":{"_uag_custom_page_level_css":"","site-sidebar-layout":"default","site-content-layout":"","ast-site-content-layout":"default","site-content-style":"default","site-sidebar-style":"default","ast-global-header-display":"","ast-banner-title-visibility":"","ast-main-header-display":"","ast-hfb-above-header-display":"","ast-hfb-below-header-display":"","ast-hfb-mobile-header-display":"","site-post-title":"","ast-breadcrumbs-content":"","ast-featured-img":"","footer-sml-layout":"","theme-transparent-header-meta":"","adv-header-id-meta":"","stick-header-meta":"","header-above-stick-meta":"","header-main-stick-meta":"","header-below-stick-meta":"","astra-migrate-meta-layouts":"set","ast-page-background-enabled":"default","ast-page-background-meta":{"desktop":{"background-color":"","background-image":"","background-repeat":"repeat","background-position":"center center","background-size":"auto","background-attachment":"scroll","background-type":"","background-media":"","overlay-type":"","overlay-color":"","overlay-opacity":"","overlay-gradient":""},"tablet":{"background-color":"","background-image":"","background-repeat":"repeat","background-position":"center center","background-size":"auto","background-attachment":"scroll","background-type":"","background-media":"","overlay-type":"","overlay-color":"","overlay-opacity":"","overlay-gradient":""},"mobile":{"background-color":"","background-image":"","background-repeat":"repeat","background-position":"center center","background-size":"auto","background-attachment":"scroll","background-type":"","background-media":"","overlay-type":"","overlay-color":"","overlay-opacity":"","overlay-gradient":""}},"ast-content-background-meta":{"desktop":{"background-color":"var(--ast-global-color-5)","background-image":"","background-repeat":"repeat","background-position":"center center","background-size":"auto","background-attachment":"scroll","background-type":"","background-media":"","overlay-type":"","overlay-color":"","overlay-opacity":"","overlay-gradient":""},"tablet":{"background-color":"var(--ast-global-color-5)","background-image":"","background-repeat":"repeat","background-position":"center center","background-size":"auto","background-attachment":"scroll","background-type":"","background-media":"","overlay-type":"","overlay-color":"","overlay-opacity":"","overlay-gradient":""},"mobile":{"background-color":"var(--ast-global-color-5)","background-image":"","background-repeat":"repeat","background-position":"center center","background-size":"auto","background-attachment":"scroll","background-type":"","background-media":"","overlay-type":"","overlay-color":"","overlay-opacity":"","overlay-gradient":""}},"footnotes":""},"class_list":["post-1395","page","type-page","status-publish","hentry"],"yoast_head":"<!-- This site is optimized with the Yoast SEO plugin v27.4 - https:\/\/yoast.com\/product\/yoast-seo-wordpress\/ -->\n<title>Aktuality - Hrn\u010d\u00ed\u0159sk\u00fd dv\u016fr Zv\u00ed\u0159etice<\/title>\n<meta name=\"robots\" content=\"index, follow, max-snippet:-1, max-image-preview:large, max-video-preview:-1\" \/>\n<link rel=\"canonical\" href=\"https:\/\/hrncirskydvurzviretice.cz\/de\/aktuality\/\" \/>\n<meta property=\"og:locale\" content=\"de_DE\" \/>\n<meta property=\"og:type\" content=\"article\" \/>\n<meta property=\"og:title\" content=\"Aktuality - Hrn\u010d\u00ed\u0159sk\u00fd dv\u016fr Zv\u00ed\u0159etice\" \/>\n<meta property=\"og:description\" content=\"Aktu\u00e1ln\u011b m\u00e1me otev\u0159eno ve \u010dtvrtek, v p\u00e1tek, v sobotu a v ned\u011bli. M\u016f\u017eete si u n\u00e1s u\u017e\u00edt pohodu od 10 do 18 hodin! Od p\u00e1tku 11. dubna &#8211; Velikono\u010dn\u00ed v\u00fdstava zdoben\u00fdch pern\u00edk\u016f a kraslic (v otev\u00edrac\u00ed dob\u011b: \u010ct-Ne: 10-18 hod.) Pro aktu\u00e1ln\u00ed informace k denn\u00edmu provozu Hrn\u010d\u00ed\u0159sk\u00e9ho dvoru Zv\u00ed\u0159etice sledujte n\u00e1\u0161 Facebook a Instagram.\" \/>\n<meta property=\"og:url\" content=\"https:\/\/hrncirskydvurzviretice.cz\/de\/aktuality\/\" \/>\n<meta property=\"og:site_name\" content=\"Hrn\u010d\u00ed\u0159sk\u00fd dv\u016fr Zv\u00ed\u0159etice\" \/>\n<meta property=\"article:modified_time\" content=\"2025-04-09T11:41:14+00:00\" \/>\n<meta property=\"og:image\" content=\"https:\/\/hrncirskydvurzviretice.cz\/wp-content\/uploads\/2025\/04\/191-ku-1-FOMRA-PERNIK-2-1024x577.jpg\" \/>\n<meta name=\"twitter:card\" content=\"summary_large_image\" \/>\n<meta name=\"twitter:label1\" content=\"Gesch\u00e4tzte Lesezeit\" \/>\n\t<meta name=\"twitter:data1\" content=\"1\u00a0Minute\" \/>\n<script type=\"application\/ld+json\" class=\"yoast-schema-graph\">{\"@context\":\"https:\\\/\\\/schema.org\",\"@graph\":[{\"@type\":\"WebPage\",\"@id\":\"https:\\\/\\\/hrncirskydvurzviretice.cz\\\/aktuality\\\/\",\"url\":\"https:\\\/\\\/hrncirskydvurzviretice.cz\\\/aktuality\\\/\",\"name\":\"Aktuality - Hrn\u010d\u00ed\u0159sk\u00fd dv\u016fr Zv\u00ed\u0159etice\",\"isPartOf\":{\"@id\":\"https:\\\/\\\/hrncirskydvurzviretice.cz\\\/#website\"},\"primaryImageOfPage\":{\"@id\":\"https:\\\/\\\/hrncirskydvurzviretice.cz\\\/aktuality\\\/#primaryimage\"},\"image\":{\"@id\":\"https:\\\/\\\/hrncirskydvurzviretice.cz\\\/aktuality\\\/#primaryimage\"},\"thumbnailUrl\":\"https:\\\/\\\/hrncirskydvurzviretice.cz\\\/wp-content\\\/uploads\\\/2025\\\/04\\\/191-ku-1-FOMRA-PERNIK-2-1024x577.jpg\",\"datePublished\":\"2024-05-24T02:24:09+00:00\",\"dateModified\":\"2025-04-09T11:41:14+00:00\",\"breadcrumb\":{\"@id\":\"https:\\\/\\\/hrncirskydvurzviretice.cz\\\/aktuality\\\/#breadcrumb\"},\"inLanguage\":\"de\",\"potentialAction\":[{\"@type\":\"ReadAction\",\"target\":[\"https:\\\/\\\/hrncirskydvurzviretice.cz\\\/aktuality\\\/\"]}]},{\"@type\":\"ImageObject\",\"inLanguage\":\"de\",\"@id\":\"https:\\\/\\\/hrncirskydvurzviretice.cz\\\/aktuality\\\/#primaryimage\",\"url\":\"https:\\\/\\\/hrncirskydvurzviretice.cz\\\/wp-content\\\/uploads\\\/2025\\\/04\\\/191-ku-1-FOMRA-PERNIK-2-1024x577.jpg\",\"contentUrl\":\"https:\\\/\\\/hrncirskydvurzviretice.cz\\\/wp-content\\\/uploads\\\/2025\\\/04\\\/191-ku-1-FOMRA-PERNIK-2-1024x577.jpg\"},{\"@type\":\"BreadcrumbList\",\"@id\":\"https:\\\/\\\/hrncirskydvurzviretice.cz\\\/aktuality\\\/#breadcrumb\",\"itemListElement\":[{\"@type\":\"ListItem\",\"position\":1,\"name\":\"Dom\u016f\",\"item\":\"https:\\\/\\\/hrncirskydvurzviretice.cz\\\/\"},{\"@type\":\"ListItem\",\"position\":2,\"name\":\"Aktuality\"}]},{\"@type\":\"WebSite\",\"@id\":\"https:\\\/\\\/hrncirskydvurzviretice.cz\\\/#website\",\"url\":\"https:\\\/\\\/hrncirskydvurzviretice.cz\\\/\",\"name\":\"Hrn\u010d\u00ed\u0159sk\u00fd dv\u016fr Zv\u00ed\u0159etice\",\"description\":\"\",\"potentialAction\":[{\"@type\":\"SearchAction\",\"target\":{\"@type\":\"EntryPoint\",\"urlTemplate\":\"https:\\\/\\\/hrncirskydvurzviretice.cz\\\/?s={search_term_string}\"},\"query-input\":{\"@type\":\"PropertyValueSpecification\",\"valueRequired\":true,\"valueName\":\"search_term_string\"}}],\"inLanguage\":\"de\"}]}<\/script>\n<!-- \/ Yoast SEO plugin. -->","yoast_head_json":{"title":"Aktuality - Hrn\u010d\u00ed\u0159sk\u00fd dv\u016fr Zv\u00ed\u0159etice","robots":{"index":"index","follow":"follow","max-snippet":"max-snippet:-1","max-image-preview":"max-image-preview:large","max-video-preview":"max-video-preview:-1"},"canonical":"https:\/\/hrncirskydvurzviretice.cz\/de\/aktuality\/","og_locale":"de_DE","og_type":"article","og_title":"Aktuality - Hrn\u010d\u00ed\u0159sk\u00fd dv\u016fr Zv\u00ed\u0159etice","og_description":"Aktu\u00e1ln\u011b m\u00e1me otev\u0159eno ve \u010dtvrtek, v p\u00e1tek, v sobotu a v ned\u011bli. M\u016f\u017eete si u n\u00e1s u\u017e\u00edt pohodu od 10 do 18 hodin! Od p\u00e1tku 11. dubna &#8211; Velikono\u010dn\u00ed v\u00fdstava zdoben\u00fdch pern\u00edk\u016f a kraslic (v otev\u00edrac\u00ed dob\u011b: \u010ct-Ne: 10-18 hod.) Pro aktu\u00e1ln\u00ed informace k denn\u00edmu provozu Hrn\u010d\u00ed\u0159sk\u00e9ho dvoru Zv\u00ed\u0159etice sledujte n\u00e1\u0161 Facebook a Instagram.","og_url":"https:\/\/hrncirskydvurzviretice.cz\/de\/aktuality\/","og_site_name":"Hrn\u010d\u00ed\u0159sk\u00fd dv\u016fr Zv\u00ed\u0159etice","article_modified_time":"2025-04-09T11:41:14+00:00","og_image":[{"url":"https:\/\/hrncirskydvurzviretice.cz\/wp-content\/uploads\/2025\/04\/191-ku-1-FOMRA-PERNIK-2-1024x577.jpg","type":"","width":"","height":""}],"twitter_card":"summary_large_image","twitter_misc":{"Gesch\u00e4tzte Lesezeit":"1\u00a0Minute"},"schema":{"@context":"https:\/\/schema.org","@graph":[{"@type":"WebPage","@id":"https:\/\/hrncirskydvurzviretice.cz\/aktuality\/","url":"https:\/\/hrncirskydvurzviretice.cz\/aktuality\/","name":"Aktuality - Hrn\u010d\u00ed\u0159sk\u00fd dv\u016fr Zv\u00ed\u0159etice","isPartOf":{"@id":"https:\/\/hrncirskydvurzviretice.cz\/#website"},"primaryImageOfPage":{"@id":"https:\/\/hrncirskydvurzviretice.cz\/aktuality\/#primaryimage"},"image":{"@id":"https:\/\/hrncirskydvurzviretice.cz\/aktuality\/#primaryimage"},"thumbnailUrl":"https:\/\/hrncirskydvurzviretice.cz\/wp-content\/uploads\/2025\/04\/191-ku-1-FOMRA-PERNIK-2-1024x577.jpg","datePublished":"2024-05-24T02:24:09+00:00","dateModified":"2025-04-09T11:41:14+00:00","breadcrumb":{"@id":"https:\/\/hrncirskydvurzviretice.cz\/aktuality\/#breadcrumb"},"inLanguage":"de","potentialAction":[{"@type":"ReadAction","target":["https:\/\/hrncirskydvurzviretice.cz\/aktuality\/"]}]},{"@type":"ImageObject","inLanguage":"de","@id":"https:\/\/hrncirskydvurzviretice.cz\/aktuality\/#primaryimage","url":"https:\/\/hrncirskydvurzviretice.cz\/wp-content\/uploads\/2025\/04\/191-ku-1-FOMRA-PERNIK-2-1024x577.jpg","contentUrl":"https:\/\/hrncirskydvurzviretice.cz\/wp-content\/uploads\/2025\/04\/191-ku-1-FOMRA-PERNIK-2-1024x577.jpg"},{"@type":"BreadcrumbList","@id":"https:\/\/hrncirskydvurzviretice.cz\/aktuality\/#breadcrumb","itemListElement":[{"@type":"ListItem","position":1,"name":"Dom\u016f","item":"https:\/\/hrncirskydvurzviretice.cz\/"},{"@type":"ListItem","position":2,"name":"Aktuality"}]},{"@type":"WebSite","@id":"https:\/\/hrncirskydvurzviretice.cz\/#website","url":"https:\/\/hrncirskydvurzviretice.cz\/","name":"T\u00f6pferhof Zv\u00ed\u0159etice","description":"","potentialAction":[{"@type":"SearchAction","target":{"@type":"EntryPoint","urlTemplate":"https:\/\/hrncirskydvurzviretice.cz\/?s={search_term_string}"},"query-input":{"@type":"PropertyValueSpecification","valueRequired":true,"valueName":"search_term_string"}}],"inLanguage":"de"}]}},"uagb_featured_image_src":{"full":false,"thumbnail":false,"medium":false,"medium_large":false,"large":false,"1536x1536":false,"2048x2048":false,"trp-custom-language-flag":false},"uagb_author_info":{"display_name":"admin","author_link":"https:\/\/hrncirskydvurzviretice.cz\/de\/author\/jkriz\/"},"uagb_comment_info":0,"uagb_excerpt":"Aktu\u00e1ln\u011b m\u00e1me otev\u0159eno ve \u010dtvrtek, v p\u00e1tek, v sobotu a v ned\u011bli. M\u016f\u017eete si u n\u00e1s u\u017e\u00edt pohodu od 10 do 18 hodin! Od p\u00e1tku 11. dubna &#8211; Velikono\u010dn\u00ed v\u00fdstava zdoben\u00fdch pern\u00edk\u016f a kraslic (v otev\u00edrac\u00ed dob\u011b: \u010ct-Ne: 10-18 hod.) Pro aktu\u00e1ln\u00ed informace k denn\u00edmu provozu Hrn\u010d\u00ed\u0159sk\u00e9ho dvoru Zv\u00ed\u0159etice sledujte n\u00e1\u0161 Facebook a Instagram.","jetpack_sharing_enabled":true,"_links":{"self":[{"href":"https:\/\/hrncirskydvurzviretice.cz\/de\/wp-json\/wp\/v2\/pages\/1395","targetHints":{"allow":["GET"]}}],"collection":[{"href":"https:\/\/hrncirskydvurzviretice.cz\/de\/wp-json\/wp\/v2\/pages"}],"about":[{"href":"https:\/\/hrncirskydvurzviretice.cz\/de\/wp-json\/wp\/v2\/types\/page"}],"author":[{"embeddable":true,"href":"https:\/\/hrncirskydvurzviretice.cz\/de\/wp-json\/wp\/v2\/users\/1"}],"replies":[{"embeddable":true,"href":"https:\/\/hrncirskydvurzviretice.cz\/de\/wp-json\/wp\/v2\/comments?post=1395"}],"version-history":[{"count":58,"href":"https:\/\/hrncirskydvurzviretice.cz\/de\/wp-json\/wp\/v2\/pages\/1395\/revisions"}],"predecessor-version":[{"id":2453,"href":"https:\/\/hrncirskydvurzviretice.cz\/de\/wp-json\/wp\/v2\/pages\/1395\/revisions\/2453"}],"wp:attachment":[{"href":"https:\/\/hrncirskydvurzviretice.cz\/de\/wp-json\/wp\/v2\/media?parent=1395"}],"curies":[{"name":"wp","href":"https:\/\/api.w.org\/{rel}","templated":true}]}}