{"id":1388,"date":"2024-05-24T02:22:29","date_gmt":"2024-05-24T02:22:29","guid":{"rendered":"https:\/\/upbeat-ritchie.109-205-182-233.plesk.page\/?page_id=1388"},"modified":"2025-12-09T13:59:20","modified_gmt":"2025-12-09T12:59:20","slug":"keramika","status":"publish","type":"page","link":"https:\/\/hrncirskydvurzviretice.cz\/de\/keramika\/","title":{"rendered":"Keramik"},"content":{"rendered":"<p>Der T\u00f6pferhof Zv\u00ed\u0159etice besch\u00e4ftigt sich mit der traditionellen Herstellung von T\u00f6pferwaren. Die T\u00f6pferwaren werden mit traditionellen T\u00f6pfermethoden, der so genannten \u201efreien Hand\u201c, auf der T\u00f6pferscheibe hergestellt. Die Produkte werden von Hand verziert und in Elektro\u00f6fen gebrannt. Die Qualit\u00e4t der Scherben erreicht das Niveau von Steingut. Im Jahr 1997 brachte das Unternehmen eine Kollektion unter dem Namen&nbsp;<strong>Zv\u00ed\u0159etice Volkskeramik&nbsp;<\/strong>die zu einem typischen Erzeugnis der Region Bakov geworden ist. Eine weitere Kollektion neben der volkst\u00fcmlichen Kollektion wird unter dem Namen Zv\u00ed\u0159etice-Keramik vermarktet.<\/p>\n\n\n\n<p>Krom\u011b hrn\u010d\u00ed\u0159sk\u00e9 d\u00edlny s\u00a0tradi\u010dn\u00ed v\u00fdrobou keramiky je sou\u010d\u00e1st\u00ed Hrn\u010d\u00ed\u0159sk\u00e9ho dvoru Zv\u00ed\u0159etice tak\u00e9 kreativn\u00ed centrum, kter\u00e9 po\u0159\u00e1d\u00e1 t\u00e9matick\u00e9 akce, setk\u00e1n\u00ed a workshopy.<br><br>M\u00e1te vlastn\u00ed p\u0159edstavu o keramice, p\u0159em\u00fd\u0161l\u00edte nad origin\u00e1ln\u00ed v\u00fdzdobou, firemn\u00edmi d\u00e1rky nebo pot\u0159ebujete n\u011bco vyrobit na m\u00edru?<br>R\u00e1di v\u00e1m vyjdeme vst\u0159\u00edc \u2013 <strong>sta\u010d\u00ed kontaktovat kolegyni M\u00ed\u0161u na telefon \u202a+420\u00a0721\u00a0238\u00a0431<\/strong>.<\/p>\n\n\n\n<div style=\"height:100px\" aria-hidden=\"true\" class=\"wp-block-spacer\"><\/div>\n\n\n\n<figure class=\"wp-block-gallery has-nested-images columns-default is-cropped is-style-rectangular wp-block-gallery-1 is-layout-flex wp-block-gallery-is-layout-flex\">\n<figure class=\"wp-block-image size-large\"><img loading=\"lazy\" decoding=\"async\" width=\"768\" height=\"1024\" data-id=\"1713\" src=\"https:\/\/hrncirskydvurzviretice.cz\/wp-content\/uploads\/2024\/06\/WhatsApp-Image-2024-06-19-at-23.52.44-1-768x1024.jpeg\" alt=\"\" class=\"wp-image-1713\" srcset=\"https:\/\/hrncirskydvurzviretice.cz\/wp-content\/uploads\/2024\/06\/WhatsApp-Image-2024-06-19-at-23.52.44-1-768x1024.jpeg 768w, https:\/\/hrncirskydvurzviretice.cz\/wp-content\/uploads\/2024\/06\/WhatsApp-Image-2024-06-19-at-23.52.44-1-225x300.jpeg 225w, https:\/\/hrncirskydvurzviretice.cz\/wp-content\/uploads\/2024\/06\/WhatsApp-Image-2024-06-19-at-23.52.44-1-1152x1536.jpeg 1152w, https:\/\/hrncirskydvurzviretice.cz\/wp-content\/uploads\/2024\/06\/WhatsApp-Image-2024-06-19-at-23.52.44-1.jpeg 1536w\" sizes=\"auto, (max-width: 768px) 100vw, 768px\" \/><\/figure>\n\n\n\n<figure class=\"wp-block-image size-large\"><img loading=\"lazy\" decoding=\"async\" width=\"768\" height=\"1024\" data-id=\"1715\" src=\"https:\/\/hrncirskydvurzviretice.cz\/wp-content\/uploads\/2024\/06\/WhatsApp-Image-2024-06-19-at-23.52.44-768x1024.jpeg\" alt=\"\" class=\"wp-image-1715\" srcset=\"https:\/\/hrncirskydvurzviretice.cz\/wp-content\/uploads\/2024\/06\/WhatsApp-Image-2024-06-19-at-23.52.44-768x1024.jpeg 768w, https:\/\/hrncirskydvurzviretice.cz\/wp-content\/uploads\/2024\/06\/WhatsApp-Image-2024-06-19-at-23.52.44-225x300.jpeg 225w, https:\/\/hrncirskydvurzviretice.cz\/wp-content\/uploads\/2024\/06\/WhatsApp-Image-2024-06-19-at-23.52.44-1152x1536.jpeg 1152w, https:\/\/hrncirskydvurzviretice.cz\/wp-content\/uploads\/2024\/06\/WhatsApp-Image-2024-06-19-at-23.52.44.jpeg 1536w\" sizes=\"auto, (max-width: 768px) 100vw, 768px\" \/><\/figure>\n\n\n\n<figure class=\"wp-block-image size-large\"><img loading=\"lazy\" decoding=\"async\" width=\"768\" height=\"1024\" data-id=\"1714\" src=\"https:\/\/hrncirskydvurzviretice.cz\/wp-content\/uploads\/2024\/06\/WhatsApp-Image-2024-06-19-at-23.52.45-768x1024.jpeg\" alt=\"\" class=\"wp-image-1714\" srcset=\"https:\/\/hrncirskydvurzviretice.cz\/wp-content\/uploads\/2024\/06\/WhatsApp-Image-2024-06-19-at-23.52.45-768x1024.jpeg 768w, https:\/\/hrncirskydvurzviretice.cz\/wp-content\/uploads\/2024\/06\/WhatsApp-Image-2024-06-19-at-23.52.45-225x300.jpeg 225w, https:\/\/hrncirskydvurzviretice.cz\/wp-content\/uploads\/2024\/06\/WhatsApp-Image-2024-06-19-at-23.52.45-1152x1536.jpeg 1152w, https:\/\/hrncirskydvurzviretice.cz\/wp-content\/uploads\/2024\/06\/WhatsApp-Image-2024-06-19-at-23.52.45.jpeg 1536w\" sizes=\"auto, (max-width: 768px) 100vw, 768px\" \/><\/figure>\n\n\n\n<figure class=\"wp-block-image size-large\"><img loading=\"lazy\" decoding=\"async\" width=\"683\" height=\"1024\" data-id=\"2576\" src=\"https:\/\/hrncirskydvurzviretice.cz\/wp-content\/uploads\/2025\/06\/JIT_6300-1-683x1024.jpg\" alt=\"\" class=\"wp-image-2576\" srcset=\"https:\/\/hrncirskydvurzviretice.cz\/wp-content\/uploads\/2025\/06\/JIT_6300-1-683x1024.jpg 683w, https:\/\/hrncirskydvurzviretice.cz\/wp-content\/uploads\/2025\/06\/JIT_6300-1-200x300.jpg 200w, https:\/\/hrncirskydvurzviretice.cz\/wp-content\/uploads\/2025\/06\/JIT_6300-1-768x1152.jpg 768w, https:\/\/hrncirskydvurzviretice.cz\/wp-content\/uploads\/2025\/06\/JIT_6300-1.jpg 912w\" sizes=\"auto, (max-width: 683px) 100vw, 683px\" \/><\/figure>\n\n\n\n<figure class=\"wp-block-image size-large\"><img loading=\"lazy\" decoding=\"async\" width=\"683\" height=\"1024\" data-id=\"2575\" src=\"https:\/\/hrncirskydvurzviretice.cz\/wp-content\/uploads\/2025\/06\/JIT_6310-1-683x1024.jpg\" alt=\"\" class=\"wp-image-2575\" srcset=\"https:\/\/hrncirskydvurzviretice.cz\/wp-content\/uploads\/2025\/06\/JIT_6310-1-683x1024.jpg 683w, https:\/\/hrncirskydvurzviretice.cz\/wp-content\/uploads\/2025\/06\/JIT_6310-1-200x300.jpg 200w, https:\/\/hrncirskydvurzviretice.cz\/wp-content\/uploads\/2025\/06\/JIT_6310-1-768x1152.jpg 768w, https:\/\/hrncirskydvurzviretice.cz\/wp-content\/uploads\/2025\/06\/JIT_6310-1.jpg 912w\" sizes=\"auto, (max-width: 683px) 100vw, 683px\" \/><\/figure>\n\n\n\n<figure class=\"wp-block-image size-large\"><img loading=\"lazy\" decoding=\"async\" width=\"683\" height=\"1024\" data-id=\"2577\" src=\"https:\/\/hrncirskydvurzviretice.cz\/wp-content\/uploads\/2025\/06\/JIT_6306-1-683x1024.jpg\" alt=\"\" class=\"wp-image-2577\" srcset=\"https:\/\/hrncirskydvurzviretice.cz\/wp-content\/uploads\/2025\/06\/JIT_6306-1-683x1024.jpg 683w, https:\/\/hrncirskydvurzviretice.cz\/wp-content\/uploads\/2025\/06\/JIT_6306-1-200x300.jpg 200w, https:\/\/hrncirskydvurzviretice.cz\/wp-content\/uploads\/2025\/06\/JIT_6306-1-768x1152.jpg 768w, https:\/\/hrncirskydvurzviretice.cz\/wp-content\/uploads\/2025\/06\/JIT_6306-1.jpg 912w\" sizes=\"auto, (max-width: 683px) 100vw, 683px\" \/><\/figure>\n<\/figure>\n\n\n\n<figure class=\"wp-block-gallery has-nested-images columns-default is-cropped wp-block-gallery-2 is-layout-flex wp-block-gallery-is-layout-flex\">\n<figure class=\"wp-block-image size-large\"><img loading=\"lazy\" decoding=\"async\" width=\"569\" height=\"1024\" data-id=\"1539\" src=\"https:\/\/hrncirskydvurzviretice.cz\/wp-content\/uploads\/2024\/06\/HrncirskydvurZviretice52-1-1-569x1024.jpg\" alt=\"\" class=\"wp-image-1539\" srcset=\"https:\/\/hrncirskydvurzviretice.cz\/wp-content\/uploads\/2024\/06\/HrncirskydvurZviretice52-1-1-569x1024.jpg 569w, https:\/\/hrncirskydvurzviretice.cz\/wp-content\/uploads\/2024\/06\/HrncirskydvurZviretice52-1-1-167x300.jpg 167w, https:\/\/hrncirskydvurzviretice.cz\/wp-content\/uploads\/2024\/06\/HrncirskydvurZviretice52-1-1.jpg 667w\" sizes=\"auto, (max-width: 569px) 100vw, 569px\" \/><\/figure>\n\n\n\n<figure class=\"wp-block-image size-large\"><img loading=\"lazy\" decoding=\"async\" width=\"683\" height=\"1024\" data-id=\"1540\" src=\"https:\/\/hrncirskydvurzviretice.cz\/wp-content\/uploads\/2024\/06\/HrncirskydvurZviretice71-1-683x1024.jpg\" alt=\"\" class=\"wp-image-1540\" srcset=\"https:\/\/hrncirskydvurzviretice.cz\/wp-content\/uploads\/2024\/06\/HrncirskydvurZviretice71-1-683x1024.jpg 683w, https:\/\/hrncirskydvurzviretice.cz\/wp-content\/uploads\/2024\/06\/HrncirskydvurZviretice71-1-200x300.jpg 200w, https:\/\/hrncirskydvurzviretice.cz\/wp-content\/uploads\/2024\/06\/HrncirskydvurZviretice71-1-768x1152.jpg 768w, https:\/\/hrncirskydvurzviretice.cz\/wp-content\/uploads\/2024\/06\/HrncirskydvurZviretice71-1.jpg 800w\" sizes=\"auto, (max-width: 683px) 100vw, 683px\" \/><\/figure>\n\n\n\n<figure class=\"wp-block-image size-large\"><img loading=\"lazy\" decoding=\"async\" width=\"683\" height=\"1024\" data-id=\"1538\" src=\"https:\/\/hrncirskydvurzviretice.cz\/wp-content\/uploads\/2024\/06\/HrncirskydvurZviretice98-1-683x1024.jpg\" alt=\"\" class=\"wp-image-1538\" srcset=\"https:\/\/hrncirskydvurzviretice.cz\/wp-content\/uploads\/2024\/06\/HrncirskydvurZviretice98-1-683x1024.jpg 683w, https:\/\/hrncirskydvurzviretice.cz\/wp-content\/uploads\/2024\/06\/HrncirskydvurZviretice98-1-200x300.jpg 200w, https:\/\/hrncirskydvurzviretice.cz\/wp-content\/uploads\/2024\/06\/HrncirskydvurZviretice98-1-768x1152.jpg 768w, https:\/\/hrncirskydvurzviretice.cz\/wp-content\/uploads\/2024\/06\/HrncirskydvurZviretice98-1.jpg 800w\" sizes=\"auto, (max-width: 683px) 100vw, 683px\" \/><\/figure>\n<\/figure>\n\n\n\n<figure class=\"wp-block-gallery has-nested-images columns-default is-cropped wp-block-gallery-3 is-layout-flex wp-block-gallery-is-layout-flex\">\n<figure class=\"wp-block-image size-large\"><img loading=\"lazy\" decoding=\"async\" width=\"683\" height=\"1024\" data-id=\"1543\" src=\"https:\/\/hrncirskydvurzviretice.cz\/wp-content\/uploads\/2024\/06\/HrncirskydvurZviretice48-1-683x1024.jpg\" alt=\"\" class=\"wp-image-1543\" srcset=\"https:\/\/hrncirskydvurzviretice.cz\/wp-content\/uploads\/2024\/06\/HrncirskydvurZviretice48-1-683x1024.jpg 683w, https:\/\/hrncirskydvurzviretice.cz\/wp-content\/uploads\/2024\/06\/HrncirskydvurZviretice48-1-200x300.jpg 200w, https:\/\/hrncirskydvurzviretice.cz\/wp-content\/uploads\/2024\/06\/HrncirskydvurZviretice48-1-768x1152.jpg 768w, https:\/\/hrncirskydvurzviretice.cz\/wp-content\/uploads\/2024\/06\/HrncirskydvurZviretice48-1.jpg 800w\" sizes=\"auto, (max-width: 683px) 100vw, 683px\" \/><\/figure>\n\n\n\n<figure class=\"wp-block-image size-large\"><img loading=\"lazy\" decoding=\"async\" width=\"683\" height=\"1024\" data-id=\"1541\" src=\"https:\/\/hrncirskydvurzviretice.cz\/wp-content\/uploads\/2024\/06\/HrncirskydvurZviretice56-1-683x1024.jpg\" alt=\"\" class=\"wp-image-1541\" srcset=\"https:\/\/hrncirskydvurzviretice.cz\/wp-content\/uploads\/2024\/06\/HrncirskydvurZviretice56-1-683x1024.jpg 683w, https:\/\/hrncirskydvurzviretice.cz\/wp-content\/uploads\/2024\/06\/HrncirskydvurZviretice56-1-200x300.jpg 200w, https:\/\/hrncirskydvurzviretice.cz\/wp-content\/uploads\/2024\/06\/HrncirskydvurZviretice56-1-768x1152.jpg 768w, https:\/\/hrncirskydvurzviretice.cz\/wp-content\/uploads\/2024\/06\/HrncirskydvurZviretice56-1.jpg 800w\" sizes=\"auto, (max-width: 683px) 100vw, 683px\" \/><\/figure>\n\n\n\n<figure class=\"wp-block-image size-large\"><img loading=\"lazy\" decoding=\"async\" width=\"683\" height=\"1024\" data-id=\"1542\" src=\"https:\/\/hrncirskydvurzviretice.cz\/wp-content\/uploads\/2024\/06\/HrncirskydvurZviretice92-1-683x1024.jpg\" alt=\"\" class=\"wp-image-1542\" srcset=\"https:\/\/hrncirskydvurzviretice.cz\/wp-content\/uploads\/2024\/06\/HrncirskydvurZviretice92-1-683x1024.jpg 683w, https:\/\/hrncirskydvurzviretice.cz\/wp-content\/uploads\/2024\/06\/HrncirskydvurZviretice92-1-200x300.jpg 200w, https:\/\/hrncirskydvurzviretice.cz\/wp-content\/uploads\/2024\/06\/HrncirskydvurZviretice92-1-768x1152.jpg 768w, https:\/\/hrncirskydvurzviretice.cz\/wp-content\/uploads\/2024\/06\/HrncirskydvurZviretice92-1.jpg 800w\" sizes=\"auto, (max-width: 683px) 100vw, 683px\" \/><\/figure>\n<\/figure>\n\n\n\n<div class=\"wp-block-cover aligncenter\" style=\"min-height:100vh;aspect-ratio:unset;\"><video class=\"wp-block-cover__video-background intrinsic-ignore\" autoplay muted loop playsinline src=\"https:\/\/hrncirskydvurzviretice.cz\/wp-content\/uploads\/2024\/06\/WhatsApp-Video-2024-06-20-at-22.43.52.mp4\" style=\"object-position:50% 50%\" data-object-fit=\"cover\" data-object-position=\"50% 50%\"><\/video><span aria-hidden=\"true\" class=\"wp-block-cover__background has-background-dim\"><\/span><div class=\"wp-block-cover__inner-container is-layout-flow wp-block-cover-is-layout-flow\">\n<p class=\"has-text-align-center has-large-font-size\"><\/p>\n<\/div><\/div>","protected":false},"excerpt":{"rendered":"<p>Hrn\u010d\u00ed\u0159sk\u00fd dv\u016fr Zv\u00ed\u0159etice se zab\u00fdv\u00e1 tradi\u010dn\u00ed v\u00fdrobou keramiky. Keramika je vyr\u00e1b\u011bna tradi\u010dn\u00edmi hrn\u010d\u00ed\u0159sk\u00fdmi postupy tzv. \u201ez voln\u00e9 ruky\u201c na hrn\u010d\u00ed\u0159sk\u00e9m kruhu. V\u00fdrobky jsou ru\u010dn\u011b dekorov\u00e1ny a v\u00fdpal je prov\u00e1d\u011bn v elektrick\u00fdch pec\u00edch. Kvalitou st\u0159epu je dosahov\u00e1no \u00farovn\u011b kameniny. V roce 1997 firma uvedla na trh kolekci pod n\u00e1zvem&nbsp;Zv\u00ed\u0159etick\u00e1 lidov\u00e1 keramika&nbsp;kter\u00e1 se stala typick\u00fdm zbo\u017e\u00edm Bakovsk\u00e9ho [&hellip;]<\/p>","protected":false},"author":1,"featured_media":0,"parent":0,"menu_order":0,"comment_status":"closed","ping_status":"closed","template":"","meta":{"_uag_custom_page_level_css":"","site-sidebar-layout":"default","site-content-layout":"","ast-site-content-layout":"default","site-content-style":"default","site-sidebar-style":"default","ast-global-header-display":"","ast-banner-title-visibility":"","ast-main-header-display":"","ast-hfb-above-header-display":"","ast-hfb-below-header-display":"","ast-hfb-mobile-header-display":"","site-post-title":"","ast-breadcrumbs-content":"","ast-featured-img":"","footer-sml-layout":"","theme-transparent-header-meta":"","adv-header-id-meta":"","stick-header-meta":"","header-above-stick-meta":"","header-main-stick-meta":"","header-below-stick-meta":"","astra-migrate-meta-layouts":"set","ast-page-background-enabled":"default","ast-page-background-meta":{"desktop":{"background-color":"","background-image":"","background-repeat":"repeat","background-position":"center center","background-size":"auto","background-attachment":"scroll","background-type":"","background-media":"","overlay-type":"","overlay-color":"","overlay-opacity":"","overlay-gradient":""},"tablet":{"background-color":"","background-image":"","background-repeat":"repeat","background-position":"center center","background-size":"auto","background-attachment":"scroll","background-type":"","background-media":"","overlay-type":"","overlay-color":"","overlay-opacity":"","overlay-gradient":""},"mobile":{"background-color":"","background-image":"","background-repeat":"repeat","background-position":"center center","background-size":"auto","background-attachment":"scroll","background-type":"","background-media":"","overlay-type":"","overlay-color":"","overlay-opacity":"","overlay-gradient":""}},"ast-content-background-meta":{"desktop":{"background-color":"var(--ast-global-color-5)","background-image":"","background-repeat":"repeat","background-position":"center center","background-size":"auto","background-attachment":"scroll","background-type":"","background-media":"","overlay-type":"","overlay-color":"","overlay-opacity":"","overlay-gradient":""},"tablet":{"background-color":"var(--ast-global-color-5)","background-image":"","background-repeat":"repeat","background-position":"center center","background-size":"auto","background-attachment":"scroll","background-type":"","background-media":"","overlay-type":"","overlay-color":"","overlay-opacity":"","overlay-gradient":""},"mobile":{"background-color":"var(--ast-global-color-5)","background-image":"","background-repeat":"repeat","background-position":"center center","background-size":"auto","background-attachment":"scroll","background-type":"","background-media":"","overlay-type":"","overlay-color":"","overlay-opacity":"","overlay-gradient":""}},"footnotes":""},"class_list":["post-1388","page","type-page","status-publish","hentry"],"yoast_head":"<!-- This site is optimized with the Yoast SEO plugin v27.4 - https:\/\/yoast.com\/product\/yoast-seo-wordpress\/ -->\n<title>Keramika - Hrn\u010d\u00ed\u0159sk\u00fd dv\u016fr Zv\u00ed\u0159etice<\/title>\n<meta name=\"robots\" content=\"index, follow, max-snippet:-1, max-image-preview:large, max-video-preview:-1\" \/>\n<link rel=\"canonical\" href=\"https:\/\/hrncirskydvurzviretice.cz\/de\/keramika\/\" \/>\n<meta property=\"og:locale\" content=\"de_DE\" \/>\n<meta property=\"og:type\" content=\"article\" \/>\n<meta property=\"og:title\" content=\"Keramika - Hrn\u010d\u00ed\u0159sk\u00fd dv\u016fr Zv\u00ed\u0159etice\" \/>\n<meta property=\"og:description\" content=\"Hrn\u010d\u00ed\u0159sk\u00fd dv\u016fr Zv\u00ed\u0159etice se zab\u00fdv\u00e1 tradi\u010dn\u00ed v\u00fdrobou keramiky. Keramika je vyr\u00e1b\u011bna tradi\u010dn\u00edmi hrn\u010d\u00ed\u0159sk\u00fdmi postupy tzv. \u201ez voln\u00e9 ruky\u201c na hrn\u010d\u00ed\u0159sk\u00e9m kruhu. V\u00fdrobky jsou ru\u010dn\u011b dekorov\u00e1ny a v\u00fdpal je prov\u00e1d\u011bn v elektrick\u00fdch pec\u00edch. Kvalitou st\u0159epu je dosahov\u00e1no \u00farovn\u011b kameniny. V roce 1997 firma uvedla na trh kolekci pod n\u00e1zvem&nbsp;Zv\u00ed\u0159etick\u00e1 lidov\u00e1 keramika&nbsp;kter\u00e1 se stala typick\u00fdm zbo\u017e\u00edm Bakovsk\u00e9ho [&hellip;]\" \/>\n<meta property=\"og:url\" content=\"https:\/\/hrncirskydvurzviretice.cz\/de\/keramika\/\" \/>\n<meta property=\"og:site_name\" content=\"Hrn\u010d\u00ed\u0159sk\u00fd dv\u016fr Zv\u00ed\u0159etice\" \/>\n<meta property=\"article:modified_time\" content=\"2025-12-09T12:59:20+00:00\" \/>\n<meta property=\"og:image\" content=\"https:\/\/hrncirskydvurzviretice.cz\/wp-content\/uploads\/2024\/06\/WhatsApp-Image-2024-06-19-at-23.52.44-1.jpeg\" \/>\n\t<meta property=\"og:image:width\" content=\"1536\" \/>\n\t<meta property=\"og:image:height\" content=\"2048\" \/>\n\t<meta property=\"og:image:type\" content=\"image\/jpeg\" \/>\n<meta name=\"twitter:card\" content=\"summary_large_image\" \/>\n<meta name=\"twitter:label1\" content=\"Gesch\u00e4tzte Lesezeit\" \/>\n\t<meta name=\"twitter:data1\" content=\"4\u00a0Minuten\" \/>\n<script type=\"application\/ld+json\" class=\"yoast-schema-graph\">{\"@context\":\"https:\\\/\\\/schema.org\",\"@graph\":[{\"@type\":\"WebPage\",\"@id\":\"https:\\\/\\\/hrncirskydvurzviretice.cz\\\/keramika\\\/\",\"url\":\"https:\\\/\\\/hrncirskydvurzviretice.cz\\\/keramika\\\/\",\"name\":\"Keramika - Hrn\u010d\u00ed\u0159sk\u00fd dv\u016fr Zv\u00ed\u0159etice\",\"isPartOf\":{\"@id\":\"https:\\\/\\\/hrncirskydvurzviretice.cz\\\/#website\"},\"primaryImageOfPage\":{\"@id\":\"https:\\\/\\\/hrncirskydvurzviretice.cz\\\/keramika\\\/#primaryimage\"},\"image\":{\"@id\":\"https:\\\/\\\/hrncirskydvurzviretice.cz\\\/keramika\\\/#primaryimage\"},\"thumbnailUrl\":\"https:\\\/\\\/hrncirskydvurzviretice.cz\\\/wp-content\\\/uploads\\\/2024\\\/06\\\/WhatsApp-Image-2024-06-19-at-23.52.44-1-768x1024.jpeg\",\"datePublished\":\"2024-05-24T02:22:29+00:00\",\"dateModified\":\"2025-12-09T12:59:20+00:00\",\"breadcrumb\":{\"@id\":\"https:\\\/\\\/hrncirskydvurzviretice.cz\\\/keramika\\\/#breadcrumb\"},\"inLanguage\":\"de\",\"potentialAction\":[{\"@type\":\"ReadAction\",\"target\":[\"https:\\\/\\\/hrncirskydvurzviretice.cz\\\/keramika\\\/\"]}]},{\"@type\":\"ImageObject\",\"inLanguage\":\"de\",\"@id\":\"https:\\\/\\\/hrncirskydvurzviretice.cz\\\/keramika\\\/#primaryimage\",\"url\":\"https:\\\/\\\/hrncirskydvurzviretice.cz\\\/wp-content\\\/uploads\\\/2024\\\/06\\\/WhatsApp-Image-2024-06-19-at-23.52.44-1-768x1024.jpeg\",\"contentUrl\":\"https:\\\/\\\/hrncirskydvurzviretice.cz\\\/wp-content\\\/uploads\\\/2024\\\/06\\\/WhatsApp-Image-2024-06-19-at-23.52.44-1-768x1024.jpeg\"},{\"@type\":\"BreadcrumbList\",\"@id\":\"https:\\\/\\\/hrncirskydvurzviretice.cz\\\/keramika\\\/#breadcrumb\",\"itemListElement\":[{\"@type\":\"ListItem\",\"position\":1,\"name\":\"Dom\u016f\",\"item\":\"https:\\\/\\\/hrncirskydvurzviretice.cz\\\/\"},{\"@type\":\"ListItem\",\"position\":2,\"name\":\"Keramika\"}]},{\"@type\":\"WebSite\",\"@id\":\"https:\\\/\\\/hrncirskydvurzviretice.cz\\\/#website\",\"url\":\"https:\\\/\\\/hrncirskydvurzviretice.cz\\\/\",\"name\":\"Hrn\u010d\u00ed\u0159sk\u00fd dv\u016fr Zv\u00ed\u0159etice\",\"description\":\"\",\"potentialAction\":[{\"@type\":\"SearchAction\",\"target\":{\"@type\":\"EntryPoint\",\"urlTemplate\":\"https:\\\/\\\/hrncirskydvurzviretice.cz\\\/?s={search_term_string}\"},\"query-input\":{\"@type\":\"PropertyValueSpecification\",\"valueRequired\":true,\"valueName\":\"search_term_string\"}}],\"inLanguage\":\"de\"}]}<\/script>\n<!-- \/ Yoast SEO plugin. -->","yoast_head_json":{"title":"Keramika - Hrn\u010d\u00ed\u0159sk\u00fd dv\u016fr Zv\u00ed\u0159etice","robots":{"index":"index","follow":"follow","max-snippet":"max-snippet:-1","max-image-preview":"max-image-preview:large","max-video-preview":"max-video-preview:-1"},"canonical":"https:\/\/hrncirskydvurzviretice.cz\/de\/keramika\/","og_locale":"de_DE","og_type":"article","og_title":"Keramika - Hrn\u010d\u00ed\u0159sk\u00fd dv\u016fr Zv\u00ed\u0159etice","og_description":"Hrn\u010d\u00ed\u0159sk\u00fd dv\u016fr Zv\u00ed\u0159etice se zab\u00fdv\u00e1 tradi\u010dn\u00ed v\u00fdrobou keramiky. Keramika je vyr\u00e1b\u011bna tradi\u010dn\u00edmi hrn\u010d\u00ed\u0159sk\u00fdmi postupy tzv. \u201ez voln\u00e9 ruky\u201c na hrn\u010d\u00ed\u0159sk\u00e9m kruhu. V\u00fdrobky jsou ru\u010dn\u011b dekorov\u00e1ny a v\u00fdpal je prov\u00e1d\u011bn v elektrick\u00fdch pec\u00edch. Kvalitou st\u0159epu je dosahov\u00e1no \u00farovn\u011b kameniny. V roce 1997 firma uvedla na trh kolekci pod n\u00e1zvem&nbsp;Zv\u00ed\u0159etick\u00e1 lidov\u00e1 keramika&nbsp;kter\u00e1 se stala typick\u00fdm zbo\u017e\u00edm Bakovsk\u00e9ho [&hellip;]","og_url":"https:\/\/hrncirskydvurzviretice.cz\/de\/keramika\/","og_site_name":"Hrn\u010d\u00ed\u0159sk\u00fd dv\u016fr Zv\u00ed\u0159etice","article_modified_time":"2025-12-09T12:59:20+00:00","og_image":[{"width":1536,"height":2048,"url":"https:\/\/hrncirskydvurzviretice.cz\/wp-content\/uploads\/2024\/06\/WhatsApp-Image-2024-06-19-at-23.52.44-1.jpeg","type":"image\/jpeg"}],"twitter_card":"summary_large_image","twitter_misc":{"Gesch\u00e4tzte Lesezeit":"4\u00a0Minuten"},"schema":{"@context":"https:\/\/schema.org","@graph":[{"@type":"WebPage","@id":"https:\/\/hrncirskydvurzviretice.cz\/keramika\/","url":"https:\/\/hrncirskydvurzviretice.cz\/keramika\/","name":"Keramika - Hrn\u010d\u00ed\u0159sk\u00fd dv\u016fr Zv\u00ed\u0159etice","isPartOf":{"@id":"https:\/\/hrncirskydvurzviretice.cz\/#website"},"primaryImageOfPage":{"@id":"https:\/\/hrncirskydvurzviretice.cz\/keramika\/#primaryimage"},"image":{"@id":"https:\/\/hrncirskydvurzviretice.cz\/keramika\/#primaryimage"},"thumbnailUrl":"https:\/\/hrncirskydvurzviretice.cz\/wp-content\/uploads\/2024\/06\/WhatsApp-Image-2024-06-19-at-23.52.44-1-768x1024.jpeg","datePublished":"2024-05-24T02:22:29+00:00","dateModified":"2025-12-09T12:59:20+00:00","breadcrumb":{"@id":"https:\/\/hrncirskydvurzviretice.cz\/keramika\/#breadcrumb"},"inLanguage":"de","potentialAction":[{"@type":"ReadAction","target":["https:\/\/hrncirskydvurzviretice.cz\/keramika\/"]}]},{"@type":"ImageObject","inLanguage":"de","@id":"https:\/\/hrncirskydvurzviretice.cz\/keramika\/#primaryimage","url":"https:\/\/hrncirskydvurzviretice.cz\/wp-content\/uploads\/2024\/06\/WhatsApp-Image-2024-06-19-at-23.52.44-1-768x1024.jpeg","contentUrl":"https:\/\/hrncirskydvurzviretice.cz\/wp-content\/uploads\/2024\/06\/WhatsApp-Image-2024-06-19-at-23.52.44-1-768x1024.jpeg"},{"@type":"BreadcrumbList","@id":"https:\/\/hrncirskydvurzviretice.cz\/keramika\/#breadcrumb","itemListElement":[{"@type":"ListItem","position":1,"name":"Dom\u016f","item":"https:\/\/hrncirskydvurzviretice.cz\/"},{"@type":"ListItem","position":2,"name":"Keramika"}]},{"@type":"WebSite","@id":"https:\/\/hrncirskydvurzviretice.cz\/#website","url":"https:\/\/hrncirskydvurzviretice.cz\/","name":"T\u00f6pferhof Zv\u00ed\u0159etice","description":"","potentialAction":[{"@type":"SearchAction","target":{"@type":"EntryPoint","urlTemplate":"https:\/\/hrncirskydvurzviretice.cz\/?s={search_term_string}"},"query-input":{"@type":"PropertyValueSpecification","valueRequired":true,"valueName":"search_term_string"}}],"inLanguage":"de"}]}},"uagb_featured_image_src":{"full":false,"thumbnail":false,"medium":false,"medium_large":false,"large":false,"1536x1536":false,"2048x2048":false,"trp-custom-language-flag":false},"uagb_author_info":{"display_name":"admin","author_link":"https:\/\/hrncirskydvurzviretice.cz\/de\/author\/jkriz\/"},"uagb_comment_info":0,"uagb_excerpt":"Hrn\u010d\u00ed\u0159sk\u00fd dv\u016fr Zv\u00ed\u0159etice se zab\u00fdv\u00e1 tradi\u010dn\u00ed v\u00fdrobou keramiky. Keramika je vyr\u00e1b\u011bna tradi\u010dn\u00edmi hrn\u010d\u00ed\u0159sk\u00fdmi postupy tzv. \u201ez voln\u00e9 ruky\u201c na hrn\u010d\u00ed\u0159sk\u00e9m kruhu. V\u00fdrobky jsou ru\u010dn\u011b dekorov\u00e1ny a v\u00fdpal je prov\u00e1d\u011bn v elektrick\u00fdch pec\u00edch. Kvalitou st\u0159epu je dosahov\u00e1no \u00farovn\u011b kameniny. V roce 1997 firma uvedla na trh kolekci pod n\u00e1zvem&nbsp;Zv\u00ed\u0159etick\u00e1 lidov\u00e1 keramika&nbsp;kter\u00e1 se stala typick\u00fdm zbo\u017e\u00edm Bakovsk\u00e9ho&hellip;","jetpack_sharing_enabled":true,"_links":{"self":[{"href":"https:\/\/hrncirskydvurzviretice.cz\/de\/wp-json\/wp\/v2\/pages\/1388","targetHints":{"allow":["GET"]}}],"collection":[{"href":"https:\/\/hrncirskydvurzviretice.cz\/de\/wp-json\/wp\/v2\/pages"}],"about":[{"href":"https:\/\/hrncirskydvurzviretice.cz\/de\/wp-json\/wp\/v2\/types\/page"}],"author":[{"embeddable":true,"href":"https:\/\/hrncirskydvurzviretice.cz\/de\/wp-json\/wp\/v2\/users\/1"}],"replies":[{"embeddable":true,"href":"https:\/\/hrncirskydvurzviretice.cz\/de\/wp-json\/wp\/v2\/comments?post=1388"}],"version-history":[{"count":10,"href":"https:\/\/hrncirskydvurzviretice.cz\/de\/wp-json\/wp\/v2\/pages\/1388\/revisions"}],"predecessor-version":[{"id":2850,"href":"https:\/\/hrncirskydvurzviretice.cz\/de\/wp-json\/wp\/v2\/pages\/1388\/revisions\/2850"}],"wp:attachment":[{"href":"https:\/\/hrncirskydvurzviretice.cz\/de\/wp-json\/wp\/v2\/media?parent=1388"}],"curies":[{"name":"wp","href":"https:\/\/api.w.org\/{rel}","templated":true}]}}